{"id":89,"date":"2024-11-07T08:16:26","date_gmt":"2024-11-07T08:16:26","guid":{"rendered":"https:\/\/museopaloautoyhdistys.fi\/?page_id=89"},"modified":"2026-01-08T19:37:02","modified_gmt":"2026-01-08T19:37:02","slug":"mercedes-benz-lf-1113-b-1973","status":"publish","type":"page","link":"https:\/\/museopaloautoyhdistys.fi\/?page_id=89","title":{"rendered":"Mercedes-Benz LF 1113 B, 1973"},"content":{"rendered":"\n<div class=\"wp-block-media-text is-stacked-on-mobile\" style=\"grid-template-columns:46% auto\"><figure class=\"wp-block-media-text__media\"><img loading=\"lazy\" decoding=\"async\" width=\"1024\" height=\"584\" src=\"https:\/\/museopaloautoyhdistys.fi\/wp-content\/uploads\/2024\/11\/Kuva-vuodelta-2024-1024x584.jpg\" alt=\"\" class=\"wp-image-90 size-full\" srcset=\"https:\/\/museopaloautoyhdistys.fi\/wp-content\/uploads\/2024\/11\/Kuva-vuodelta-2024-1024x584.jpg 1024w, https:\/\/museopaloautoyhdistys.fi\/wp-content\/uploads\/2024\/11\/Kuva-vuodelta-2024-300x171.jpg 300w, https:\/\/museopaloautoyhdistys.fi\/wp-content\/uploads\/2024\/11\/Kuva-vuodelta-2024-768x438.jpg 768w, https:\/\/museopaloautoyhdistys.fi\/wp-content\/uploads\/2024\/11\/Kuva-vuodelta-2024-1536x876.jpg 1536w, https:\/\/museopaloautoyhdistys.fi\/wp-content\/uploads\/2024\/11\/Kuva-vuodelta-2024-2048x1168.jpg 2048w\" sizes=\"auto, (max-width: 1024px) 100vw, 1024px\" \/><\/figure><div class=\"wp-block-media-text__content\">\n<p class=\"has-roboto-font-family has-extra-small-font-size\" style=\"line-height:1.3\"><strong>MERKKI,MALLI, VUOSIMALLI<\/strong><br>Mercedes-Benz, LF 1113 B \/ 4200, 1973<br><strong>REKISTERINUMERO<\/strong><br>TCN-161<br><strong>ALUSTAN VALMISTAJA<\/strong><br>Mercedes-Benz, La\u0308nsi-Saksa<br><strong>P\u00c4\u00c4LLIRAKENTEEN VALMISTAJA<\/strong><br>Veljekset Kulmala Oy<br><strong>KUNTO<\/strong><br>Hyv\u00e4, rekisteriss\u00e4, katsastettu<br>erikoisajoneuvoksi<br><strong>OMISTAJA<\/strong><br>Kauttuan Laitosturvallisuus Oy<br>\/ Vesa Nurminen 050-5557539<\/p>\n<\/div><\/div>\n\n\n\n<p class=\"has-roboto-font-family has-extra-small-font-size\" style=\"line-height:1.3\">Bensiinik\u00e4ytt\u00f6isten paloautojen valtakausi alkoi olla ohi 1970-luvun alkupuolella. Vuonna 1973 Euran kunta ja A. Ahlstr\u00f6m Oy Kauttuan Tehtaat p\u00e4\u00e4tyiv\u00e4tkin yhdess\u00e4 hankkimaan \u201dameriikanautojen\u201d sijasta l\u00e4nsisaksalaisen Diesel-Mersun. 1+7-paikkaisen, erillisell\u00e4 kalustokorilla varustetun paloauton p\u00e4\u00e4llirakenteet valmisti Veljekset Kulmala Oy.<br>Kunta luovutti auton 2.1.1974 Kauttuan Tehtaiden VPK:n k\u00e4ytt\u00f6\u00f6n. Mercedes oli tarkoitettu ensisijaisesti kunnan alueelta tuleviin h\u00e4lytyksiin, tehdasalueen h\u00e4lytyksiin oli k\u00e4yt\u00f6ss\u00e4 Ford-merkkinen paloauto.<\/p>\n\n\n\n<p class=\"has-roboto-font-family has-extra-small-font-size\" style=\"line-height:1.3\">Mersu edusti tekniikaltaan ja varustelultaan aikakautensa paloautojen k\u00e4rkikaartia. Diesel k\u00e4ytt\u00f6voimana osoittautui toimivaksi py\u00f6ritt\u00e4m\u00e4\u00e4n Paltor N3000-nokkapumppua. Irtoruiskuna oli Esa-30. Vett\u00e4 kulki mukana 2000 litraa.<br>Erikoisuutena oli auton katolla pystyyn nostettava suurtehoantenni, joka vahvisti Televa-paloradion kuuluvuutta.<br>Normaalin h\u00e4lytyskaluston lis\u00e4ksi autossa on edelleen Dr\u00e4ger-paineilmalaitteet. Patema-merkkisen h\u00e4lytyslaitteen lis\u00e4ksi autossa on paineilmalla toimiva h\u00e4lytystorvi.<\/p>\n\n\n\n<p class=\"has-roboto-font-family has-extra-small-font-size\" style=\"line-height:1.3\">Alun perin autossa oli kokomustat vanteet, punainen maalaus, my\u00f6hemmin vanteet maalattiin valko-musta-raidalliseksi ja valkoinen raita kiert\u00e4m\u00e4\u00e4n autoa.<\/p>\n\n\n\n<p class=\"has-roboto-font-family has-extra-small-font-size\" style=\"line-height:1.3\">Paloauton asemapaikkana oli A. Ahlstr\u00f6m Oy Kauttuan Tehtaiden paloasema, joka sijaitsi Kauttuan Paperitehtaan alueella. Vuonna 1992 Euraan rakennettiin uusi paloasema, jonne my\u00f6s auto siirtyi Kauttuan Tehtaiden VPK:n mukana.<br>Mersu toimi Kauttuan Tehtaiden VPK:n k\u00e4yt\u00f6ss\u00e4 vuoteen 2001 saakka, jolloin se luovutettiin Euran kunnan pelastustoimelle, ja asemapaikaksi tuli Honkilahden VPK:n paloasema.<\/p>\n\n\n\n<p class=\"has-roboto-font-family has-extra-small-font-size\" style=\"line-height:1.3\">Auton omistajaksi vuonna 2003 tullut Satakunnan Pelastuslaitos luovutti Honkilahden VPK:n k\u00e4yt\u00f6st\u00e4 auton takaisin Kauttuan Tehtaiden VPK:lle vuonna 2010. Sen j\u00e4lkeen auto ei ole en\u00e4\u00e4 ollut h\u00e4lytysk\u00e4yt\u00f6ss\u00e4. Vuonna 2022 Kauttuan Laitosturvallisuus Oy hankki auton omistukseensa.<\/p>\n\n\n\n<figure class=\"wp-block-gallery has-nested-images columns-default is-cropped wp-block-gallery-1 is-layout-flex wp-block-gallery-is-layout-flex\">\n<figure class=\"wp-block-image size-large\"><a href=\"https:\/\/museopaloautoyhdistys.fi\/?attachment_id=98\" target=\"_blank\" rel=\"noopener\"><img loading=\"lazy\" decoding=\"async\" width=\"1024\" height=\"768\" data-id=\"98\" src=\"https:\/\/museopaloautoyhdistys.fi\/wp-content\/uploads\/2024\/11\/Kuva-80-luvulta-1024x768.jpg\" alt=\"\" class=\"wp-image-98\" srcset=\"https:\/\/museopaloautoyhdistys.fi\/wp-content\/uploads\/2024\/11\/Kuva-80-luvulta-1024x768.jpg 1024w, https:\/\/museopaloautoyhdistys.fi\/wp-content\/uploads\/2024\/11\/Kuva-80-luvulta-300x225.jpg 300w, https:\/\/museopaloautoyhdistys.fi\/wp-content\/uploads\/2024\/11\/Kuva-80-luvulta-768x576.jpg 768w, https:\/\/museopaloautoyhdistys.fi\/wp-content\/uploads\/2024\/11\/Kuva-80-luvulta-1536x1152.jpg 1536w, https:\/\/museopaloautoyhdistys.fi\/wp-content\/uploads\/2024\/11\/Kuva-80-luvulta.jpg 1600w\" sizes=\"auto, (max-width: 1024px) 100vw, 1024px\" \/><\/a><\/figure>\n\n\n\n<figure class=\"wp-block-image size-large\"><a href=\"https:\/\/museopaloautoyhdistys.fi\/?attachment_id=100\" target=\"_blank\" rel=\"noopener\"><img loading=\"lazy\" decoding=\"async\" width=\"1024\" height=\"768\" data-id=\"100\" src=\"https:\/\/museopaloautoyhdistys.fi\/wp-content\/uploads\/2024\/11\/Sisakuva-1024x768.jpg\" alt=\"\" class=\"wp-image-100\" srcset=\"https:\/\/museopaloautoyhdistys.fi\/wp-content\/uploads\/2024\/11\/Sisakuva-1024x768.jpg 1024w, https:\/\/museopaloautoyhdistys.fi\/wp-content\/uploads\/2024\/11\/Sisakuva-300x225.jpg 300w, https:\/\/museopaloautoyhdistys.fi\/wp-content\/uploads\/2024\/11\/Sisakuva-768x576.jpg 768w, https:\/\/museopaloautoyhdistys.fi\/wp-content\/uploads\/2024\/11\/Sisakuva-1536x1152.jpg 1536w, https:\/\/museopaloautoyhdistys.fi\/wp-content\/uploads\/2024\/11\/Sisakuva-2048x1536.jpg 2048w\" sizes=\"auto, (max-width: 1024px) 100vw, 1024px\" \/><\/a><\/figure>\n\n\n\n<figure class=\"wp-block-image size-large\"><a href=\"https:\/\/museopaloautoyhdistys.fi\/?attachment_id=99\" target=\"_blank\" rel=\"noopener\"><img loading=\"lazy\" decoding=\"async\" width=\"1024\" height=\"768\" data-id=\"99\" src=\"https:\/\/museopaloautoyhdistys.fi\/wp-content\/uploads\/2024\/11\/Sisakuva_2-1024x768.jpg\" alt=\"\" class=\"wp-image-99\" srcset=\"https:\/\/museopaloautoyhdistys.fi\/wp-content\/uploads\/2024\/11\/Sisakuva_2-1024x768.jpg 1024w, https:\/\/museopaloautoyhdistys.fi\/wp-content\/uploads\/2024\/11\/Sisakuva_2-300x225.jpg 300w, https:\/\/museopaloautoyhdistys.fi\/wp-content\/uploads\/2024\/11\/Sisakuva_2-768x576.jpg 768w, https:\/\/museopaloautoyhdistys.fi\/wp-content\/uploads\/2024\/11\/Sisakuva_2-1536x1152.jpg 1536w, https:\/\/museopaloautoyhdistys.fi\/wp-content\/uploads\/2024\/11\/Sisakuva_2-2048x1536.jpg 2048w\" sizes=\"auto, (max-width: 1024px) 100vw, 1024px\" \/><\/a><\/figure>\n<\/figure>\n","protected":false},"excerpt":{"rendered":"<p>MERKKI,MALLI, VUOSIMALLIMercedes-Benz, LF 1113 B \/ 4200, 1973REKISTERINUMEROTCN-161ALUSTAN VALMISTAJAMercedes-Benz, La\u0308nsi-SaksaP\u00c4\u00c4LLIRAKENTEEN VALMISTAJAVeljekset Kulmala OyKUNTOHyv\u00e4, rekisteriss\u00e4, katsastettuerikoisajoneuvoksiOMISTAJAKauttuan Laitosturvallisuus Oy\/ Vesa Nurminen 050-5557539 Bensiinik\u00e4ytt\u00f6isten paloautojen valtakausi alkoi olla ohi 1970-luvun alkupuolella. Vuonna 1973 Euran kunta ja A. Ahlstr\u00f6m Oy Kauttuan Tehtaat p\u00e4\u00e4tyiv\u00e4tkin yhdess\u00e4 hankkimaan \u201dameriikanautojen\u201d sijasta l\u00e4nsisaksalaisen Diesel-Mersun. 1+7-paikkaisen, erillisell\u00e4 kalustokorilla varustetun paloauton p\u00e4\u00e4llirakenteet valmisti Veljekset Kulmala Oy.Kunta [&hellip;]<\/p>\n","protected":false},"author":1,"featured_media":0,"parent":37,"menu_order":0,"comment_status":"closed","ping_status":"closed","template":"","meta":{"_monsterinsights_skip_tracking":false,"_monsterinsights_sitenote_active":false,"_monsterinsights_sitenote_note":"","_monsterinsights_sitenote_category":0,"footnotes":""},"class_list":["post-89","page","type-page","status-publish","hentry"],"yoast_head":"<!-- This site is optimized with the Yoast SEO plugin v27.4 - https:\/\/yoast.com\/product\/yoast-seo-wordpress\/ -->\n<title>Mercedes-Benz LF 1113 B, 1973 - Satakunnan Museopaloautoyhdistys<\/title>\n<meta name=\"robots\" content=\"index, follow, max-snippet:-1, max-image-preview:large, max-video-preview:-1\" \/>\n<link rel=\"canonical\" href=\"https:\/\/museopaloautoyhdistys.fi\/?page_id=89\" \/>\n<meta property=\"og:locale\" content=\"fi_FI\" \/>\n<meta property=\"og:type\" content=\"article\" \/>\n<meta property=\"og:title\" content=\"Mercedes-Benz LF 1113 B, 1973 - Satakunnan Museopaloautoyhdistys\" \/>\n<meta property=\"og:description\" content=\"MERKKI,MALLI, VUOSIMALLIMercedes-Benz, LF 1113 B \/ 4200, 1973REKISTERINUMEROTCN-161ALUSTAN VALMISTAJAMercedes-Benz, La\u0308nsi-SaksaP\u00c4\u00c4LLIRAKENTEEN VALMISTAJAVeljekset Kulmala OyKUNTOHyv\u00e4, rekisteriss\u00e4, katsastettuerikoisajoneuvoksiOMISTAJAKauttuan Laitosturvallisuus Oy\/ Vesa Nurminen 050-5557539 Bensiinik\u00e4ytt\u00f6isten paloautojen valtakausi alkoi olla ohi 1970-luvun alkupuolella. Vuonna 1973 Euran kunta ja A. Ahlstr\u00f6m Oy Kauttuan Tehtaat p\u00e4\u00e4tyiv\u00e4tkin yhdess\u00e4 hankkimaan \u201dameriikanautojen\u201d sijasta l\u00e4nsisaksalaisen Diesel-Mersun. 1+7-paikkaisen, erillisell\u00e4 kalustokorilla varustetun paloauton p\u00e4\u00e4llirakenteet valmisti Veljekset Kulmala Oy.Kunta [&hellip;]\" \/>\n<meta property=\"og:url\" content=\"https:\/\/museopaloautoyhdistys.fi\/?page_id=89\" \/>\n<meta property=\"og:site_name\" content=\"Satakunnan Museopaloautoyhdistys\" \/>\n<meta property=\"article:modified_time\" content=\"2026-01-08T19:37:02+00:00\" \/>\n<meta property=\"og:image\" content=\"https:\/\/museopaloautoyhdistys.fi\/wp-content\/uploads\/2024\/11\/Kuva-vuodelta-2024-scaled.jpg\" \/>\n\t<meta property=\"og:image:width\" content=\"2560\" \/>\n\t<meta property=\"og:image:height\" content=\"1460\" \/>\n\t<meta property=\"og:image:type\" content=\"image\/jpeg\" \/>\n<meta name=\"twitter:card\" content=\"summary_large_image\" \/>\n<meta name=\"twitter:label1\" content=\"Arvioitu lukuaika\" \/>\n\t<meta name=\"twitter:data1\" content=\"3 minuuttia\" \/>\n<script type=\"application\/ld+json\" class=\"yoast-schema-graph\">{\"@context\":\"https:\\\/\\\/schema.org\",\"@graph\":[{\"@type\":\"WebPage\",\"@id\":\"https:\\\/\\\/museopaloautoyhdistys.fi\\\/?page_id=89\",\"url\":\"https:\\\/\\\/museopaloautoyhdistys.fi\\\/?page_id=89\",\"name\":\"Mercedes-Benz LF 1113 B, 1973 - Satakunnan Museopaloautoyhdistys\",\"isPartOf\":{\"@id\":\"https:\\\/\\\/museopaloautoyhdistys.fi\\\/#website\"},\"primaryImageOfPage\":{\"@id\":\"https:\\\/\\\/museopaloautoyhdistys.fi\\\/?page_id=89#primaryimage\"},\"image\":{\"@id\":\"https:\\\/\\\/museopaloautoyhdistys.fi\\\/?page_id=89#primaryimage\"},\"thumbnailUrl\":\"https:\\\/\\\/museopaloautoyhdistys.fi\\\/wp-content\\\/uploads\\\/2024\\\/11\\\/Kuva-vuodelta-2024-1024x584.jpg\",\"datePublished\":\"2024-11-07T08:16:26+00:00\",\"dateModified\":\"2026-01-08T19:37:02+00:00\",\"breadcrumb\":{\"@id\":\"https:\\\/\\\/museopaloautoyhdistys.fi\\\/?page_id=89#breadcrumb\"},\"inLanguage\":\"fi\",\"potentialAction\":[{\"@type\":\"ReadAction\",\"target\":[\"https:\\\/\\\/museopaloautoyhdistys.fi\\\/?page_id=89\"]}]},{\"@type\":\"ImageObject\",\"inLanguage\":\"fi\",\"@id\":\"https:\\\/\\\/museopaloautoyhdistys.fi\\\/?page_id=89#primaryimage\",\"url\":\"https:\\\/\\\/museopaloautoyhdistys.fi\\\/wp-content\\\/uploads\\\/2024\\\/11\\\/Kuva-vuodelta-2024-scaled.jpg\",\"contentUrl\":\"https:\\\/\\\/museopaloautoyhdistys.fi\\\/wp-content\\\/uploads\\\/2024\\\/11\\\/Kuva-vuodelta-2024-scaled.jpg\",\"width\":2560,\"height\":1460},{\"@type\":\"BreadcrumbList\",\"@id\":\"https:\\\/\\\/museopaloautoyhdistys.fi\\\/?page_id=89#breadcrumb\",\"itemListElement\":[{\"@type\":\"ListItem\",\"position\":1,\"name\":\"Home\",\"item\":\"https:\\\/\\\/museopaloautoyhdistys.fi\\\/\"},{\"@type\":\"ListItem\",\"position\":2,\"name\":\"Museopaloautot\",\"item\":\"https:\\\/\\\/museopaloautoyhdistys.fi\\\/?page_id=37\"},{\"@type\":\"ListItem\",\"position\":3,\"name\":\"Mercedes-Benz LF 1113 B, 1973\"}]},{\"@type\":\"WebSite\",\"@id\":\"https:\\\/\\\/museopaloautoyhdistys.fi\\\/#website\",\"url\":\"https:\\\/\\\/museopaloautoyhdistys.fi\\\/\",\"name\":\"Satakunnan Museopaloautoyhdistys\",\"description\":\"\",\"potentialAction\":[{\"@type\":\"SearchAction\",\"target\":{\"@type\":\"EntryPoint\",\"urlTemplate\":\"https:\\\/\\\/museopaloautoyhdistys.fi\\\/?s={search_term_string}\"},\"query-input\":{\"@type\":\"PropertyValueSpecification\",\"valueRequired\":true,\"valueName\":\"search_term_string\"}}],\"inLanguage\":\"fi\"}]}<\/script>\n<!-- \/ Yoast SEO plugin. -->","yoast_head_json":{"title":"Mercedes-Benz LF 1113 B, 1973 - Satakunnan Museopaloautoyhdistys","robots":{"index":"index","follow":"follow","max-snippet":"max-snippet:-1","max-image-preview":"max-image-preview:large","max-video-preview":"max-video-preview:-1"},"canonical":"https:\/\/museopaloautoyhdistys.fi\/?page_id=89","og_locale":"fi_FI","og_type":"article","og_title":"Mercedes-Benz LF 1113 B, 1973 - Satakunnan Museopaloautoyhdistys","og_description":"MERKKI,MALLI, VUOSIMALLIMercedes-Benz, LF 1113 B \/ 4200, 1973REKISTERINUMEROTCN-161ALUSTAN VALMISTAJAMercedes-Benz, La\u0308nsi-SaksaP\u00c4\u00c4LLIRAKENTEEN VALMISTAJAVeljekset Kulmala OyKUNTOHyv\u00e4, rekisteriss\u00e4, katsastettuerikoisajoneuvoksiOMISTAJAKauttuan Laitosturvallisuus Oy\/ Vesa Nurminen 050-5557539 Bensiinik\u00e4ytt\u00f6isten paloautojen valtakausi alkoi olla ohi 1970-luvun alkupuolella. Vuonna 1973 Euran kunta ja A. Ahlstr\u00f6m Oy Kauttuan Tehtaat p\u00e4\u00e4tyiv\u00e4tkin yhdess\u00e4 hankkimaan \u201dameriikanautojen\u201d sijasta l\u00e4nsisaksalaisen Diesel-Mersun. 1+7-paikkaisen, erillisell\u00e4 kalustokorilla varustetun paloauton p\u00e4\u00e4llirakenteet valmisti Veljekset Kulmala Oy.Kunta [&hellip;]","og_url":"https:\/\/museopaloautoyhdistys.fi\/?page_id=89","og_site_name":"Satakunnan Museopaloautoyhdistys","article_modified_time":"2026-01-08T19:37:02+00:00","og_image":[{"width":2560,"height":1460,"url":"https:\/\/museopaloautoyhdistys.fi\/wp-content\/uploads\/2024\/11\/Kuva-vuodelta-2024-scaled.jpg","type":"image\/jpeg"}],"twitter_card":"summary_large_image","twitter_misc":{"Arvioitu lukuaika":"3 minuuttia"},"schema":{"@context":"https:\/\/schema.org","@graph":[{"@type":"WebPage","@id":"https:\/\/museopaloautoyhdistys.fi\/?page_id=89","url":"https:\/\/museopaloautoyhdistys.fi\/?page_id=89","name":"Mercedes-Benz LF 1113 B, 1973 - Satakunnan Museopaloautoyhdistys","isPartOf":{"@id":"https:\/\/museopaloautoyhdistys.fi\/#website"},"primaryImageOfPage":{"@id":"https:\/\/museopaloautoyhdistys.fi\/?page_id=89#primaryimage"},"image":{"@id":"https:\/\/museopaloautoyhdistys.fi\/?page_id=89#primaryimage"},"thumbnailUrl":"https:\/\/museopaloautoyhdistys.fi\/wp-content\/uploads\/2024\/11\/Kuva-vuodelta-2024-1024x584.jpg","datePublished":"2024-11-07T08:16:26+00:00","dateModified":"2026-01-08T19:37:02+00:00","breadcrumb":{"@id":"https:\/\/museopaloautoyhdistys.fi\/?page_id=89#breadcrumb"},"inLanguage":"fi","potentialAction":[{"@type":"ReadAction","target":["https:\/\/museopaloautoyhdistys.fi\/?page_id=89"]}]},{"@type":"ImageObject","inLanguage":"fi","@id":"https:\/\/museopaloautoyhdistys.fi\/?page_id=89#primaryimage","url":"https:\/\/museopaloautoyhdistys.fi\/wp-content\/uploads\/2024\/11\/Kuva-vuodelta-2024-scaled.jpg","contentUrl":"https:\/\/museopaloautoyhdistys.fi\/wp-content\/uploads\/2024\/11\/Kuva-vuodelta-2024-scaled.jpg","width":2560,"height":1460},{"@type":"BreadcrumbList","@id":"https:\/\/museopaloautoyhdistys.fi\/?page_id=89#breadcrumb","itemListElement":[{"@type":"ListItem","position":1,"name":"Home","item":"https:\/\/museopaloautoyhdistys.fi\/"},{"@type":"ListItem","position":2,"name":"Museopaloautot","item":"https:\/\/museopaloautoyhdistys.fi\/?page_id=37"},{"@type":"ListItem","position":3,"name":"Mercedes-Benz LF 1113 B, 1973"}]},{"@type":"WebSite","@id":"https:\/\/museopaloautoyhdistys.fi\/#website","url":"https:\/\/museopaloautoyhdistys.fi\/","name":"Satakunnan Museopaloautoyhdistys","description":"","potentialAction":[{"@type":"SearchAction","target":{"@type":"EntryPoint","urlTemplate":"https:\/\/museopaloautoyhdistys.fi\/?s={search_term_string}"},"query-input":{"@type":"PropertyValueSpecification","valueRequired":true,"valueName":"search_term_string"}}],"inLanguage":"fi"}]}},"_links":{"self":[{"href":"https:\/\/museopaloautoyhdistys.fi\/index.php?rest_route=\/wp\/v2\/pages\/89","targetHints":{"allow":["GET"]}}],"collection":[{"href":"https:\/\/museopaloautoyhdistys.fi\/index.php?rest_route=\/wp\/v2\/pages"}],"about":[{"href":"https:\/\/museopaloautoyhdistys.fi\/index.php?rest_route=\/wp\/v2\/types\/page"}],"author":[{"embeddable":true,"href":"https:\/\/museopaloautoyhdistys.fi\/index.php?rest_route=\/wp\/v2\/users\/1"}],"replies":[{"embeddable":true,"href":"https:\/\/museopaloautoyhdistys.fi\/index.php?rest_route=%2Fwp%2Fv2%2Fcomments&post=89"}],"version-history":[{"count":2,"href":"https:\/\/museopaloautoyhdistys.fi\/index.php?rest_route=\/wp\/v2\/pages\/89\/revisions"}],"predecessor-version":[{"id":101,"href":"https:\/\/museopaloautoyhdistys.fi\/index.php?rest_route=\/wp\/v2\/pages\/89\/revisions\/101"}],"up":[{"embeddable":true,"href":"https:\/\/museopaloautoyhdistys.fi\/index.php?rest_route=\/wp\/v2\/pages\/37"}],"wp:attachment":[{"href":"https:\/\/museopaloautoyhdistys.fi\/index.php?rest_route=%2Fwp%2Fv2%2Fmedia&parent=89"}],"curies":[{"name":"wp","href":"https:\/\/api.w.org\/{rel}","templated":true}]}}