{"id":86,"date":"2024-11-07T08:13:03","date_gmt":"2024-11-07T08:13:03","guid":{"rendered":"https:\/\/museopaloautoyhdistys.fi\/?page_id=86"},"modified":"2026-01-08T19:37:02","modified_gmt":"2026-01-08T19:37:02","slug":"ford-v-8-157-vm-1937","status":"publish","type":"page","link":"https:\/\/museopaloautoyhdistys.fi\/?page_id=86","title":{"rendered":"Ford V-8, 157, vm. 1937"},"content":{"rendered":"\n<div class=\"wp-block-media-text is-stacked-on-mobile\"><figure class=\"wp-block-media-text__media\"><img loading=\"lazy\" decoding=\"async\" width=\"1024\" height=\"768\" src=\"https:\/\/museopaloautoyhdistys.fi\/wp-content\/uploads\/2024\/11\/Ford-V-8-Kodisjoki-1-1024x768.jpg\" alt=\"\" class=\"wp-image-87 size-full\" srcset=\"https:\/\/museopaloautoyhdistys.fi\/wp-content\/uploads\/2024\/11\/Ford-V-8-Kodisjoki-1-1024x768.jpg 1024w, https:\/\/museopaloautoyhdistys.fi\/wp-content\/uploads\/2024\/11\/Ford-V-8-Kodisjoki-1-300x225.jpg 300w, https:\/\/museopaloautoyhdistys.fi\/wp-content\/uploads\/2024\/11\/Ford-V-8-Kodisjoki-1-768x576.jpg 768w, https:\/\/museopaloautoyhdistys.fi\/wp-content\/uploads\/2024\/11\/Ford-V-8-Kodisjoki-1.jpg 1280w\" sizes=\"auto, (max-width: 1024px) 100vw, 1024px\" \/><\/figure><div class=\"wp-block-media-text__content\">\n<p class=\"has-roboto-font-family has-extra-small-font-size\" style=\"line-height:1.3\"><strong>MERKKI, MALLI, VUOSIMALLI<\/strong><br>Ford V-8 157, 1937<br><strong>REKISTERINUMERO<\/strong><br>MRC-79, alkuper\u00e4inen TD-274<br><strong>ALUSTAN VALMISTAJA<\/strong><br>Ford Motor Company, USA<br><strong>P\u00c4\u00c4LLIRAKENTEEN VALMISTAJA<\/strong><br>Helsingin Koritehdas Oy<br><strong>KUNTO<\/strong><br>Erinomainen, ajokunnossa<br><strong>HALTIJA<\/strong><br>Kodisjoen VPK<\/p>\n<\/div><\/div>\n\n\n\n<p class=\"has-roboto-font-family has-extra-small-font-size\" style=\"line-height:1.3\">Fordin alusta tuotiin perim\u00e4tiedon mukaan Suomeen vuonna 1936. Auto saattaa olla kuitenkin j\u00e4\u00e4hdyttimen s\u00e4leik\u00f6st\u00e4 p\u00e4\u00e4tellen vuosimallia 1937.<\/p>\n\n\n\n<p class=\"has-roboto-font-family has-extra-small-font-size\" style=\"line-height:1.3\">Helsingin Koritehdas Oy Tikkurilassa rakensi ter\u00e4spalkkirunkoiselle alustalle p\u00e4\u00e4osin puurakenteisen korin. Peltivuoratussa ohjaamo-\/miehist\u00f6tilassa on rekisteriotteen mukaan tilaa kuudelle henkil\u00f6lle.<br>Autoon asennettiin noin 900 litran vesis\u00e4ili\u00f6 ja samalla vaihdettiin 85 hv:n moottorin tilalle voimakkaampi 95 hv:n moottori.<br>Ford toimitettiin tilaajalle vuonna 1938.<\/p>\n\n\n\n<p class=\"has-roboto-font-family has-extra-small-font-size\" style=\"line-height:1.3\">Fordin ensimm\u00e4inen sijoituspaikka oli Uusikaupunki, jossa se palveli sammutusautona vuoteen 1963, jolloin Kodisjoen kunta osti sen. Auto oli Kodisjoella aktiivik\u00e4yt\u00f6ss\u00e4 vuoteen 1989 saakka. K\u00e4yt\u00f6st\u00e4 poistamisen j\u00e4lkeen Ford aiottiin ensin sijoittaa Uudenkaupungin automuseoon, mutta se j\u00e4i Kodisjoelle.<\/p>\n\n\n\n<p class=\"has-roboto-font-family has-extra-small-font-size\" style=\"line-height:1.3\">Kun Kodisjoen kunta liitettiin Raumaan vuonna 2007, ajoneuvo siirtyi Kodisjoen VPK:n s\u00e4ilytykseen ja huolenpitoon.<br>Fordissa on 95 hv:n nelitahtinen, nestej\u00e4\u00e4hdytteinen V-8-sivuventtiilimoottori. Vaihteisto on suorahampainen 4+1. Jarrut ovat mekaaniset 4-piirijarrut. Seisontajarrut ovat takapy\u00f6riss\u00e4.<br>Paloauton omapaino 3900 kg ja kokonaispaino 5600 kg.<\/p>\n\n\n\n<figure class=\"wp-block-gallery has-nested-images columns-5 is-cropped wp-block-gallery-1 is-layout-flex wp-block-gallery-is-layout-flex\">\n<figure class=\"wp-block-image size-large\"><a href=\"https:\/\/museopaloautoyhdistys.fi\/?attachment_id=106\" target=\"_blank\" rel=\"noopener\"><img loading=\"lazy\" decoding=\"async\" width=\"576\" height=\"1024\" data-id=\"106\" src=\"https:\/\/museopaloautoyhdistys.fi\/wp-content\/uploads\/2024\/11\/Ford-V-8-Kodisjoki-2-576x1024.jpg\" alt=\"\" class=\"wp-image-106\" srcset=\"https:\/\/museopaloautoyhdistys.fi\/wp-content\/uploads\/2024\/11\/Ford-V-8-Kodisjoki-2-576x1024.jpg 576w, https:\/\/museopaloautoyhdistys.fi\/wp-content\/uploads\/2024\/11\/Ford-V-8-Kodisjoki-2-169x300.jpg 169w, https:\/\/museopaloautoyhdistys.fi\/wp-content\/uploads\/2024\/11\/Ford-V-8-Kodisjoki-2-768x1365.jpg 768w, https:\/\/museopaloautoyhdistys.fi\/wp-content\/uploads\/2024\/11\/Ford-V-8-Kodisjoki-2-864x1536.jpg 864w, https:\/\/museopaloautoyhdistys.fi\/wp-content\/uploads\/2024\/11\/Ford-V-8-Kodisjoki-2-1152x2048.jpg 1152w, https:\/\/museopaloautoyhdistys.fi\/wp-content\/uploads\/2024\/11\/Ford-V-8-Kodisjoki-2-scaled.jpg 1440w\" sizes=\"auto, (max-width: 576px) 100vw, 576px\" \/><\/a><\/figure>\n\n\n\n<figure class=\"wp-block-image size-large\"><a href=\"https:\/\/museopaloautoyhdistys.fi\/?attachment_id=102\" target=\"_blank\" rel=\"noopener\"><img loading=\"lazy\" decoding=\"async\" width=\"480\" height=\"640\" data-id=\"102\" src=\"https:\/\/museopaloautoyhdistys.fi\/wp-content\/uploads\/2024\/11\/IMG_2209.jpg\" alt=\"\" class=\"wp-image-102\" srcset=\"https:\/\/museopaloautoyhdistys.fi\/wp-content\/uploads\/2024\/11\/IMG_2209.jpg 480w, https:\/\/museopaloautoyhdistys.fi\/wp-content\/uploads\/2024\/11\/IMG_2209-225x300.jpg 225w\" sizes=\"auto, (max-width: 480px) 100vw, 480px\" \/><\/a><\/figure>\n\n\n\n<figure class=\"wp-block-image size-large\"><a href=\"https:\/\/museopaloautoyhdistys.fi\/?attachment_id=103\" target=\"_blank\" rel=\"noopener\"><img loading=\"lazy\" decoding=\"async\" width=\"640\" height=\"480\" data-id=\"103\" src=\"https:\/\/museopaloautoyhdistys.fi\/wp-content\/uploads\/2024\/11\/IMG_2210.jpg\" alt=\"\" class=\"wp-image-103\" srcset=\"https:\/\/museopaloautoyhdistys.fi\/wp-content\/uploads\/2024\/11\/IMG_2210.jpg 640w, https:\/\/museopaloautoyhdistys.fi\/wp-content\/uploads\/2024\/11\/IMG_2210-300x225.jpg 300w\" sizes=\"auto, (max-width: 640px) 100vw, 640px\" \/><\/a><\/figure>\n\n\n\n<figure class=\"wp-block-image size-large\"><a href=\"https:\/\/museopaloautoyhdistys.fi\/?attachment_id=104\" target=\"_blank\" rel=\"noopener\"><img loading=\"lazy\" decoding=\"async\" width=\"640\" height=\"480\" data-id=\"104\" src=\"https:\/\/museopaloautoyhdistys.fi\/wp-content\/uploads\/2024\/11\/IMG_2301.jpg\" alt=\"\" class=\"wp-image-104\" srcset=\"https:\/\/museopaloautoyhdistys.fi\/wp-content\/uploads\/2024\/11\/IMG_2301.jpg 640w, https:\/\/museopaloautoyhdistys.fi\/wp-content\/uploads\/2024\/11\/IMG_2301-300x225.jpg 300w\" sizes=\"auto, (max-width: 640px) 100vw, 640px\" \/><\/a><\/figure>\n\n\n\n<figure class=\"wp-block-image size-large\"><a href=\"https:\/\/museopaloautoyhdistys.fi\/?attachment_id=105\" target=\"_blank\" rel=\"noopener\"><img loading=\"lazy\" decoding=\"async\" width=\"480\" height=\"640\" data-id=\"105\" src=\"https:\/\/museopaloautoyhdistys.fi\/wp-content\/uploads\/2024\/11\/IMG_2308.jpg\" alt=\"\" class=\"wp-image-105\" srcset=\"https:\/\/museopaloautoyhdistys.fi\/wp-content\/uploads\/2024\/11\/IMG_2308.jpg 480w, https:\/\/museopaloautoyhdistys.fi\/wp-content\/uploads\/2024\/11\/IMG_2308-225x300.jpg 225w\" sizes=\"auto, (max-width: 480px) 100vw, 480px\" \/><\/a><\/figure>\n<\/figure>\n","protected":false},"excerpt":{"rendered":"<p>MERKKI, MALLI, VUOSIMALLIFord V-8 157, 1937REKISTERINUMEROMRC-79, alkuper\u00e4inen TD-274ALUSTAN VALMISTAJAFord Motor Company, USAP\u00c4\u00c4LLIRAKENTEEN VALMISTAJAHelsingin Koritehdas OyKUNTOErinomainen, ajokunnossaHALTIJAKodisjoen VPK Fordin alusta tuotiin perim\u00e4tiedon mukaan Suomeen vuonna 1936. Auto saattaa olla kuitenkin j\u00e4\u00e4hdyttimen s\u00e4leik\u00f6st\u00e4 p\u00e4\u00e4tellen vuosimallia 1937. Helsingin Koritehdas Oy Tikkurilassa rakensi ter\u00e4spalkkirunkoiselle alustalle p\u00e4\u00e4osin puurakenteisen korin. Peltivuoratussa ohjaamo-\/miehist\u00f6tilassa on rekisteriotteen mukaan tilaa kuudelle henkil\u00f6lle.Autoon asennettiin noin 900 [&hellip;]<\/p>\n","protected":false},"author":1,"featured_media":0,"parent":37,"menu_order":0,"comment_status":"closed","ping_status":"closed","template":"","meta":{"_monsterinsights_skip_tracking":false,"_monsterinsights_sitenote_active":false,"_monsterinsights_sitenote_note":"","_monsterinsights_sitenote_category":0,"footnotes":""},"class_list":["post-86","page","type-page","status-publish","hentry"],"yoast_head":"<!-- This site is optimized with the Yoast SEO plugin v27.4 - https:\/\/yoast.com\/product\/yoast-seo-wordpress\/ -->\n<title>Ford V-8, 157, vm. 1937 - Satakunnan Museopaloautoyhdistys<\/title>\n<meta name=\"robots\" content=\"index, follow, max-snippet:-1, max-image-preview:large, max-video-preview:-1\" \/>\n<link rel=\"canonical\" href=\"https:\/\/museopaloautoyhdistys.fi\/?page_id=86\" \/>\n<meta property=\"og:locale\" content=\"fi_FI\" \/>\n<meta property=\"og:type\" content=\"article\" \/>\n<meta property=\"og:title\" content=\"Ford V-8, 157, vm. 1937 - Satakunnan Museopaloautoyhdistys\" \/>\n<meta property=\"og:description\" content=\"MERKKI, MALLI, VUOSIMALLIFord V-8 157, 1937REKISTERINUMEROMRC-79, alkuper\u00e4inen TD-274ALUSTAN VALMISTAJAFord Motor Company, USAP\u00c4\u00c4LLIRAKENTEEN VALMISTAJAHelsingin Koritehdas OyKUNTOErinomainen, ajokunnossaHALTIJAKodisjoen VPK Fordin alusta tuotiin perim\u00e4tiedon mukaan Suomeen vuonna 1936. Auto saattaa olla kuitenkin j\u00e4\u00e4hdyttimen s\u00e4leik\u00f6st\u00e4 p\u00e4\u00e4tellen vuosimallia 1937. Helsingin Koritehdas Oy Tikkurilassa rakensi ter\u00e4spalkkirunkoiselle alustalle p\u00e4\u00e4osin puurakenteisen korin. Peltivuoratussa ohjaamo-\/miehist\u00f6tilassa on rekisteriotteen mukaan tilaa kuudelle henkil\u00f6lle.Autoon asennettiin noin 900 [&hellip;]\" \/>\n<meta property=\"og:url\" content=\"https:\/\/museopaloautoyhdistys.fi\/?page_id=86\" \/>\n<meta property=\"og:site_name\" content=\"Satakunnan Museopaloautoyhdistys\" \/>\n<meta property=\"article:modified_time\" content=\"2026-01-08T19:37:02+00:00\" \/>\n<meta property=\"og:image\" content=\"https:\/\/museopaloautoyhdistys.fi\/wp-content\/uploads\/2024\/11\/Ford-V-8-Kodisjoki-1.jpg\" \/>\n\t<meta property=\"og:image:width\" content=\"1280\" \/>\n\t<meta property=\"og:image:height\" content=\"960\" \/>\n\t<meta property=\"og:image:type\" content=\"image\/jpeg\" \/>\n<meta name=\"twitter:card\" content=\"summary_large_image\" \/>\n<meta name=\"twitter:label1\" content=\"Arvioitu lukuaika\" \/>\n\t<meta name=\"twitter:data1\" content=\"3 minuuttia\" \/>\n<script type=\"application\/ld+json\" class=\"yoast-schema-graph\">{\"@context\":\"https:\\\/\\\/schema.org\",\"@graph\":[{\"@type\":\"WebPage\",\"@id\":\"https:\\\/\\\/museopaloautoyhdistys.fi\\\/?page_id=86\",\"url\":\"https:\\\/\\\/museopaloautoyhdistys.fi\\\/?page_id=86\",\"name\":\"Ford V-8, 157, vm. 1937 - Satakunnan Museopaloautoyhdistys\",\"isPartOf\":{\"@id\":\"https:\\\/\\\/museopaloautoyhdistys.fi\\\/#website\"},\"primaryImageOfPage\":{\"@id\":\"https:\\\/\\\/museopaloautoyhdistys.fi\\\/?page_id=86#primaryimage\"},\"image\":{\"@id\":\"https:\\\/\\\/museopaloautoyhdistys.fi\\\/?page_id=86#primaryimage\"},\"thumbnailUrl\":\"https:\\\/\\\/museopaloautoyhdistys.fi\\\/wp-content\\\/uploads\\\/2024\\\/11\\\/Ford-V-8-Kodisjoki-1-1024x768.jpg\",\"datePublished\":\"2024-11-07T08:13:03+00:00\",\"dateModified\":\"2026-01-08T19:37:02+00:00\",\"breadcrumb\":{\"@id\":\"https:\\\/\\\/museopaloautoyhdistys.fi\\\/?page_id=86#breadcrumb\"},\"inLanguage\":\"fi\",\"potentialAction\":[{\"@type\":\"ReadAction\",\"target\":[\"https:\\\/\\\/museopaloautoyhdistys.fi\\\/?page_id=86\"]}]},{\"@type\":\"ImageObject\",\"inLanguage\":\"fi\",\"@id\":\"https:\\\/\\\/museopaloautoyhdistys.fi\\\/?page_id=86#primaryimage\",\"url\":\"https:\\\/\\\/museopaloautoyhdistys.fi\\\/wp-content\\\/uploads\\\/2024\\\/11\\\/Ford-V-8-Kodisjoki-1.jpg\",\"contentUrl\":\"https:\\\/\\\/museopaloautoyhdistys.fi\\\/wp-content\\\/uploads\\\/2024\\\/11\\\/Ford-V-8-Kodisjoki-1.jpg\",\"width\":1280,\"height\":960},{\"@type\":\"BreadcrumbList\",\"@id\":\"https:\\\/\\\/museopaloautoyhdistys.fi\\\/?page_id=86#breadcrumb\",\"itemListElement\":[{\"@type\":\"ListItem\",\"position\":1,\"name\":\"Home\",\"item\":\"https:\\\/\\\/museopaloautoyhdistys.fi\\\/\"},{\"@type\":\"ListItem\",\"position\":2,\"name\":\"Museopaloautot\",\"item\":\"https:\\\/\\\/museopaloautoyhdistys.fi\\\/?page_id=37\"},{\"@type\":\"ListItem\",\"position\":3,\"name\":\"Ford V-8, 157, vm. 1937\"}]},{\"@type\":\"WebSite\",\"@id\":\"https:\\\/\\\/museopaloautoyhdistys.fi\\\/#website\",\"url\":\"https:\\\/\\\/museopaloautoyhdistys.fi\\\/\",\"name\":\"Satakunnan Museopaloautoyhdistys\",\"description\":\"\",\"potentialAction\":[{\"@type\":\"SearchAction\",\"target\":{\"@type\":\"EntryPoint\",\"urlTemplate\":\"https:\\\/\\\/museopaloautoyhdistys.fi\\\/?s={search_term_string}\"},\"query-input\":{\"@type\":\"PropertyValueSpecification\",\"valueRequired\":true,\"valueName\":\"search_term_string\"}}],\"inLanguage\":\"fi\"}]}<\/script>\n<!-- \/ Yoast SEO plugin. -->","yoast_head_json":{"title":"Ford V-8, 157, vm. 1937 - Satakunnan Museopaloautoyhdistys","robots":{"index":"index","follow":"follow","max-snippet":"max-snippet:-1","max-image-preview":"max-image-preview:large","max-video-preview":"max-video-preview:-1"},"canonical":"https:\/\/museopaloautoyhdistys.fi\/?page_id=86","og_locale":"fi_FI","og_type":"article","og_title":"Ford V-8, 157, vm. 1937 - Satakunnan Museopaloautoyhdistys","og_description":"MERKKI, MALLI, VUOSIMALLIFord V-8 157, 1937REKISTERINUMEROMRC-79, alkuper\u00e4inen TD-274ALUSTAN VALMISTAJAFord Motor Company, USAP\u00c4\u00c4LLIRAKENTEEN VALMISTAJAHelsingin Koritehdas OyKUNTOErinomainen, ajokunnossaHALTIJAKodisjoen VPK Fordin alusta tuotiin perim\u00e4tiedon mukaan Suomeen vuonna 1936. Auto saattaa olla kuitenkin j\u00e4\u00e4hdyttimen s\u00e4leik\u00f6st\u00e4 p\u00e4\u00e4tellen vuosimallia 1937. Helsingin Koritehdas Oy Tikkurilassa rakensi ter\u00e4spalkkirunkoiselle alustalle p\u00e4\u00e4osin puurakenteisen korin. Peltivuoratussa ohjaamo-\/miehist\u00f6tilassa on rekisteriotteen mukaan tilaa kuudelle henkil\u00f6lle.Autoon asennettiin noin 900 [&hellip;]","og_url":"https:\/\/museopaloautoyhdistys.fi\/?page_id=86","og_site_name":"Satakunnan Museopaloautoyhdistys","article_modified_time":"2026-01-08T19:37:02+00:00","og_image":[{"width":1280,"height":960,"url":"https:\/\/museopaloautoyhdistys.fi\/wp-content\/uploads\/2024\/11\/Ford-V-8-Kodisjoki-1.jpg","type":"image\/jpeg"}],"twitter_card":"summary_large_image","twitter_misc":{"Arvioitu lukuaika":"3 minuuttia"},"schema":{"@context":"https:\/\/schema.org","@graph":[{"@type":"WebPage","@id":"https:\/\/museopaloautoyhdistys.fi\/?page_id=86","url":"https:\/\/museopaloautoyhdistys.fi\/?page_id=86","name":"Ford V-8, 157, vm. 1937 - Satakunnan Museopaloautoyhdistys","isPartOf":{"@id":"https:\/\/museopaloautoyhdistys.fi\/#website"},"primaryImageOfPage":{"@id":"https:\/\/museopaloautoyhdistys.fi\/?page_id=86#primaryimage"},"image":{"@id":"https:\/\/museopaloautoyhdistys.fi\/?page_id=86#primaryimage"},"thumbnailUrl":"https:\/\/museopaloautoyhdistys.fi\/wp-content\/uploads\/2024\/11\/Ford-V-8-Kodisjoki-1-1024x768.jpg","datePublished":"2024-11-07T08:13:03+00:00","dateModified":"2026-01-08T19:37:02+00:00","breadcrumb":{"@id":"https:\/\/museopaloautoyhdistys.fi\/?page_id=86#breadcrumb"},"inLanguage":"fi","potentialAction":[{"@type":"ReadAction","target":["https:\/\/museopaloautoyhdistys.fi\/?page_id=86"]}]},{"@type":"ImageObject","inLanguage":"fi","@id":"https:\/\/museopaloautoyhdistys.fi\/?page_id=86#primaryimage","url":"https:\/\/museopaloautoyhdistys.fi\/wp-content\/uploads\/2024\/11\/Ford-V-8-Kodisjoki-1.jpg","contentUrl":"https:\/\/museopaloautoyhdistys.fi\/wp-content\/uploads\/2024\/11\/Ford-V-8-Kodisjoki-1.jpg","width":1280,"height":960},{"@type":"BreadcrumbList","@id":"https:\/\/museopaloautoyhdistys.fi\/?page_id=86#breadcrumb","itemListElement":[{"@type":"ListItem","position":1,"name":"Home","item":"https:\/\/museopaloautoyhdistys.fi\/"},{"@type":"ListItem","position":2,"name":"Museopaloautot","item":"https:\/\/museopaloautoyhdistys.fi\/?page_id=37"},{"@type":"ListItem","position":3,"name":"Ford V-8, 157, vm. 1937"}]},{"@type":"WebSite","@id":"https:\/\/museopaloautoyhdistys.fi\/#website","url":"https:\/\/museopaloautoyhdistys.fi\/","name":"Satakunnan Museopaloautoyhdistys","description":"","potentialAction":[{"@type":"SearchAction","target":{"@type":"EntryPoint","urlTemplate":"https:\/\/museopaloautoyhdistys.fi\/?s={search_term_string}"},"query-input":{"@type":"PropertyValueSpecification","valueRequired":true,"valueName":"search_term_string"}}],"inLanguage":"fi"}]}},"_links":{"self":[{"href":"https:\/\/museopaloautoyhdistys.fi\/index.php?rest_route=\/wp\/v2\/pages\/86","targetHints":{"allow":["GET"]}}],"collection":[{"href":"https:\/\/museopaloautoyhdistys.fi\/index.php?rest_route=\/wp\/v2\/pages"}],"about":[{"href":"https:\/\/museopaloautoyhdistys.fi\/index.php?rest_route=\/wp\/v2\/types\/page"}],"author":[{"embeddable":true,"href":"https:\/\/museopaloautoyhdistys.fi\/index.php?rest_route=\/wp\/v2\/users\/1"}],"replies":[{"embeddable":true,"href":"https:\/\/museopaloautoyhdistys.fi\/index.php?rest_route=%2Fwp%2Fv2%2Fcomments&post=86"}],"version-history":[{"count":2,"href":"https:\/\/museopaloautoyhdistys.fi\/index.php?rest_route=\/wp\/v2\/pages\/86\/revisions"}],"predecessor-version":[{"id":107,"href":"https:\/\/museopaloautoyhdistys.fi\/index.php?rest_route=\/wp\/v2\/pages\/86\/revisions\/107"}],"up":[{"embeddable":true,"href":"https:\/\/museopaloautoyhdistys.fi\/index.php?rest_route=\/wp\/v2\/pages\/37"}],"wp:attachment":[{"href":"https:\/\/museopaloautoyhdistys.fi\/index.php?rest_route=%2Fwp%2Fv2%2Fmedia&parent=86"}],"curies":[{"name":"wp","href":"https:\/\/api.w.org\/{rel}","templated":true}]}}