{"id":80,"date":"2024-11-07T08:03:56","date_gmt":"2024-11-07T08:03:56","guid":{"rendered":"https:\/\/museopaloautoyhdistys.fi\/?page_id=80"},"modified":"2026-01-08T19:37:18","modified_gmt":"2026-01-08T19:37:18","slug":"mercedes-benz-unimog-s-1959","status":"publish","type":"page","link":"https:\/\/museopaloautoyhdistys.fi\/?page_id=80","title":{"rendered":"Mercedes-Benz Unimog S, 1959"},"content":{"rendered":"\n<div class=\"wp-block-media-text is-stacked-on-mobile\"><figure class=\"wp-block-media-text__media\"><img loading=\"lazy\" decoding=\"async\" width=\"1024\" height=\"625\" src=\"https:\/\/museopaloautoyhdistys.fi\/wp-content\/uploads\/2024\/11\/Unimog-1024x625.jpg\" alt=\"\" class=\"wp-image-81 size-full\" srcset=\"https:\/\/museopaloautoyhdistys.fi\/wp-content\/uploads\/2024\/11\/Unimog-1024x625.jpg 1024w, https:\/\/museopaloautoyhdistys.fi\/wp-content\/uploads\/2024\/11\/Unimog-300x183.jpg 300w, https:\/\/museopaloautoyhdistys.fi\/wp-content\/uploads\/2024\/11\/Unimog-768x469.jpg 768w, https:\/\/museopaloautoyhdistys.fi\/wp-content\/uploads\/2024\/11\/Unimog-1536x937.jpg 1536w, https:\/\/museopaloautoyhdistys.fi\/wp-content\/uploads\/2024\/11\/Unimog-2048x1250.jpg 2048w\" sizes=\"auto, (max-width: 1024px) 100vw, 1024px\" \/><\/figure><div class=\"wp-block-media-text__content\">\n<p class=\"has-roboto-font-family has-extra-small-font-size\" style=\"line-height:1.3\"><strong>MERKKI, MALLI, VUOSIMALLI<\/strong><br>Mercedes-Benz, Unimog S 404, 1959, TZ-707<br><strong>ALUSTAN VALMISTAJA<\/strong><br>Mercedes-Benz, L\u00e4nsi-Saksa<br><strong>P\u00c4\u00c4LLIRAKENTEEN VALMISTAJA<\/strong><br>Veljekset Kulmala Oy<br><strong>KUNTO<\/strong><br>Entis\u00f6intikelpoinen<br><strong>OMISTAJA<\/strong><br>Pomarkun VPK<br>(Pomarkun kunta 1959 \u20132010)<\/p>\n<\/div><\/div>\n\n\n\n<p class=\"has-roboto-font-family has-extra-small-font-size\" style=\"line-height:1.3\">Pomarkun kunta hankki vuonna 1959 Mercedes-Benz Unimog-paloauton, joka osoittautui kunnan olosuhteisiin sopivimmaksi. Mielenkiintoisena yksityiskohtana oli auton valmistusmaan, L\u00e4nsi-Saksan, aiheuttama vastustus joidenkin kunnanisien taholta. Heit\u00e4 rauhoitettiin hankkimalla Gaz-kuorma-auto s\u00e4ili\u00f6autoksi vuonna 1961.<br>Veljekset Kulmala Oy:n Unimog S -maastotraktorin alustalle rakentaman auton valintaan vaikutti erityisesti sen maastokelpoisuus. Tuolloin vilkkaan Pori-Haapam\u00e4en radan h\u00f6yryveturiliikenne aiheutti lukuisia maastopaloja joka kes\u00e4.<br>Paloautolle oli eduksi neliveto ja korkea maavara, jotka mahdollistivat ajamisen my\u00f6s rautatiell\u00e4. Pomarkun kunnan tieolot olivat huonot, mik\u00e4 my\u00f6s puolsi Unimogin hankintaa.<br>Auto maksoi kalustoineen 4 milj. mk.<\/p>\n\n\n\n<p class=\"has-roboto-font-family has-extra-small-font-size\" style=\"line-height:1.3\">Puurunkoinen miehist\u00f6- ja kalustokori p\u00e4\u00e4llystettiin ulkoa pellill\u00e4 ja sis\u00e4lt\u00e4 vaneerilevyll\u00e4. Korin sis\u00e4lle asennettiin 500 litran vesis\u00e4ili\u00f6 ja kiinte\u00e4 Jehu-per\u00e4pumppu. Auton nokalle asennettiin mekaaninen vinssi.<\/p>\n\n\n\n<p class=\"has-roboto-font-family has-extra-small-font-size\" style=\"line-height:1.3\">Tulikasteensa Unimog sai Pohjois-Satakunnan ja Etel\u00e4-Pohjanmaan suurten mets\u00e4palojen sammutuksessa kes\u00e4ll\u00e4 1959.<br>Unimog oli ensil\u00e4hd\u00f6n paloauto Pomarkussa koko 1960-luvun ajan. H\u00f6yryveturiliikenteen loppuessa ja tieolosuhteiden parantuessa Unimogin aikanaan hyv\u00e4t erityispiirteet alkoivat olla jo vanhentuneita. Kalustotila osoittautui pieneksi ja ep\u00e4k\u00e4yt\u00e4nn\u00f6lliseksi, auton ajo-ominaisuudet kalpenivat uusien rinnalla, kiihtyvvyys ja nopeus eiv\u00e4t p\u00e4\u00e4t\u00e4 huimanneet, vesis\u00e4ili\u00f6n pienuus aiheutti ongelmia sammutusty\u00f6ss\u00e4 \u2013 ja tekniset ongelmat jatkuivat koko 1970-luvun.<br>Selk\u00e4 menosuuntaan istuminen sek\u00e4 auton merkitt\u00e4v\u00e4 huojuminen ja keinuminen teki matkustamisesta ikimuistoista. Tiedon kulku takaosasta ohjaamoon oli k\u00e4yt\u00e4nn\u00f6ss\u00e4 mahdotonta.<\/p>\n\n\n\n<p class=\"has-roboto-font-family has-extra-small-font-size\" style=\"line-height:1.3\">Vuonna 1984 autoon tehtiin talkoilla peltiremontti ja se maalattiin. Vaikka Unimog olikin p\u00e4\u00e4lle p\u00e4in hyv\u00e4ss\u00e4 kunnossa, moottorin tekniset ongelmat jatkuivat edelleen. T\u00e4st\u00e4 syyst\u00e4 auto pysyi p\u00e4\u00e4asiassa tallissa.<br>1990-luvulla Unimog oli harjoitusk\u00e4yt\u00f6ss\u00e4, miss\u00e4 teht\u00e4v\u00e4ss\u00e4 se palveli hyvin. H\u00e4lytysteht\u00e4viss\u00e4 autoa k\u00e4ytettiin hyvin harvoin. Ojakorven Puuty\u00f6n teollisuuspalo oli auton viimeinen h\u00e4lytysteht\u00e4v\u00e4.<br>Unimog odottaa entis\u00f6inti\u00e4 varastohallissa Pomarkussa.<\/p>\n","protected":false},"excerpt":{"rendered":"<p>MERKKI, MALLI, VUOSIMALLIMercedes-Benz, Unimog S 404, 1959, TZ-707ALUSTAN VALMISTAJAMercedes-Benz, L\u00e4nsi-SaksaP\u00c4\u00c4LLIRAKENTEEN VALMISTAJAVeljekset Kulmala OyKUNTOEntis\u00f6intikelpoinenOMISTAJAPomarkun VPK(Pomarkun kunta 1959 \u20132010) Pomarkun kunta hankki vuonna 1959 Mercedes-Benz Unimog-paloauton, joka osoittautui kunnan olosuhteisiin sopivimmaksi. Mielenkiintoisena yksityiskohtana oli auton valmistusmaan, L\u00e4nsi-Saksan, aiheuttama vastustus joidenkin kunnanisien taholta. Heit\u00e4 rauhoitettiin hankkimalla Gaz-kuorma-auto s\u00e4ili\u00f6autoksi vuonna 1961.Veljekset Kulmala Oy:n Unimog S -maastotraktorin alustalle rakentaman auton [&hellip;]<\/p>\n","protected":false},"author":1,"featured_media":0,"parent":37,"menu_order":0,"comment_status":"closed","ping_status":"closed","template":"","meta":{"_monsterinsights_skip_tracking":false,"_monsterinsights_sitenote_active":false,"_monsterinsights_sitenote_note":"","_monsterinsights_sitenote_category":0,"footnotes":""},"class_list":["post-80","page","type-page","status-publish","hentry"],"yoast_head":"<!-- This site is optimized with the Yoast SEO plugin v27.4 - https:\/\/yoast.com\/product\/yoast-seo-wordpress\/ -->\n<title>Mercedes-Benz Unimog S, 1959 - Satakunnan Museopaloautoyhdistys<\/title>\n<meta name=\"robots\" content=\"index, follow, max-snippet:-1, max-image-preview:large, max-video-preview:-1\" \/>\n<link rel=\"canonical\" href=\"https:\/\/museopaloautoyhdistys.fi\/?page_id=80\" \/>\n<meta property=\"og:locale\" content=\"fi_FI\" \/>\n<meta property=\"og:type\" content=\"article\" \/>\n<meta property=\"og:title\" content=\"Mercedes-Benz Unimog S, 1959 - Satakunnan Museopaloautoyhdistys\" \/>\n<meta property=\"og:description\" content=\"MERKKI, MALLI, VUOSIMALLIMercedes-Benz, Unimog S 404, 1959, TZ-707ALUSTAN VALMISTAJAMercedes-Benz, L\u00e4nsi-SaksaP\u00c4\u00c4LLIRAKENTEEN VALMISTAJAVeljekset Kulmala OyKUNTOEntis\u00f6intikelpoinenOMISTAJAPomarkun VPK(Pomarkun kunta 1959 \u20132010) Pomarkun kunta hankki vuonna 1959 Mercedes-Benz Unimog-paloauton, joka osoittautui kunnan olosuhteisiin sopivimmaksi. Mielenkiintoisena yksityiskohtana oli auton valmistusmaan, L\u00e4nsi-Saksan, aiheuttama vastustus joidenkin kunnanisien taholta. Heit\u00e4 rauhoitettiin hankkimalla Gaz-kuorma-auto s\u00e4ili\u00f6autoksi vuonna 1961.Veljekset Kulmala Oy:n Unimog S -maastotraktorin alustalle rakentaman auton [&hellip;]\" \/>\n<meta property=\"og:url\" content=\"https:\/\/museopaloautoyhdistys.fi\/?page_id=80\" \/>\n<meta property=\"og:site_name\" content=\"Satakunnan Museopaloautoyhdistys\" \/>\n<meta property=\"article:modified_time\" content=\"2026-01-08T19:37:18+00:00\" \/>\n<meta property=\"og:image\" content=\"https:\/\/museopaloautoyhdistys.fi\/wp-content\/uploads\/2024\/11\/Unimog-scaled.jpg\" \/>\n\t<meta property=\"og:image:width\" content=\"2560\" \/>\n\t<meta property=\"og:image:height\" content=\"1562\" \/>\n\t<meta property=\"og:image:type\" content=\"image\/jpeg\" \/>\n<meta name=\"twitter:card\" content=\"summary_large_image\" \/>\n<meta name=\"twitter:label1\" content=\"Arvioitu lukuaika\" \/>\n\t<meta name=\"twitter:data1\" content=\"2 minuuttia\" \/>\n<script type=\"application\/ld+json\" class=\"yoast-schema-graph\">{\"@context\":\"https:\\\/\\\/schema.org\",\"@graph\":[{\"@type\":\"WebPage\",\"@id\":\"https:\\\/\\\/museopaloautoyhdistys.fi\\\/?page_id=80\",\"url\":\"https:\\\/\\\/museopaloautoyhdistys.fi\\\/?page_id=80\",\"name\":\"Mercedes-Benz Unimog S, 1959 - Satakunnan Museopaloautoyhdistys\",\"isPartOf\":{\"@id\":\"https:\\\/\\\/museopaloautoyhdistys.fi\\\/#website\"},\"primaryImageOfPage\":{\"@id\":\"https:\\\/\\\/museopaloautoyhdistys.fi\\\/?page_id=80#primaryimage\"},\"image\":{\"@id\":\"https:\\\/\\\/museopaloautoyhdistys.fi\\\/?page_id=80#primaryimage\"},\"thumbnailUrl\":\"https:\\\/\\\/museopaloautoyhdistys.fi\\\/wp-content\\\/uploads\\\/2024\\\/11\\\/Unimog-1024x625.jpg\",\"datePublished\":\"2024-11-07T08:03:56+00:00\",\"dateModified\":\"2026-01-08T19:37:18+00:00\",\"breadcrumb\":{\"@id\":\"https:\\\/\\\/museopaloautoyhdistys.fi\\\/?page_id=80#breadcrumb\"},\"inLanguage\":\"fi\",\"potentialAction\":[{\"@type\":\"ReadAction\",\"target\":[\"https:\\\/\\\/museopaloautoyhdistys.fi\\\/?page_id=80\"]}]},{\"@type\":\"ImageObject\",\"inLanguage\":\"fi\",\"@id\":\"https:\\\/\\\/museopaloautoyhdistys.fi\\\/?page_id=80#primaryimage\",\"url\":\"https:\\\/\\\/museopaloautoyhdistys.fi\\\/wp-content\\\/uploads\\\/2024\\\/11\\\/Unimog-scaled.jpg\",\"contentUrl\":\"https:\\\/\\\/museopaloautoyhdistys.fi\\\/wp-content\\\/uploads\\\/2024\\\/11\\\/Unimog-scaled.jpg\",\"width\":2560,\"height\":1562},{\"@type\":\"BreadcrumbList\",\"@id\":\"https:\\\/\\\/museopaloautoyhdistys.fi\\\/?page_id=80#breadcrumb\",\"itemListElement\":[{\"@type\":\"ListItem\",\"position\":1,\"name\":\"Home\",\"item\":\"https:\\\/\\\/museopaloautoyhdistys.fi\\\/\"},{\"@type\":\"ListItem\",\"position\":2,\"name\":\"Museopaloautot\",\"item\":\"https:\\\/\\\/museopaloautoyhdistys.fi\\\/?page_id=37\"},{\"@type\":\"ListItem\",\"position\":3,\"name\":\"Mercedes-Benz Unimog S, 1959\"}]},{\"@type\":\"WebSite\",\"@id\":\"https:\\\/\\\/museopaloautoyhdistys.fi\\\/#website\",\"url\":\"https:\\\/\\\/museopaloautoyhdistys.fi\\\/\",\"name\":\"Satakunnan Museopaloautoyhdistys\",\"description\":\"\",\"potentialAction\":[{\"@type\":\"SearchAction\",\"target\":{\"@type\":\"EntryPoint\",\"urlTemplate\":\"https:\\\/\\\/museopaloautoyhdistys.fi\\\/?s={search_term_string}\"},\"query-input\":{\"@type\":\"PropertyValueSpecification\",\"valueRequired\":true,\"valueName\":\"search_term_string\"}}],\"inLanguage\":\"fi\"}]}<\/script>\n<!-- \/ Yoast SEO plugin. -->","yoast_head_json":{"title":"Mercedes-Benz Unimog S, 1959 - Satakunnan Museopaloautoyhdistys","robots":{"index":"index","follow":"follow","max-snippet":"max-snippet:-1","max-image-preview":"max-image-preview:large","max-video-preview":"max-video-preview:-1"},"canonical":"https:\/\/museopaloautoyhdistys.fi\/?page_id=80","og_locale":"fi_FI","og_type":"article","og_title":"Mercedes-Benz Unimog S, 1959 - Satakunnan Museopaloautoyhdistys","og_description":"MERKKI, MALLI, VUOSIMALLIMercedes-Benz, Unimog S 404, 1959, TZ-707ALUSTAN VALMISTAJAMercedes-Benz, L\u00e4nsi-SaksaP\u00c4\u00c4LLIRAKENTEEN VALMISTAJAVeljekset Kulmala OyKUNTOEntis\u00f6intikelpoinenOMISTAJAPomarkun VPK(Pomarkun kunta 1959 \u20132010) Pomarkun kunta hankki vuonna 1959 Mercedes-Benz Unimog-paloauton, joka osoittautui kunnan olosuhteisiin sopivimmaksi. Mielenkiintoisena yksityiskohtana oli auton valmistusmaan, L\u00e4nsi-Saksan, aiheuttama vastustus joidenkin kunnanisien taholta. Heit\u00e4 rauhoitettiin hankkimalla Gaz-kuorma-auto s\u00e4ili\u00f6autoksi vuonna 1961.Veljekset Kulmala Oy:n Unimog S -maastotraktorin alustalle rakentaman auton [&hellip;]","og_url":"https:\/\/museopaloautoyhdistys.fi\/?page_id=80","og_site_name":"Satakunnan Museopaloautoyhdistys","article_modified_time":"2026-01-08T19:37:18+00:00","og_image":[{"width":2560,"height":1562,"url":"https:\/\/museopaloautoyhdistys.fi\/wp-content\/uploads\/2024\/11\/Unimog-scaled.jpg","type":"image\/jpeg"}],"twitter_card":"summary_large_image","twitter_misc":{"Arvioitu lukuaika":"2 minuuttia"},"schema":{"@context":"https:\/\/schema.org","@graph":[{"@type":"WebPage","@id":"https:\/\/museopaloautoyhdistys.fi\/?page_id=80","url":"https:\/\/museopaloautoyhdistys.fi\/?page_id=80","name":"Mercedes-Benz Unimog S, 1959 - Satakunnan Museopaloautoyhdistys","isPartOf":{"@id":"https:\/\/museopaloautoyhdistys.fi\/#website"},"primaryImageOfPage":{"@id":"https:\/\/museopaloautoyhdistys.fi\/?page_id=80#primaryimage"},"image":{"@id":"https:\/\/museopaloautoyhdistys.fi\/?page_id=80#primaryimage"},"thumbnailUrl":"https:\/\/museopaloautoyhdistys.fi\/wp-content\/uploads\/2024\/11\/Unimog-1024x625.jpg","datePublished":"2024-11-07T08:03:56+00:00","dateModified":"2026-01-08T19:37:18+00:00","breadcrumb":{"@id":"https:\/\/museopaloautoyhdistys.fi\/?page_id=80#breadcrumb"},"inLanguage":"fi","potentialAction":[{"@type":"ReadAction","target":["https:\/\/museopaloautoyhdistys.fi\/?page_id=80"]}]},{"@type":"ImageObject","inLanguage":"fi","@id":"https:\/\/museopaloautoyhdistys.fi\/?page_id=80#primaryimage","url":"https:\/\/museopaloautoyhdistys.fi\/wp-content\/uploads\/2024\/11\/Unimog-scaled.jpg","contentUrl":"https:\/\/museopaloautoyhdistys.fi\/wp-content\/uploads\/2024\/11\/Unimog-scaled.jpg","width":2560,"height":1562},{"@type":"BreadcrumbList","@id":"https:\/\/museopaloautoyhdistys.fi\/?page_id=80#breadcrumb","itemListElement":[{"@type":"ListItem","position":1,"name":"Home","item":"https:\/\/museopaloautoyhdistys.fi\/"},{"@type":"ListItem","position":2,"name":"Museopaloautot","item":"https:\/\/museopaloautoyhdistys.fi\/?page_id=37"},{"@type":"ListItem","position":3,"name":"Mercedes-Benz Unimog S, 1959"}]},{"@type":"WebSite","@id":"https:\/\/museopaloautoyhdistys.fi\/#website","url":"https:\/\/museopaloautoyhdistys.fi\/","name":"Satakunnan Museopaloautoyhdistys","description":"","potentialAction":[{"@type":"SearchAction","target":{"@type":"EntryPoint","urlTemplate":"https:\/\/museopaloautoyhdistys.fi\/?s={search_term_string}"},"query-input":{"@type":"PropertyValueSpecification","valueRequired":true,"valueName":"search_term_string"}}],"inLanguage":"fi"}]}},"_links":{"self":[{"href":"https:\/\/museopaloautoyhdistys.fi\/index.php?rest_route=\/wp\/v2\/pages\/80","targetHints":{"allow":["GET"]}}],"collection":[{"href":"https:\/\/museopaloautoyhdistys.fi\/index.php?rest_route=\/wp\/v2\/pages"}],"about":[{"href":"https:\/\/museopaloautoyhdistys.fi\/index.php?rest_route=\/wp\/v2\/types\/page"}],"author":[{"embeddable":true,"href":"https:\/\/museopaloautoyhdistys.fi\/index.php?rest_route=\/wp\/v2\/users\/1"}],"replies":[{"embeddable":true,"href":"https:\/\/museopaloautoyhdistys.fi\/index.php?rest_route=%2Fwp%2Fv2%2Fcomments&post=80"}],"version-history":[{"count":1,"href":"https:\/\/museopaloautoyhdistys.fi\/index.php?rest_route=\/wp\/v2\/pages\/80\/revisions"}],"predecessor-version":[{"id":82,"href":"https:\/\/museopaloautoyhdistys.fi\/index.php?rest_route=\/wp\/v2\/pages\/80\/revisions\/82"}],"up":[{"embeddable":true,"href":"https:\/\/museopaloautoyhdistys.fi\/index.php?rest_route=\/wp\/v2\/pages\/37"}],"wp:attachment":[{"href":"https:\/\/museopaloautoyhdistys.fi\/index.php?rest_route=%2Fwp%2Fv2%2Fmedia&parent=80"}],"curies":[{"name":"wp","href":"https:\/\/api.w.org\/{rel}","templated":true}]}}