{"id":58,"date":"2024-10-29T13:37:55","date_gmt":"2024-10-29T13:37:55","guid":{"rendered":"https:\/\/museopaloautoyhdistys.fi\/?page_id=58"},"modified":"2024-11-07T09:22:04","modified_gmt":"2024-11-07T09:22:04","slug":"yhdistys","status":"publish","type":"page","link":"https:\/\/museopaloautoyhdistys.fi\/?page_id=58","title":{"rendered":"Yhdistys"},"content":{"rendered":"\n<h1 class=\"wp-block-heading\">Satakunnassa on noin 60 museopaloautoa, ja jokaisella niist\u00e4 on mielenkiintoinen historia ja tarina<\/h1>\n\n\n\n<p>Haluamme, ett\u00e4 autot ovat ajokunnossa ja siten el\u00e4v\u00e4\u00e4 palokuntahistoriaa. Yhdistyksen hallilla Ulasoorissa on jo 17 vanhaa paloautoa, joita valmistellaan ajo- ja n\u00e4yttelykuntoon. Satakunnan palokunnilla on my\u00f6s kymmeni\u00e4 museoautoja asemillaan.<\/p>\n\n\n\n<p>Tule mukaan tekem\u00e4\u00e4n historiasta el\u00e4v\u00e4\u00e4! Luvassa on jokaiselle jotakin; p\u00f6lyjen pyyhinn\u00e4st\u00e4 koneremontteihin. My\u00f6s autotietojen ja kuvien ker\u00e4\u00e4minen, tapahtumiin ja n\u00e4yttelyihin osallistuminen sek\u00e4 yhteisty\u00f6 muiden mobiiliharrastajien kanssa kuuluvat yhdistyksen toimintaan.<\/p>\n\n\n\n<p>Kokoontumiset jokaisen kuukauden toisena torstaina klo 17.30<br>yhdistyksen hallilla osoitteessa <strong>Kruuti-Jussintie 5, (Ulasoori), Pori.<\/strong><\/p>\n\n\n\n<p>Lis\u00e4tiedot: Satakunnan museopaloautoyhdistys ry<br>Risto Rajala 044 572 3112, risto.r.rajala@gmail.com<\/p>\n\n\n\n<figure class=\"wp-block-gallery has-nested-images columns-4 is-cropped wp-block-gallery-1 is-layout-flex wp-block-gallery-is-layout-flex\">\n<figure class=\"wp-block-image size-large\"><a href=\"https:\/\/museopaloautoyhdistys.fi\/?attachment_id=129\" target=\"_blank\" rel=\"noopener\"><img loading=\"lazy\" decoding=\"async\" width=\"1024\" height=\"576\" data-id=\"129\" src=\"https:\/\/museopaloautoyhdistys.fi\/wp-content\/uploads\/2024\/11\/20240302-03-Motor-Show_Pori-1-1024x576.jpg\" alt=\"\" class=\"wp-image-129\" srcset=\"https:\/\/museopaloautoyhdistys.fi\/wp-content\/uploads\/2024\/11\/20240302-03-Motor-Show_Pori-1-1024x576.jpg 1024w, https:\/\/museopaloautoyhdistys.fi\/wp-content\/uploads\/2024\/11\/20240302-03-Motor-Show_Pori-1-300x169.jpg 300w, https:\/\/museopaloautoyhdistys.fi\/wp-content\/uploads\/2024\/11\/20240302-03-Motor-Show_Pori-1-768x432.jpg 768w, https:\/\/museopaloautoyhdistys.fi\/wp-content\/uploads\/2024\/11\/20240302-03-Motor-Show_Pori-1-1536x864.jpg 1536w, https:\/\/museopaloautoyhdistys.fi\/wp-content\/uploads\/2024\/11\/20240302-03-Motor-Show_Pori-1.jpg 1600w\" sizes=\"auto, (max-width: 1024px) 100vw, 1024px\" \/><\/a><\/figure>\n\n\n\n<figure class=\"wp-block-image size-large\"><a href=\"https:\/\/museopaloautoyhdistys.fi\/?attachment_id=128\" target=\"_blank\" rel=\"noopener\"><img loading=\"lazy\" decoding=\"async\" width=\"1024\" height=\"576\" data-id=\"128\" src=\"https:\/\/museopaloautoyhdistys.fi\/wp-content\/uploads\/2024\/11\/20240319_Autojen-kevatulkoilu-ja-jarrukoe-1024x576.jpg\" alt=\"\" class=\"wp-image-128\" srcset=\"https:\/\/museopaloautoyhdistys.fi\/wp-content\/uploads\/2024\/11\/20240319_Autojen-kevatulkoilu-ja-jarrukoe-1024x576.jpg 1024w, https:\/\/museopaloautoyhdistys.fi\/wp-content\/uploads\/2024\/11\/20240319_Autojen-kevatulkoilu-ja-jarrukoe-300x169.jpg 300w, https:\/\/museopaloautoyhdistys.fi\/wp-content\/uploads\/2024\/11\/20240319_Autojen-kevatulkoilu-ja-jarrukoe-768x432.jpg 768w, https:\/\/museopaloautoyhdistys.fi\/wp-content\/uploads\/2024\/11\/20240319_Autojen-kevatulkoilu-ja-jarrukoe-1536x864.jpg 1536w, https:\/\/museopaloautoyhdistys.fi\/wp-content\/uploads\/2024\/11\/20240319_Autojen-kevatulkoilu-ja-jarrukoe.jpg 1600w\" sizes=\"auto, (max-width: 1024px) 100vw, 1024px\" \/><\/a><\/figure>\n\n\n\n<figure class=\"wp-block-image size-large\"><a href=\"https:\/\/museopaloautoyhdistys.fi\/?attachment_id=130\" target=\"_blank\" rel=\"noopener\"><img loading=\"lazy\" decoding=\"async\" width=\"1024\" height=\"768\" data-id=\"130\" src=\"https:\/\/museopaloautoyhdistys.fi\/wp-content\/uploads\/2024\/11\/Kuva-2-1024x768.jpg\" alt=\"\" class=\"wp-image-130\" srcset=\"https:\/\/museopaloautoyhdistys.fi\/wp-content\/uploads\/2024\/11\/Kuva-2-1024x768.jpg 1024w, https:\/\/museopaloautoyhdistys.fi\/wp-content\/uploads\/2024\/11\/Kuva-2-300x225.jpg 300w, https:\/\/museopaloautoyhdistys.fi\/wp-content\/uploads\/2024\/11\/Kuva-2-768x576.jpg 768w, https:\/\/museopaloautoyhdistys.fi\/wp-content\/uploads\/2024\/11\/Kuva-2-1536x1152.jpg 1536w, https:\/\/museopaloautoyhdistys.fi\/wp-content\/uploads\/2024\/11\/Kuva-2-2048x1536.jpg 2048w\" sizes=\"auto, (max-width: 1024px) 100vw, 1024px\" \/><\/a><\/figure>\n\n\n\n<figure class=\"wp-block-image size-large\"><a href=\"https:\/\/museopaloautoyhdistys.fi\/?attachment_id=127\" target=\"_blank\" rel=\"noopener\"><img loading=\"lazy\" decoding=\"async\" width=\"1024\" height=\"662\" data-id=\"127\" src=\"https:\/\/museopaloautoyhdistys.fi\/wp-content\/uploads\/2024\/11\/20240321_Lansi-Euran-VPK-veteraanit-vierailu-1024x662.jpg\" alt=\"\" class=\"wp-image-127\" srcset=\"https:\/\/museopaloautoyhdistys.fi\/wp-content\/uploads\/2024\/11\/20240321_Lansi-Euran-VPK-veteraanit-vierailu-1024x662.jpg 1024w, https:\/\/museopaloautoyhdistys.fi\/wp-content\/uploads\/2024\/11\/20240321_Lansi-Euran-VPK-veteraanit-vierailu-300x194.jpg 300w, https:\/\/museopaloautoyhdistys.fi\/wp-content\/uploads\/2024\/11\/20240321_Lansi-Euran-VPK-veteraanit-vierailu-768x496.jpg 768w, https:\/\/museopaloautoyhdistys.fi\/wp-content\/uploads\/2024\/11\/20240321_Lansi-Euran-VPK-veteraanit-vierailu.jpg 1295w\" sizes=\"auto, (max-width: 1024px) 100vw, 1024px\" \/><\/a><\/figure>\n<\/figure>\n","protected":false},"excerpt":{"rendered":"<p>Satakunnassa on noin 60 museopaloautoa, ja jokaisella niist\u00e4 on mielenkiintoinen historia ja tarina Haluamme, ett\u00e4 autot ovat ajokunnossa ja siten el\u00e4v\u00e4\u00e4 palokuntahistoriaa. Yhdistyksen hallilla Ulasoorissa on jo 17 vanhaa paloautoa, joita valmistellaan ajo- ja n\u00e4yttelykuntoon. Satakunnan palokunnilla on my\u00f6s kymmeni\u00e4 museoautoja asemillaan. Tule mukaan tekem\u00e4\u00e4n historiasta el\u00e4v\u00e4\u00e4! Luvassa on jokaiselle jotakin; p\u00f6lyjen pyyhinn\u00e4st\u00e4 koneremontteihin. My\u00f6s [&hellip;]<\/p>\n","protected":false},"author":1,"featured_media":0,"parent":0,"menu_order":0,"comment_status":"closed","ping_status":"closed","template":"","meta":{"_monsterinsights_skip_tracking":false,"_monsterinsights_sitenote_active":false,"_monsterinsights_sitenote_note":"","_monsterinsights_sitenote_category":0,"footnotes":""},"class_list":["post-58","page","type-page","status-publish","hentry"],"yoast_head":"<!-- This site is optimized with the Yoast SEO plugin v27.4 - https:\/\/yoast.com\/product\/yoast-seo-wordpress\/ -->\n<title>Yhdistys - Satakunnan Museopaloautoyhdistys<\/title>\n<meta name=\"robots\" content=\"index, follow, max-snippet:-1, max-image-preview:large, max-video-preview:-1\" \/>\n<link rel=\"canonical\" href=\"https:\/\/museopaloautoyhdistys.fi\/?page_id=58\" \/>\n<meta property=\"og:locale\" content=\"fi_FI\" \/>\n<meta property=\"og:type\" content=\"article\" \/>\n<meta property=\"og:title\" content=\"Yhdistys - Satakunnan Museopaloautoyhdistys\" \/>\n<meta property=\"og:description\" content=\"Satakunnassa on noin 60 museopaloautoa, ja jokaisella niist\u00e4 on mielenkiintoinen historia ja tarina Haluamme, ett\u00e4 autot ovat ajokunnossa ja siten el\u00e4v\u00e4\u00e4 palokuntahistoriaa. Yhdistyksen hallilla Ulasoorissa on jo 17 vanhaa paloautoa, joita valmistellaan ajo- ja n\u00e4yttelykuntoon. Satakunnan palokunnilla on my\u00f6s kymmeni\u00e4 museoautoja asemillaan. Tule mukaan tekem\u00e4\u00e4n historiasta el\u00e4v\u00e4\u00e4! Luvassa on jokaiselle jotakin; p\u00f6lyjen pyyhinn\u00e4st\u00e4 koneremontteihin. My\u00f6s [&hellip;]\" \/>\n<meta property=\"og:url\" content=\"https:\/\/museopaloautoyhdistys.fi\/?page_id=58\" \/>\n<meta property=\"og:site_name\" content=\"Satakunnan Museopaloautoyhdistys\" \/>\n<meta property=\"article:modified_time\" content=\"2024-11-07T09:22:04+00:00\" \/>\n<meta property=\"og:image\" content=\"https:\/\/museopaloautoyhdistys.fi\/wp-content\/uploads\/2024\/11\/20240302-03-Motor-Show_Pori-1.jpg\" \/>\n\t<meta property=\"og:image:width\" content=\"1600\" \/>\n\t<meta property=\"og:image:height\" content=\"900\" \/>\n\t<meta property=\"og:image:type\" content=\"image\/jpeg\" \/>\n<meta name=\"twitter:card\" content=\"summary_large_image\" \/>\n<meta name=\"twitter:label1\" content=\"Arvioitu lukuaika\" \/>\n\t<meta name=\"twitter:data1\" content=\"2 minuuttia\" \/>\n<script type=\"application\/ld+json\" class=\"yoast-schema-graph\">{\"@context\":\"https:\\\/\\\/schema.org\",\"@graph\":[{\"@type\":\"WebPage\",\"@id\":\"https:\\\/\\\/museopaloautoyhdistys.fi\\\/?page_id=58\",\"url\":\"https:\\\/\\\/museopaloautoyhdistys.fi\\\/?page_id=58\",\"name\":\"Yhdistys - Satakunnan Museopaloautoyhdistys\",\"isPartOf\":{\"@id\":\"https:\\\/\\\/museopaloautoyhdistys.fi\\\/#website\"},\"primaryImageOfPage\":{\"@id\":\"https:\\\/\\\/museopaloautoyhdistys.fi\\\/?page_id=58#primaryimage\"},\"image\":{\"@id\":\"https:\\\/\\\/museopaloautoyhdistys.fi\\\/?page_id=58#primaryimage\"},\"thumbnailUrl\":\"https:\\\/\\\/museopaloautoyhdistys.fi\\\/wp-content\\\/uploads\\\/2024\\\/11\\\/20240302-03-Motor-Show_Pori-1-1024x576.jpg\",\"datePublished\":\"2024-10-29T13:37:55+00:00\",\"dateModified\":\"2024-11-07T09:22:04+00:00\",\"breadcrumb\":{\"@id\":\"https:\\\/\\\/museopaloautoyhdistys.fi\\\/?page_id=58#breadcrumb\"},\"inLanguage\":\"fi\",\"potentialAction\":[{\"@type\":\"ReadAction\",\"target\":[\"https:\\\/\\\/museopaloautoyhdistys.fi\\\/?page_id=58\"]}]},{\"@type\":\"ImageObject\",\"inLanguage\":\"fi\",\"@id\":\"https:\\\/\\\/museopaloautoyhdistys.fi\\\/?page_id=58#primaryimage\",\"url\":\"https:\\\/\\\/museopaloautoyhdistys.fi\\\/wp-content\\\/uploads\\\/2024\\\/11\\\/20240302-03-Motor-Show_Pori-1.jpg\",\"contentUrl\":\"https:\\\/\\\/museopaloautoyhdistys.fi\\\/wp-content\\\/uploads\\\/2024\\\/11\\\/20240302-03-Motor-Show_Pori-1.jpg\",\"width\":1600,\"height\":900},{\"@type\":\"BreadcrumbList\",\"@id\":\"https:\\\/\\\/museopaloautoyhdistys.fi\\\/?page_id=58#breadcrumb\",\"itemListElement\":[{\"@type\":\"ListItem\",\"position\":1,\"name\":\"Home\",\"item\":\"https:\\\/\\\/museopaloautoyhdistys.fi\\\/\"},{\"@type\":\"ListItem\",\"position\":2,\"name\":\"Yhdistys\"}]},{\"@type\":\"WebSite\",\"@id\":\"https:\\\/\\\/museopaloautoyhdistys.fi\\\/#website\",\"url\":\"https:\\\/\\\/museopaloautoyhdistys.fi\\\/\",\"name\":\"Satakunnan Museopaloautoyhdistys\",\"description\":\"\",\"potentialAction\":[{\"@type\":\"SearchAction\",\"target\":{\"@type\":\"EntryPoint\",\"urlTemplate\":\"https:\\\/\\\/museopaloautoyhdistys.fi\\\/?s={search_term_string}\"},\"query-input\":{\"@type\":\"PropertyValueSpecification\",\"valueRequired\":true,\"valueName\":\"search_term_string\"}}],\"inLanguage\":\"fi\"}]}<\/script>\n<!-- \/ Yoast SEO plugin. -->","yoast_head_json":{"title":"Yhdistys - Satakunnan Museopaloautoyhdistys","robots":{"index":"index","follow":"follow","max-snippet":"max-snippet:-1","max-image-preview":"max-image-preview:large","max-video-preview":"max-video-preview:-1"},"canonical":"https:\/\/museopaloautoyhdistys.fi\/?page_id=58","og_locale":"fi_FI","og_type":"article","og_title":"Yhdistys - Satakunnan Museopaloautoyhdistys","og_description":"Satakunnassa on noin 60 museopaloautoa, ja jokaisella niist\u00e4 on mielenkiintoinen historia ja tarina Haluamme, ett\u00e4 autot ovat ajokunnossa ja siten el\u00e4v\u00e4\u00e4 palokuntahistoriaa. Yhdistyksen hallilla Ulasoorissa on jo 17 vanhaa paloautoa, joita valmistellaan ajo- ja n\u00e4yttelykuntoon. Satakunnan palokunnilla on my\u00f6s kymmeni\u00e4 museoautoja asemillaan. Tule mukaan tekem\u00e4\u00e4n historiasta el\u00e4v\u00e4\u00e4! Luvassa on jokaiselle jotakin; p\u00f6lyjen pyyhinn\u00e4st\u00e4 koneremontteihin. My\u00f6s [&hellip;]","og_url":"https:\/\/museopaloautoyhdistys.fi\/?page_id=58","og_site_name":"Satakunnan Museopaloautoyhdistys","article_modified_time":"2024-11-07T09:22:04+00:00","og_image":[{"width":1600,"height":900,"url":"https:\/\/museopaloautoyhdistys.fi\/wp-content\/uploads\/2024\/11\/20240302-03-Motor-Show_Pori-1.jpg","type":"image\/jpeg"}],"twitter_card":"summary_large_image","twitter_misc":{"Arvioitu lukuaika":"2 minuuttia"},"schema":{"@context":"https:\/\/schema.org","@graph":[{"@type":"WebPage","@id":"https:\/\/museopaloautoyhdistys.fi\/?page_id=58","url":"https:\/\/museopaloautoyhdistys.fi\/?page_id=58","name":"Yhdistys - Satakunnan Museopaloautoyhdistys","isPartOf":{"@id":"https:\/\/museopaloautoyhdistys.fi\/#website"},"primaryImageOfPage":{"@id":"https:\/\/museopaloautoyhdistys.fi\/?page_id=58#primaryimage"},"image":{"@id":"https:\/\/museopaloautoyhdistys.fi\/?page_id=58#primaryimage"},"thumbnailUrl":"https:\/\/museopaloautoyhdistys.fi\/wp-content\/uploads\/2024\/11\/20240302-03-Motor-Show_Pori-1-1024x576.jpg","datePublished":"2024-10-29T13:37:55+00:00","dateModified":"2024-11-07T09:22:04+00:00","breadcrumb":{"@id":"https:\/\/museopaloautoyhdistys.fi\/?page_id=58#breadcrumb"},"inLanguage":"fi","potentialAction":[{"@type":"ReadAction","target":["https:\/\/museopaloautoyhdistys.fi\/?page_id=58"]}]},{"@type":"ImageObject","inLanguage":"fi","@id":"https:\/\/museopaloautoyhdistys.fi\/?page_id=58#primaryimage","url":"https:\/\/museopaloautoyhdistys.fi\/wp-content\/uploads\/2024\/11\/20240302-03-Motor-Show_Pori-1.jpg","contentUrl":"https:\/\/museopaloautoyhdistys.fi\/wp-content\/uploads\/2024\/11\/20240302-03-Motor-Show_Pori-1.jpg","width":1600,"height":900},{"@type":"BreadcrumbList","@id":"https:\/\/museopaloautoyhdistys.fi\/?page_id=58#breadcrumb","itemListElement":[{"@type":"ListItem","position":1,"name":"Home","item":"https:\/\/museopaloautoyhdistys.fi\/"},{"@type":"ListItem","position":2,"name":"Yhdistys"}]},{"@type":"WebSite","@id":"https:\/\/museopaloautoyhdistys.fi\/#website","url":"https:\/\/museopaloautoyhdistys.fi\/","name":"Satakunnan Museopaloautoyhdistys","description":"","potentialAction":[{"@type":"SearchAction","target":{"@type":"EntryPoint","urlTemplate":"https:\/\/museopaloautoyhdistys.fi\/?s={search_term_string}"},"query-input":{"@type":"PropertyValueSpecification","valueRequired":true,"valueName":"search_term_string"}}],"inLanguage":"fi"}]}},"_links":{"self":[{"href":"https:\/\/museopaloautoyhdistys.fi\/index.php?rest_route=\/wp\/v2\/pages\/58","targetHints":{"allow":["GET"]}}],"collection":[{"href":"https:\/\/museopaloautoyhdistys.fi\/index.php?rest_route=\/wp\/v2\/pages"}],"about":[{"href":"https:\/\/museopaloautoyhdistys.fi\/index.php?rest_route=\/wp\/v2\/types\/page"}],"author":[{"embeddable":true,"href":"https:\/\/museopaloautoyhdistys.fi\/index.php?rest_route=\/wp\/v2\/users\/1"}],"replies":[{"embeddable":true,"href":"https:\/\/museopaloautoyhdistys.fi\/index.php?rest_route=%2Fwp%2Fv2%2Fcomments&post=58"}],"version-history":[{"count":2,"href":"https:\/\/museopaloautoyhdistys.fi\/index.php?rest_route=\/wp\/v2\/pages\/58\/revisions"}],"predecessor-version":[{"id":131,"href":"https:\/\/museopaloautoyhdistys.fi\/index.php?rest_route=\/wp\/v2\/pages\/58\/revisions\/131"}],"wp:attachment":[{"href":"https:\/\/museopaloautoyhdistys.fi\/index.php?rest_route=%2Fwp%2Fv2%2Fmedia&parent=58"}],"curies":[{"name":"wp","href":"https:\/\/api.w.org\/{rel}","templated":true}]}}