{"id":55,"date":"2024-10-29T13:34:24","date_gmt":"2024-10-29T13:34:24","guid":{"rendered":"https:\/\/museopaloautoyhdistys.fi\/?page_id=55"},"modified":"2026-01-08T19:37:02","modified_gmt":"2026-01-08T19:37:02","slug":"fordson-thames-7v-1948","status":"publish","type":"page","link":"https:\/\/museopaloautoyhdistys.fi\/?page_id=55","title":{"rendered":"Fordson Thames 7V, 1948"},"content":{"rendered":"\n<div class=\"wp-block-media-text is-stacked-on-mobile is-vertically-aligned-top\"><figure class=\"wp-block-media-text__media\"><img loading=\"lazy\" decoding=\"async\" width=\"1024\" height=\"731\" src=\"https:\/\/museopaloautoyhdistys.fi\/wp-content\/uploads\/2024\/10\/1948-Fordson-Thames-Siikaisten-VPK_Esittely-1024x731.jpg\" alt=\"\" class=\"wp-image-56 size-full\" srcset=\"https:\/\/museopaloautoyhdistys.fi\/wp-content\/uploads\/2024\/10\/1948-Fordson-Thames-Siikaisten-VPK_Esittely-1024x731.jpg 1024w, https:\/\/museopaloautoyhdistys.fi\/wp-content\/uploads\/2024\/10\/1948-Fordson-Thames-Siikaisten-VPK_Esittely-300x214.jpg 300w, https:\/\/museopaloautoyhdistys.fi\/wp-content\/uploads\/2024\/10\/1948-Fordson-Thames-Siikaisten-VPK_Esittely-768x549.jpg 768w, https:\/\/museopaloautoyhdistys.fi\/wp-content\/uploads\/2024\/10\/1948-Fordson-Thames-Siikaisten-VPK_Esittely-1536x1097.jpg 1536w, https:\/\/museopaloautoyhdistys.fi\/wp-content\/uploads\/2024\/10\/1948-Fordson-Thames-Siikaisten-VPK_Esittely-2048x1463.jpg 2048w\" sizes=\"auto, (max-width: 1024px) 100vw, 1024px\" \/><\/figure><div class=\"wp-block-media-text__content\">\n<p class=\"has-roboto-font-family has-extra-small-font-size\" style=\"line-height:1.3\"><strong>MERKKI, MALLI JA VUOSIMALLI<\/strong><br>Fordson Thames, 7V, 1948<br><strong>REKISTERINUMERO<\/strong><br>MBN-15 (TM-434)<br><strong>ALUSTAN VALMISTAJA<\/strong><br>Ford Motor Company, Dagenham, Lontoo, Iso-Britannia<br><strong>P\u00c4\u00c4LLIRAKENTEEN VALMISTAJA<\/strong><br>Siikaisten yleinen palokunta talkoilla 1955 &#8211; 56<br><strong>KUNTO<\/strong><br>Entis\u00f6ity Siikaisten VPK:n toimesta 2010,<br>kunto hyv\u00e4<br><strong>OMISTAJA<\/strong><br>Siikaisten VPK<\/p>\n<\/div><\/div>\n\n\n\n<p><strong>Veivill\u00e4 k\u00e4yntiin, ohjaus oikealla<\/strong><\/p>\n\n\n\n<p class=\"has-roboto-font-family has-extra-small-font-size\" style=\"line-height:1.3\">Englantilaisvalmisteinen, \u201dnokaton\u201d Fordson Thames 7V hankittiin vuonna 1948 Siikaisten kunnan sora-autoksi. Ensirekister\u00f6innin p\u00e4iv\u00e4m\u00e4\u00e4r\u00e4 on 1.11.1948.<\/p>\n\n\n\n<p class=\"has-roboto-font-family has-extra-small-font-size\" style=\"line-height:1.3\">Auto oli kyseisen mallin viimeisen valmistusvuoden yksil\u00f6. Vuodesta 1949 alkaen sen korvasi nokallinen Fordson Thames ET, joka oli tekniikaltaan edistyksellisempi ja ohjaamoltaan tilavampi.<\/p>\n\n\n\n<p class=\"has-roboto-font-family has-extra-small-font-size\" style=\"line-height:1.3\">Kunnan k\u00e4yt\u00f6ss\u00e4 ollut auto siirrettiin palokunnalle vuonna 1955. Siirtoa ilmeisesti edesauttoi se, ett\u00e4 kunnan sora-auton kuljettaja Pentti Rajala oli my\u00f6s kunnan palop\u00e4\u00e4llikk\u00f6.<\/p>\n\n\n\n<p class=\"has-roboto-font-family has-extra-small-font-size\" style=\"line-height:1.3\">Kuorma-auton auton muutos paloautoksi tapahtui Siikaisten \u201dyleisen palokunnan\u201d (vuodesta 1976 Siikaisten VPK) toimesta. Thamesin p\u00e4\u00e4llirakenteet valmistettiin ja asennettiin talkoilla.<\/p>\n\n\n\n<p class=\"has-roboto-font-family has-extra-small-font-size\" style=\"line-height:1.3\">Entis\u00f6idyss\u00e4 autossa on ter\u00e4spalkkirunko, umpinainen puurakenteinen ohjaamo ja avonainen miehist\u00f6-\/kalustolava. Palokalusto on erillisiss\u00e4 puulaatikoissa. Mukana on my\u00f6s moottoriruisku imuletkuineen.<br>Fordson Thamesin voimanl\u00e4hteen\u00e4 on Fordin V8, 85 hevosvoiman bensamoottori. K\u00e4yntiin auto l\u00e4htee veivill\u00e4. Vaihteisto on neliportainen manuaali. Englannissa valmistetun auton ohjaus tapahtuu oikealta.<br>Thames oli palokunnan k\u00e4yt\u00f6ss\u00e4 aina 1970-luvun puoliv\u00e4liin saakka. Auto siirtyi Siikaisten VPK:n omistukseen ja entis\u00f6itiin vuonna 2010.<\/p>\n\n\n\n<p class=\"has-roboto-font-family has-extra-small-font-size\" style=\"line-height:1.3\">Fordson Thames on museorekisteriss\u00e4 ja katsastettu vuonna 2022.<\/p>\n","protected":false},"excerpt":{"rendered":"<p>MERKKI, MALLI JA VUOSIMALLIFordson Thames, 7V, 1948REKISTERINUMEROMBN-15 (TM-434)ALUSTAN VALMISTAJAFord Motor Company, Dagenham, Lontoo, Iso-BritanniaP\u00c4\u00c4LLIRAKENTEEN VALMISTAJASiikaisten yleinen palokunta talkoilla 1955 &#8211; 56KUNTOEntis\u00f6ity Siikaisten VPK:n toimesta 2010,kunto hyv\u00e4OMISTAJASiikaisten VPK Veivill\u00e4 k\u00e4yntiin, ohjaus oikealla Englantilaisvalmisteinen, \u201dnokaton\u201d Fordson Thames 7V hankittiin vuonna 1948 Siikaisten kunnan sora-autoksi. Ensirekister\u00f6innin p\u00e4iv\u00e4m\u00e4\u00e4r\u00e4 on 1.11.1948. Auto oli kyseisen mallin viimeisen valmistusvuoden yksil\u00f6. Vuodesta 1949 [&hellip;]<\/p>\n","protected":false},"author":1,"featured_media":0,"parent":37,"menu_order":0,"comment_status":"closed","ping_status":"closed","template":"","meta":{"_monsterinsights_skip_tracking":false,"_monsterinsights_sitenote_active":false,"_monsterinsights_sitenote_note":"","_monsterinsights_sitenote_category":0,"footnotes":""},"class_list":["post-55","page","type-page","status-publish","hentry"],"yoast_head":"<!-- This site is optimized with the Yoast SEO plugin v27.4 - https:\/\/yoast.com\/product\/yoast-seo-wordpress\/ -->\n<title>Fordson Thames 7V, 1948 - Satakunnan Museopaloautoyhdistys<\/title>\n<meta name=\"robots\" content=\"index, follow, max-snippet:-1, max-image-preview:large, max-video-preview:-1\" \/>\n<link rel=\"canonical\" href=\"https:\/\/museopaloautoyhdistys.fi\/?page_id=55\" \/>\n<meta property=\"og:locale\" content=\"fi_FI\" \/>\n<meta property=\"og:type\" content=\"article\" \/>\n<meta property=\"og:title\" content=\"Fordson Thames 7V, 1948 - Satakunnan Museopaloautoyhdistys\" \/>\n<meta property=\"og:description\" content=\"MERKKI, MALLI JA VUOSIMALLIFordson Thames, 7V, 1948REKISTERINUMEROMBN-15 (TM-434)ALUSTAN VALMISTAJAFord Motor Company, Dagenham, Lontoo, Iso-BritanniaP\u00c4\u00c4LLIRAKENTEEN VALMISTAJASiikaisten yleinen palokunta talkoilla 1955 &#8211; 56KUNTOEntis\u00f6ity Siikaisten VPK:n toimesta 2010,kunto hyv\u00e4OMISTAJASiikaisten VPK Veivill\u00e4 k\u00e4yntiin, ohjaus oikealla Englantilaisvalmisteinen, \u201dnokaton\u201d Fordson Thames 7V hankittiin vuonna 1948 Siikaisten kunnan sora-autoksi. Ensirekister\u00f6innin p\u00e4iv\u00e4m\u00e4\u00e4r\u00e4 on 1.11.1948. Auto oli kyseisen mallin viimeisen valmistusvuoden yksil\u00f6. Vuodesta 1949 [&hellip;]\" \/>\n<meta property=\"og:url\" content=\"https:\/\/museopaloautoyhdistys.fi\/?page_id=55\" \/>\n<meta property=\"og:site_name\" content=\"Satakunnan Museopaloautoyhdistys\" \/>\n<meta property=\"article:modified_time\" content=\"2026-01-08T19:37:02+00:00\" \/>\n<meta property=\"og:image\" content=\"https:\/\/museopaloautoyhdistys.fi\/wp-content\/uploads\/2024\/10\/1948-Fordson-Thames-Siikaisten-VPK_Esittely-1024x731.jpg\" \/>\n\t<meta property=\"og:image:width\" content=\"1024\" \/>\n\t<meta property=\"og:image:height\" content=\"731\" \/>\n\t<meta property=\"og:image:type\" content=\"image\/jpeg\" \/>\n<meta name=\"twitter:card\" content=\"summary_large_image\" \/>\n<meta name=\"twitter:label1\" content=\"Arvioitu lukuaika\" \/>\n\t<meta name=\"twitter:data1\" content=\"2 minuuttia\" \/>\n<script type=\"application\/ld+json\" class=\"yoast-schema-graph\">{\"@context\":\"https:\\\/\\\/schema.org\",\"@graph\":[{\"@type\":\"WebPage\",\"@id\":\"https:\\\/\\\/museopaloautoyhdistys.fi\\\/?page_id=55\",\"url\":\"https:\\\/\\\/museopaloautoyhdistys.fi\\\/?page_id=55\",\"name\":\"Fordson Thames 7V, 1948 - Satakunnan Museopaloautoyhdistys\",\"isPartOf\":{\"@id\":\"https:\\\/\\\/museopaloautoyhdistys.fi\\\/#website\"},\"primaryImageOfPage\":{\"@id\":\"https:\\\/\\\/museopaloautoyhdistys.fi\\\/?page_id=55#primaryimage\"},\"image\":{\"@id\":\"https:\\\/\\\/museopaloautoyhdistys.fi\\\/?page_id=55#primaryimage\"},\"thumbnailUrl\":\"https:\\\/\\\/museopaloautoyhdistys.fi\\\/wp-content\\\/uploads\\\/2024\\\/10\\\/1948-Fordson-Thames-Siikaisten-VPK_Esittely-1024x731.jpg\",\"datePublished\":\"2024-10-29T13:34:24+00:00\",\"dateModified\":\"2026-01-08T19:37:02+00:00\",\"breadcrumb\":{\"@id\":\"https:\\\/\\\/museopaloautoyhdistys.fi\\\/?page_id=55#breadcrumb\"},\"inLanguage\":\"fi\",\"potentialAction\":[{\"@type\":\"ReadAction\",\"target\":[\"https:\\\/\\\/museopaloautoyhdistys.fi\\\/?page_id=55\"]}]},{\"@type\":\"ImageObject\",\"inLanguage\":\"fi\",\"@id\":\"https:\\\/\\\/museopaloautoyhdistys.fi\\\/?page_id=55#primaryimage\",\"url\":\"https:\\\/\\\/museopaloautoyhdistys.fi\\\/wp-content\\\/uploads\\\/2024\\\/10\\\/1948-Fordson-Thames-Siikaisten-VPK_Esittely.jpg\",\"contentUrl\":\"https:\\\/\\\/museopaloautoyhdistys.fi\\\/wp-content\\\/uploads\\\/2024\\\/10\\\/1948-Fordson-Thames-Siikaisten-VPK_Esittely.jpg\",\"width\":2481,\"height\":1772},{\"@type\":\"BreadcrumbList\",\"@id\":\"https:\\\/\\\/museopaloautoyhdistys.fi\\\/?page_id=55#breadcrumb\",\"itemListElement\":[{\"@type\":\"ListItem\",\"position\":1,\"name\":\"Home\",\"item\":\"https:\\\/\\\/museopaloautoyhdistys.fi\\\/\"},{\"@type\":\"ListItem\",\"position\":2,\"name\":\"Museopaloautot\",\"item\":\"https:\\\/\\\/museopaloautoyhdistys.fi\\\/?page_id=37\"},{\"@type\":\"ListItem\",\"position\":3,\"name\":\"Fordson Thames 7V, 1948\"}]},{\"@type\":\"WebSite\",\"@id\":\"https:\\\/\\\/museopaloautoyhdistys.fi\\\/#website\",\"url\":\"https:\\\/\\\/museopaloautoyhdistys.fi\\\/\",\"name\":\"Satakunnan Museopaloautoyhdistys\",\"description\":\"\",\"potentialAction\":[{\"@type\":\"SearchAction\",\"target\":{\"@type\":\"EntryPoint\",\"urlTemplate\":\"https:\\\/\\\/museopaloautoyhdistys.fi\\\/?s={search_term_string}\"},\"query-input\":{\"@type\":\"PropertyValueSpecification\",\"valueRequired\":true,\"valueName\":\"search_term_string\"}}],\"inLanguage\":\"fi\"}]}<\/script>\n<!-- \/ Yoast SEO plugin. -->","yoast_head_json":{"title":"Fordson Thames 7V, 1948 - Satakunnan Museopaloautoyhdistys","robots":{"index":"index","follow":"follow","max-snippet":"max-snippet:-1","max-image-preview":"max-image-preview:large","max-video-preview":"max-video-preview:-1"},"canonical":"https:\/\/museopaloautoyhdistys.fi\/?page_id=55","og_locale":"fi_FI","og_type":"article","og_title":"Fordson Thames 7V, 1948 - Satakunnan Museopaloautoyhdistys","og_description":"MERKKI, MALLI JA VUOSIMALLIFordson Thames, 7V, 1948REKISTERINUMEROMBN-15 (TM-434)ALUSTAN VALMISTAJAFord Motor Company, Dagenham, Lontoo, Iso-BritanniaP\u00c4\u00c4LLIRAKENTEEN VALMISTAJASiikaisten yleinen palokunta talkoilla 1955 &#8211; 56KUNTOEntis\u00f6ity Siikaisten VPK:n toimesta 2010,kunto hyv\u00e4OMISTAJASiikaisten VPK Veivill\u00e4 k\u00e4yntiin, ohjaus oikealla Englantilaisvalmisteinen, \u201dnokaton\u201d Fordson Thames 7V hankittiin vuonna 1948 Siikaisten kunnan sora-autoksi. Ensirekister\u00f6innin p\u00e4iv\u00e4m\u00e4\u00e4r\u00e4 on 1.11.1948. Auto oli kyseisen mallin viimeisen valmistusvuoden yksil\u00f6. Vuodesta 1949 [&hellip;]","og_url":"https:\/\/museopaloautoyhdistys.fi\/?page_id=55","og_site_name":"Satakunnan Museopaloautoyhdistys","article_modified_time":"2026-01-08T19:37:02+00:00","og_image":[{"width":1024,"height":731,"url":"https:\/\/museopaloautoyhdistys.fi\/wp-content\/uploads\/2024\/10\/1948-Fordson-Thames-Siikaisten-VPK_Esittely-1024x731.jpg","type":"image\/jpeg"}],"twitter_card":"summary_large_image","twitter_misc":{"Arvioitu lukuaika":"2 minuuttia"},"schema":{"@context":"https:\/\/schema.org","@graph":[{"@type":"WebPage","@id":"https:\/\/museopaloautoyhdistys.fi\/?page_id=55","url":"https:\/\/museopaloautoyhdistys.fi\/?page_id=55","name":"Fordson Thames 7V, 1948 - Satakunnan Museopaloautoyhdistys","isPartOf":{"@id":"https:\/\/museopaloautoyhdistys.fi\/#website"},"primaryImageOfPage":{"@id":"https:\/\/museopaloautoyhdistys.fi\/?page_id=55#primaryimage"},"image":{"@id":"https:\/\/museopaloautoyhdistys.fi\/?page_id=55#primaryimage"},"thumbnailUrl":"https:\/\/museopaloautoyhdistys.fi\/wp-content\/uploads\/2024\/10\/1948-Fordson-Thames-Siikaisten-VPK_Esittely-1024x731.jpg","datePublished":"2024-10-29T13:34:24+00:00","dateModified":"2026-01-08T19:37:02+00:00","breadcrumb":{"@id":"https:\/\/museopaloautoyhdistys.fi\/?page_id=55#breadcrumb"},"inLanguage":"fi","potentialAction":[{"@type":"ReadAction","target":["https:\/\/museopaloautoyhdistys.fi\/?page_id=55"]}]},{"@type":"ImageObject","inLanguage":"fi","@id":"https:\/\/museopaloautoyhdistys.fi\/?page_id=55#primaryimage","url":"https:\/\/museopaloautoyhdistys.fi\/wp-content\/uploads\/2024\/10\/1948-Fordson-Thames-Siikaisten-VPK_Esittely.jpg","contentUrl":"https:\/\/museopaloautoyhdistys.fi\/wp-content\/uploads\/2024\/10\/1948-Fordson-Thames-Siikaisten-VPK_Esittely.jpg","width":2481,"height":1772},{"@type":"BreadcrumbList","@id":"https:\/\/museopaloautoyhdistys.fi\/?page_id=55#breadcrumb","itemListElement":[{"@type":"ListItem","position":1,"name":"Home","item":"https:\/\/museopaloautoyhdistys.fi\/"},{"@type":"ListItem","position":2,"name":"Museopaloautot","item":"https:\/\/museopaloautoyhdistys.fi\/?page_id=37"},{"@type":"ListItem","position":3,"name":"Fordson Thames 7V, 1948"}]},{"@type":"WebSite","@id":"https:\/\/museopaloautoyhdistys.fi\/#website","url":"https:\/\/museopaloautoyhdistys.fi\/","name":"Satakunnan Museopaloautoyhdistys","description":"","potentialAction":[{"@type":"SearchAction","target":{"@type":"EntryPoint","urlTemplate":"https:\/\/museopaloautoyhdistys.fi\/?s={search_term_string}"},"query-input":{"@type":"PropertyValueSpecification","valueRequired":true,"valueName":"search_term_string"}}],"inLanguage":"fi"}]}},"_links":{"self":[{"href":"https:\/\/museopaloautoyhdistys.fi\/index.php?rest_route=\/wp\/v2\/pages\/55","targetHints":{"allow":["GET"]}}],"collection":[{"href":"https:\/\/museopaloautoyhdistys.fi\/index.php?rest_route=\/wp\/v2\/pages"}],"about":[{"href":"https:\/\/museopaloautoyhdistys.fi\/index.php?rest_route=\/wp\/v2\/types\/page"}],"author":[{"embeddable":true,"href":"https:\/\/museopaloautoyhdistys.fi\/index.php?rest_route=\/wp\/v2\/users\/1"}],"replies":[{"embeddable":true,"href":"https:\/\/museopaloautoyhdistys.fi\/index.php?rest_route=%2Fwp%2Fv2%2Fcomments&post=55"}],"version-history":[{"count":2,"href":"https:\/\/museopaloautoyhdistys.fi\/index.php?rest_route=\/wp\/v2\/pages\/55\/revisions"}],"predecessor-version":[{"id":109,"href":"https:\/\/museopaloautoyhdistys.fi\/index.php?rest_route=\/wp\/v2\/pages\/55\/revisions\/109"}],"up":[{"embeddable":true,"href":"https:\/\/museopaloautoyhdistys.fi\/index.php?rest_route=\/wp\/v2\/pages\/37"}],"wp:attachment":[{"href":"https:\/\/museopaloautoyhdistys.fi\/index.php?rest_route=%2Fwp%2Fv2%2Fmedia&parent=55"}],"curies":[{"name":"wp","href":"https:\/\/api.w.org\/{rel}","templated":true}]}}