{"id":328,"date":"2026-01-08T17:26:24","date_gmt":"2026-01-08T17:26:24","guid":{"rendered":"https:\/\/museopaloautoyhdistys.fi\/?page_id=328"},"modified":"2026-01-08T19:37:18","modified_gmt":"2026-01-08T19:37:18","slug":"morris-commercial-1953","status":"publish","type":"page","link":"https:\/\/museopaloautoyhdistys.fi\/?page_id=328","title":{"rendered":"Morris Commercial 1953"},"content":{"rendered":"\n<div class=\"wp-block-media-text is-stacked-on-mobile\"><figure class=\"wp-block-media-text__media\"><img loading=\"lazy\" decoding=\"async\" width=\"1024\" height=\"731\" src=\"https:\/\/museopaloautoyhdistys.fi\/wp-content\/uploads\/2026\/01\/1953-Morris-Commercial-Jamijarven-VPK_Esittely-1024x731.jpg\" alt=\"\" class=\"wp-image-319 size-full\" srcset=\"https:\/\/museopaloautoyhdistys.fi\/wp-content\/uploads\/2026\/01\/1953-Morris-Commercial-Jamijarven-VPK_Esittely-1024x731.jpg 1024w, https:\/\/museopaloautoyhdistys.fi\/wp-content\/uploads\/2026\/01\/1953-Morris-Commercial-Jamijarven-VPK_Esittely-300x214.jpg 300w, https:\/\/museopaloautoyhdistys.fi\/wp-content\/uploads\/2026\/01\/1953-Morris-Commercial-Jamijarven-VPK_Esittely-768x549.jpg 768w, https:\/\/museopaloautoyhdistys.fi\/wp-content\/uploads\/2026\/01\/1953-Morris-Commercial-Jamijarven-VPK_Esittely-1536x1097.jpg 1536w, https:\/\/museopaloautoyhdistys.fi\/wp-content\/uploads\/2026\/01\/1953-Morris-Commercial-Jamijarven-VPK_Esittely-2048x1463.jpg 2048w\" sizes=\"auto, (max-width: 1024px) 100vw, 1024px\" \/><\/figure><div class=\"wp-block-media-text__content\">\n<p class=\"has-roboto-font-family\"><strong>MERKKI, MALLI, VUOSIMALLI<\/strong><br>Morris Commercial LC5, 1953<br><strong>REKISTERINUMERO<\/strong><br>EA-660<br><strong>ALUSTAN VALMISTAJA<\/strong><br>Morris Motors Limited<br><strong>P\u00c4\u00c4LLIRAKENTEEN VALMISTAJA<\/strong><br>J\u00e4mij\u00e4rven Vapaaehtoinen Palokunta ry<br><strong>KUNTO<\/strong><br>Erinomainen<br><strong>OMISTAJA<\/strong><br>J\u00e4mij\u00e4rven Vapaaehtoinen Palokunta ry<\/p>\n<\/div><\/div>\n\n\n\n<p class=\"has-roboto-font-family\"><strong>Kuorma-autosta paloautoksi<\/strong><\/p>\n\n\n\n<div class=\"wp-block-group is-vertical is-layout-flex wp-container-core-group-is-layout-fe9cc265 wp-block-group-is-layout-flex\">\n<p class=\"has-roboto-font-family\"><br>J\u00e4mij\u00e4rven VPK:n ensimm\u00e4inen paloauto Ford V8 vuodelta 1937 oli tullut tiens\u00e4 p\u00e4\u00e4h\u00e4n vuonna 1953. Kunnanhallitus my\u00f6nsi saman vuoden kes\u00e4kuussa 700 000 markan m\u00e4\u00e4r\u00e4rahan uuden kuorma-auton hankintaan. VPK maksoi my\u00f6hemmin rahoituksen takaisin kunnalle.<\/p>\n\n\n\n<p class=\"has-roboto-font-family\">Uusi Morris Commercial-merkkinen kuorma-auto rekister\u00f6itiin 28.9.1953 palokunnan k\u00e4ytt\u00f6\u00f6n. Rekisteritunnukseksi tuli EA-660. Vanhasta Fordista asennettiin autoon lava ja my\u00f6hemmin viel\u00e4 miehist\u00f6koppi. Paloautoksi Morris rekister\u00f6itiin 3.9.1956.<br>Vesis\u00e4ili\u00f6n puuttuminen haittasi nopeaa sammutuksen aloittamista. Siksi miehist\u00f6koppi poistettiin ja lavalle asennettiin ja vesis\u00e4ili\u00f6.<\/p>\n\n\n\n<p class=\"has-roboto-font-family has-extra-small-font-size\">Lavalla sijainnut moottoriruisku oli perim\u00e4tiedon mukaan taiten k\u00e4ynnistett\u00e4v\u00e4. Er\u00e4\u00e4nkin kerran sammutuspari oli jo tovin yritt\u00e4nyt turhaan k\u00e4ynnist\u00e4\u00e4 pumppua, kunnes tuulenpuuska heitti kampimiehen lakin pois p\u00e4\u00e4st\u00e4 ja pumppu k\u00e4ynnistyi. T\u00e4st\u00e4 tulikin sanonta, ett\u00e4 aina pit\u00e4\u00e4 ottaa lakki pois p\u00e4\u00e4st\u00e4, kun pumppua k\u00e4ynnistet\u00e4\u00e4n.<br>T\u00e4ll\u00e4 vesis\u00e4ili\u00f6kokoonpanolla Morris palveli aina vuoteen 1989, jolloin sen todettiin olevan jo niin heikossa kunnossa ja vanhentunut, ettei h\u00e4lytysteht\u00e4viin ollut en\u00e4\u00e4 asiaa.<\/p>\n\n\n\n<p class=\"has-roboto-font-family\">Vuonna 1997 auto valmistui talkoolaisten voimin entiseen loistoonsa saaden uuden lavan ja alkuper\u00e4isen mallisen miehist\u00f6kopin. Lavalla on nyky\u00e4\u00e4n my\u00f6s alkuper\u00e4inen moottoriruisku sek\u00e4 aikakauden mukaiset sarjatikkaat.<br>Vuonna 2024 auton moottoriin vaihdettiin kannentiiviste ja s\u00e4hk\u00f6j\u00e4rjestelm\u00e4\u00e4 uudistettiin. My\u00f6s jarruhihnat vaihdettiin.<\/p>\n<\/div>\n\n\n\n<p><\/p>\n","protected":false},"excerpt":{"rendered":"<p>MERKKI, MALLI, VUOSIMALLIMorris Commercial LC5, 1953REKISTERINUMEROEA-660ALUSTAN VALMISTAJAMorris Motors LimitedP\u00c4\u00c4LLIRAKENTEEN VALMISTAJAJ\u00e4mij\u00e4rven Vapaaehtoinen Palokunta ryKUNTOErinomainenOMISTAJAJ\u00e4mij\u00e4rven Vapaaehtoinen Palokunta ry Kuorma-autosta paloautoksi J\u00e4mij\u00e4rven VPK:n ensimm\u00e4inen paloauto Ford V8 vuodelta 1937 oli tullut tiens\u00e4 p\u00e4\u00e4h\u00e4n vuonna 1953. Kunnanhallitus my\u00f6nsi saman vuoden kes\u00e4kuussa 700 000 markan m\u00e4\u00e4r\u00e4rahan uuden kuorma-auton hankintaan. VPK maksoi my\u00f6hemmin rahoituksen takaisin kunnalle. Uusi Morris Commercial-merkkinen kuorma-auto rekister\u00f6itiin [&hellip;]<\/p>\n","protected":false},"author":1,"featured_media":0,"parent":37,"menu_order":0,"comment_status":"closed","ping_status":"closed","template":"","meta":{"_monsterinsights_skip_tracking":false,"_monsterinsights_sitenote_active":false,"_monsterinsights_sitenote_note":"","_monsterinsights_sitenote_category":0,"footnotes":""},"class_list":["post-328","page","type-page","status-publish","hentry"],"yoast_head":"<!-- This site is optimized with the Yoast SEO plugin v27.4 - https:\/\/yoast.com\/product\/yoast-seo-wordpress\/ -->\n<title>Morris Commercial 1953 - Satakunnan Museopaloautoyhdistys<\/title>\n<meta name=\"robots\" content=\"index, follow, max-snippet:-1, max-image-preview:large, max-video-preview:-1\" \/>\n<link rel=\"canonical\" href=\"https:\/\/museopaloautoyhdistys.fi\/?page_id=328\" \/>\n<meta property=\"og:locale\" content=\"fi_FI\" \/>\n<meta property=\"og:type\" content=\"article\" \/>\n<meta property=\"og:title\" content=\"Morris Commercial 1953 - Satakunnan Museopaloautoyhdistys\" \/>\n<meta property=\"og:description\" content=\"MERKKI, MALLI, VUOSIMALLIMorris Commercial LC5, 1953REKISTERINUMEROEA-660ALUSTAN VALMISTAJAMorris Motors LimitedP\u00c4\u00c4LLIRAKENTEEN VALMISTAJAJ\u00e4mij\u00e4rven Vapaaehtoinen Palokunta ryKUNTOErinomainenOMISTAJAJ\u00e4mij\u00e4rven Vapaaehtoinen Palokunta ry Kuorma-autosta paloautoksi J\u00e4mij\u00e4rven VPK:n ensimm\u00e4inen paloauto Ford V8 vuodelta 1937 oli tullut tiens\u00e4 p\u00e4\u00e4h\u00e4n vuonna 1953. Kunnanhallitus my\u00f6nsi saman vuoden kes\u00e4kuussa 700 000 markan m\u00e4\u00e4r\u00e4rahan uuden kuorma-auton hankintaan. VPK maksoi my\u00f6hemmin rahoituksen takaisin kunnalle. Uusi Morris Commercial-merkkinen kuorma-auto rekister\u00f6itiin [&hellip;]\" \/>\n<meta property=\"og:url\" content=\"https:\/\/museopaloautoyhdistys.fi\/?page_id=328\" \/>\n<meta property=\"og:site_name\" content=\"Satakunnan Museopaloautoyhdistys\" \/>\n<meta property=\"article:modified_time\" content=\"2026-01-08T19:37:18+00:00\" \/>\n<meta property=\"og:image\" content=\"https:\/\/museopaloautoyhdistys.fi\/wp-content\/uploads\/2026\/01\/1953-Morris-Commercial-Jamijarven-VPK_Esittely-1024x731.jpg\" \/>\n\t<meta property=\"og:image:width\" content=\"1024\" \/>\n\t<meta property=\"og:image:height\" content=\"731\" \/>\n\t<meta property=\"og:image:type\" content=\"image\/jpeg\" \/>\n<meta name=\"twitter:card\" content=\"summary_large_image\" \/>\n<meta name=\"twitter:label1\" content=\"Arvioitu lukuaika\" \/>\n\t<meta name=\"twitter:data1\" content=\"2 minuuttia\" \/>\n<script type=\"application\/ld+json\" class=\"yoast-schema-graph\">{\"@context\":\"https:\\\/\\\/schema.org\",\"@graph\":[{\"@type\":\"WebPage\",\"@id\":\"https:\\\/\\\/museopaloautoyhdistys.fi\\\/?page_id=328\",\"url\":\"https:\\\/\\\/museopaloautoyhdistys.fi\\\/?page_id=328\",\"name\":\"Morris Commercial 1953 - Satakunnan Museopaloautoyhdistys\",\"isPartOf\":{\"@id\":\"https:\\\/\\\/museopaloautoyhdistys.fi\\\/#website\"},\"primaryImageOfPage\":{\"@id\":\"https:\\\/\\\/museopaloautoyhdistys.fi\\\/?page_id=328#primaryimage\"},\"image\":{\"@id\":\"https:\\\/\\\/museopaloautoyhdistys.fi\\\/?page_id=328#primaryimage\"},\"thumbnailUrl\":\"https:\\\/\\\/museopaloautoyhdistys.fi\\\/wp-content\\\/uploads\\\/2026\\\/01\\\/1953-Morris-Commercial-Jamijarven-VPK_Esittely-1024x731.jpg\",\"datePublished\":\"2026-01-08T17:26:24+00:00\",\"dateModified\":\"2026-01-08T19:37:18+00:00\",\"breadcrumb\":{\"@id\":\"https:\\\/\\\/museopaloautoyhdistys.fi\\\/?page_id=328#breadcrumb\"},\"inLanguage\":\"fi\",\"potentialAction\":[{\"@type\":\"ReadAction\",\"target\":[\"https:\\\/\\\/museopaloautoyhdistys.fi\\\/?page_id=328\"]}]},{\"@type\":\"ImageObject\",\"inLanguage\":\"fi\",\"@id\":\"https:\\\/\\\/museopaloautoyhdistys.fi\\\/?page_id=328#primaryimage\",\"url\":\"https:\\\/\\\/museopaloautoyhdistys.fi\\\/wp-content\\\/uploads\\\/2026\\\/01\\\/1953-Morris-Commercial-Jamijarven-VPK_Esittely.jpg\",\"contentUrl\":\"https:\\\/\\\/museopaloautoyhdistys.fi\\\/wp-content\\\/uploads\\\/2026\\\/01\\\/1953-Morris-Commercial-Jamijarven-VPK_Esittely.jpg\",\"width\":2481,\"height\":1772},{\"@type\":\"BreadcrumbList\",\"@id\":\"https:\\\/\\\/museopaloautoyhdistys.fi\\\/?page_id=328#breadcrumb\",\"itemListElement\":[{\"@type\":\"ListItem\",\"position\":1,\"name\":\"Home\",\"item\":\"https:\\\/\\\/museopaloautoyhdistys.fi\\\/\"},{\"@type\":\"ListItem\",\"position\":2,\"name\":\"Museopaloautot\",\"item\":\"https:\\\/\\\/museopaloautoyhdistys.fi\\\/?page_id=37\"},{\"@type\":\"ListItem\",\"position\":3,\"name\":\"Morris Commercial 1953\"}]},{\"@type\":\"WebSite\",\"@id\":\"https:\\\/\\\/museopaloautoyhdistys.fi\\\/#website\",\"url\":\"https:\\\/\\\/museopaloautoyhdistys.fi\\\/\",\"name\":\"Satakunnan Museopaloautoyhdistys\",\"description\":\"\",\"potentialAction\":[{\"@type\":\"SearchAction\",\"target\":{\"@type\":\"EntryPoint\",\"urlTemplate\":\"https:\\\/\\\/museopaloautoyhdistys.fi\\\/?s={search_term_string}\"},\"query-input\":{\"@type\":\"PropertyValueSpecification\",\"valueRequired\":true,\"valueName\":\"search_term_string\"}}],\"inLanguage\":\"fi\"}]}<\/script>\n<!-- \/ Yoast SEO plugin. -->","yoast_head_json":{"title":"Morris Commercial 1953 - Satakunnan Museopaloautoyhdistys","robots":{"index":"index","follow":"follow","max-snippet":"max-snippet:-1","max-image-preview":"max-image-preview:large","max-video-preview":"max-video-preview:-1"},"canonical":"https:\/\/museopaloautoyhdistys.fi\/?page_id=328","og_locale":"fi_FI","og_type":"article","og_title":"Morris Commercial 1953 - Satakunnan Museopaloautoyhdistys","og_description":"MERKKI, MALLI, VUOSIMALLIMorris Commercial LC5, 1953REKISTERINUMEROEA-660ALUSTAN VALMISTAJAMorris Motors LimitedP\u00c4\u00c4LLIRAKENTEEN VALMISTAJAJ\u00e4mij\u00e4rven Vapaaehtoinen Palokunta ryKUNTOErinomainenOMISTAJAJ\u00e4mij\u00e4rven Vapaaehtoinen Palokunta ry Kuorma-autosta paloautoksi J\u00e4mij\u00e4rven VPK:n ensimm\u00e4inen paloauto Ford V8 vuodelta 1937 oli tullut tiens\u00e4 p\u00e4\u00e4h\u00e4n vuonna 1953. Kunnanhallitus my\u00f6nsi saman vuoden kes\u00e4kuussa 700 000 markan m\u00e4\u00e4r\u00e4rahan uuden kuorma-auton hankintaan. VPK maksoi my\u00f6hemmin rahoituksen takaisin kunnalle. Uusi Morris Commercial-merkkinen kuorma-auto rekister\u00f6itiin [&hellip;]","og_url":"https:\/\/museopaloautoyhdistys.fi\/?page_id=328","og_site_name":"Satakunnan Museopaloautoyhdistys","article_modified_time":"2026-01-08T19:37:18+00:00","og_image":[{"width":1024,"height":731,"url":"https:\/\/museopaloautoyhdistys.fi\/wp-content\/uploads\/2026\/01\/1953-Morris-Commercial-Jamijarven-VPK_Esittely-1024x731.jpg","type":"image\/jpeg"}],"twitter_card":"summary_large_image","twitter_misc":{"Arvioitu lukuaika":"2 minuuttia"},"schema":{"@context":"https:\/\/schema.org","@graph":[{"@type":"WebPage","@id":"https:\/\/museopaloautoyhdistys.fi\/?page_id=328","url":"https:\/\/museopaloautoyhdistys.fi\/?page_id=328","name":"Morris Commercial 1953 - Satakunnan Museopaloautoyhdistys","isPartOf":{"@id":"https:\/\/museopaloautoyhdistys.fi\/#website"},"primaryImageOfPage":{"@id":"https:\/\/museopaloautoyhdistys.fi\/?page_id=328#primaryimage"},"image":{"@id":"https:\/\/museopaloautoyhdistys.fi\/?page_id=328#primaryimage"},"thumbnailUrl":"https:\/\/museopaloautoyhdistys.fi\/wp-content\/uploads\/2026\/01\/1953-Morris-Commercial-Jamijarven-VPK_Esittely-1024x731.jpg","datePublished":"2026-01-08T17:26:24+00:00","dateModified":"2026-01-08T19:37:18+00:00","breadcrumb":{"@id":"https:\/\/museopaloautoyhdistys.fi\/?page_id=328#breadcrumb"},"inLanguage":"fi","potentialAction":[{"@type":"ReadAction","target":["https:\/\/museopaloautoyhdistys.fi\/?page_id=328"]}]},{"@type":"ImageObject","inLanguage":"fi","@id":"https:\/\/museopaloautoyhdistys.fi\/?page_id=328#primaryimage","url":"https:\/\/museopaloautoyhdistys.fi\/wp-content\/uploads\/2026\/01\/1953-Morris-Commercial-Jamijarven-VPK_Esittely.jpg","contentUrl":"https:\/\/museopaloautoyhdistys.fi\/wp-content\/uploads\/2026\/01\/1953-Morris-Commercial-Jamijarven-VPK_Esittely.jpg","width":2481,"height":1772},{"@type":"BreadcrumbList","@id":"https:\/\/museopaloautoyhdistys.fi\/?page_id=328#breadcrumb","itemListElement":[{"@type":"ListItem","position":1,"name":"Home","item":"https:\/\/museopaloautoyhdistys.fi\/"},{"@type":"ListItem","position":2,"name":"Museopaloautot","item":"https:\/\/museopaloautoyhdistys.fi\/?page_id=37"},{"@type":"ListItem","position":3,"name":"Morris Commercial 1953"}]},{"@type":"WebSite","@id":"https:\/\/museopaloautoyhdistys.fi\/#website","url":"https:\/\/museopaloautoyhdistys.fi\/","name":"Satakunnan Museopaloautoyhdistys","description":"","potentialAction":[{"@type":"SearchAction","target":{"@type":"EntryPoint","urlTemplate":"https:\/\/museopaloautoyhdistys.fi\/?s={search_term_string}"},"query-input":{"@type":"PropertyValueSpecification","valueRequired":true,"valueName":"search_term_string"}}],"inLanguage":"fi"}]}},"_links":{"self":[{"href":"https:\/\/museopaloautoyhdistys.fi\/index.php?rest_route=\/wp\/v2\/pages\/328","targetHints":{"allow":["GET"]}}],"collection":[{"href":"https:\/\/museopaloautoyhdistys.fi\/index.php?rest_route=\/wp\/v2\/pages"}],"about":[{"href":"https:\/\/museopaloautoyhdistys.fi\/index.php?rest_route=\/wp\/v2\/types\/page"}],"author":[{"embeddable":true,"href":"https:\/\/museopaloautoyhdistys.fi\/index.php?rest_route=\/wp\/v2\/users\/1"}],"replies":[{"embeddable":true,"href":"https:\/\/museopaloautoyhdistys.fi\/index.php?rest_route=%2Fwp%2Fv2%2Fcomments&post=328"}],"version-history":[{"count":2,"href":"https:\/\/museopaloautoyhdistys.fi\/index.php?rest_route=\/wp\/v2\/pages\/328\/revisions"}],"predecessor-version":[{"id":330,"href":"https:\/\/museopaloautoyhdistys.fi\/index.php?rest_route=\/wp\/v2\/pages\/328\/revisions\/330"}],"up":[{"embeddable":true,"href":"https:\/\/museopaloautoyhdistys.fi\/index.php?rest_route=\/wp\/v2\/pages\/37"}],"wp:attachment":[{"href":"https:\/\/museopaloautoyhdistys.fi\/index.php?rest_route=%2Fwp%2Fv2%2Fmedia&parent=328"}],"curies":[{"name":"wp","href":"https:\/\/api.w.org\/{rel}","templated":true}]}}