{"id":29,"date":"2024-10-29T08:07:15","date_gmt":"2024-10-29T08:07:15","guid":{"rendered":"https:\/\/museopaloautoyhdistys.fi\/?page_id=29"},"modified":"2024-10-29T08:07:16","modified_gmt":"2024-10-29T08:07:16","slug":"liity-jaseneksi","status":"publish","type":"page","link":"https:\/\/museopaloautoyhdistys.fi\/?page_id=29","title":{"rendered":"Liity j\u00e4seneksi!"},"content":{"rendered":"\n<p><br>Yhdistyksen j\u00e4senmaksu vuodessa:<br>henkil\u00f6t 20 euroa ja yhteis\u00f6t 200 euroa.<br>Maksu tilille FI90 5106 0120 1685 56<br>Satakunnan Museopaloautoyhdistys ry, viesti j\u00e4senmaksu.<\/p>\n","protected":false},"excerpt":{"rendered":"<p>Yhdistyksen j\u00e4senmaksu vuodessa:henkil\u00f6t 20 euroa ja yhteis\u00f6t 200 euroa.Maksu tilille FI90 5106 0120 1685 56Satakunnan Museopaloautoyhdistys ry, viesti j\u00e4senmaksu.<\/p>\n","protected":false},"author":1,"featured_media":0,"parent":0,"menu_order":0,"comment_status":"closed","ping_status":"closed","template":"","meta":{"_monsterinsights_skip_tracking":false,"_monsterinsights_sitenote_active":false,"_monsterinsights_sitenote_note":"","_monsterinsights_sitenote_category":0,"footnotes":""},"class_list":["post-29","page","type-page","status-publish","hentry"],"yoast_head":"<!-- This site is optimized with the Yoast SEO plugin v27.4 - https:\/\/yoast.com\/product\/yoast-seo-wordpress\/ -->\n<title>Liity j\u00e4seneksi! - Satakunnan Museopaloautoyhdistys<\/title>\n<meta name=\"robots\" content=\"index, follow, max-snippet:-1, max-image-preview:large, max-video-preview:-1\" \/>\n<link rel=\"canonical\" href=\"https:\/\/museopaloautoyhdistys.fi\/?page_id=29\" \/>\n<meta property=\"og:locale\" content=\"fi_FI\" \/>\n<meta property=\"og:type\" content=\"article\" \/>\n<meta property=\"og:title\" content=\"Liity j\u00e4seneksi! - Satakunnan Museopaloautoyhdistys\" \/>\n<meta property=\"og:description\" content=\"Yhdistyksen j\u00e4senmaksu vuodessa:henkil\u00f6t 20 euroa ja yhteis\u00f6t 200 euroa.Maksu tilille FI90 5106 0120 1685 56Satakunnan Museopaloautoyhdistys ry, viesti j\u00e4senmaksu.\" \/>\n<meta property=\"og:url\" content=\"https:\/\/museopaloautoyhdistys.fi\/?page_id=29\" \/>\n<meta property=\"og:site_name\" content=\"Satakunnan Museopaloautoyhdistys\" \/>\n<meta property=\"article:modified_time\" content=\"2024-10-29T08:07:16+00:00\" \/>\n<meta name=\"twitter:card\" content=\"summary_large_image\" \/>\n<meta name=\"twitter:label1\" content=\"Arvioitu lukuaika\" \/>\n\t<meta name=\"twitter:data1\" content=\"1 minuutti\" \/>\n<script type=\"application\/ld+json\" class=\"yoast-schema-graph\">{\"@context\":\"https:\\\/\\\/schema.org\",\"@graph\":[{\"@type\":\"WebPage\",\"@id\":\"https:\\\/\\\/museopaloautoyhdistys.fi\\\/?page_id=29\",\"url\":\"https:\\\/\\\/museopaloautoyhdistys.fi\\\/?page_id=29\",\"name\":\"Liity j\u00e4seneksi! - Satakunnan Museopaloautoyhdistys\",\"isPartOf\":{\"@id\":\"https:\\\/\\\/museopaloautoyhdistys.fi\\\/#website\"},\"datePublished\":\"2024-10-29T08:07:15+00:00\",\"dateModified\":\"2024-10-29T08:07:16+00:00\",\"breadcrumb\":{\"@id\":\"https:\\\/\\\/museopaloautoyhdistys.fi\\\/?page_id=29#breadcrumb\"},\"inLanguage\":\"fi\",\"potentialAction\":[{\"@type\":\"ReadAction\",\"target\":[\"https:\\\/\\\/museopaloautoyhdistys.fi\\\/?page_id=29\"]}]},{\"@type\":\"BreadcrumbList\",\"@id\":\"https:\\\/\\\/museopaloautoyhdistys.fi\\\/?page_id=29#breadcrumb\",\"itemListElement\":[{\"@type\":\"ListItem\",\"position\":1,\"name\":\"Home\",\"item\":\"https:\\\/\\\/museopaloautoyhdistys.fi\\\/\"},{\"@type\":\"ListItem\",\"position\":2,\"name\":\"Liity j\u00e4seneksi!\"}]},{\"@type\":\"WebSite\",\"@id\":\"https:\\\/\\\/museopaloautoyhdistys.fi\\\/#website\",\"url\":\"https:\\\/\\\/museopaloautoyhdistys.fi\\\/\",\"name\":\"Satakunnan Museopaloautoyhdistys\",\"description\":\"\",\"potentialAction\":[{\"@type\":\"SearchAction\",\"target\":{\"@type\":\"EntryPoint\",\"urlTemplate\":\"https:\\\/\\\/museopaloautoyhdistys.fi\\\/?s={search_term_string}\"},\"query-input\":{\"@type\":\"PropertyValueSpecification\",\"valueRequired\":true,\"valueName\":\"search_term_string\"}}],\"inLanguage\":\"fi\"}]}<\/script>\n<!-- \/ Yoast SEO plugin. -->","yoast_head_json":{"title":"Liity j\u00e4seneksi! - Satakunnan Museopaloautoyhdistys","robots":{"index":"index","follow":"follow","max-snippet":"max-snippet:-1","max-image-preview":"max-image-preview:large","max-video-preview":"max-video-preview:-1"},"canonical":"https:\/\/museopaloautoyhdistys.fi\/?page_id=29","og_locale":"fi_FI","og_type":"article","og_title":"Liity j\u00e4seneksi! - Satakunnan Museopaloautoyhdistys","og_description":"Yhdistyksen j\u00e4senmaksu vuodessa:henkil\u00f6t 20 euroa ja yhteis\u00f6t 200 euroa.Maksu tilille FI90 5106 0120 1685 56Satakunnan Museopaloautoyhdistys ry, viesti j\u00e4senmaksu.","og_url":"https:\/\/museopaloautoyhdistys.fi\/?page_id=29","og_site_name":"Satakunnan Museopaloautoyhdistys","article_modified_time":"2024-10-29T08:07:16+00:00","twitter_card":"summary_large_image","twitter_misc":{"Arvioitu lukuaika":"1 minuutti"},"schema":{"@context":"https:\/\/schema.org","@graph":[{"@type":"WebPage","@id":"https:\/\/museopaloautoyhdistys.fi\/?page_id=29","url":"https:\/\/museopaloautoyhdistys.fi\/?page_id=29","name":"Liity j\u00e4seneksi! - Satakunnan Museopaloautoyhdistys","isPartOf":{"@id":"https:\/\/museopaloautoyhdistys.fi\/#website"},"datePublished":"2024-10-29T08:07:15+00:00","dateModified":"2024-10-29T08:07:16+00:00","breadcrumb":{"@id":"https:\/\/museopaloautoyhdistys.fi\/?page_id=29#breadcrumb"},"inLanguage":"fi","potentialAction":[{"@type":"ReadAction","target":["https:\/\/museopaloautoyhdistys.fi\/?page_id=29"]}]},{"@type":"BreadcrumbList","@id":"https:\/\/museopaloautoyhdistys.fi\/?page_id=29#breadcrumb","itemListElement":[{"@type":"ListItem","position":1,"name":"Home","item":"https:\/\/museopaloautoyhdistys.fi\/"},{"@type":"ListItem","position":2,"name":"Liity j\u00e4seneksi!"}]},{"@type":"WebSite","@id":"https:\/\/museopaloautoyhdistys.fi\/#website","url":"https:\/\/museopaloautoyhdistys.fi\/","name":"Satakunnan Museopaloautoyhdistys","description":"","potentialAction":[{"@type":"SearchAction","target":{"@type":"EntryPoint","urlTemplate":"https:\/\/museopaloautoyhdistys.fi\/?s={search_term_string}"},"query-input":{"@type":"PropertyValueSpecification","valueRequired":true,"valueName":"search_term_string"}}],"inLanguage":"fi"}]}},"_links":{"self":[{"href":"https:\/\/museopaloautoyhdistys.fi\/index.php?rest_route=\/wp\/v2\/pages\/29","targetHints":{"allow":["GET"]}}],"collection":[{"href":"https:\/\/museopaloautoyhdistys.fi\/index.php?rest_route=\/wp\/v2\/pages"}],"about":[{"href":"https:\/\/museopaloautoyhdistys.fi\/index.php?rest_route=\/wp\/v2\/types\/page"}],"author":[{"embeddable":true,"href":"https:\/\/museopaloautoyhdistys.fi\/index.php?rest_route=\/wp\/v2\/users\/1"}],"replies":[{"embeddable":true,"href":"https:\/\/museopaloautoyhdistys.fi\/index.php?rest_route=%2Fwp%2Fv2%2Fcomments&post=29"}],"version-history":[{"count":1,"href":"https:\/\/museopaloautoyhdistys.fi\/index.php?rest_route=\/wp\/v2\/pages\/29\/revisions"}],"predecessor-version":[{"id":30,"href":"https:\/\/museopaloautoyhdistys.fi\/index.php?rest_route=\/wp\/v2\/pages\/29\/revisions\/30"}],"wp:attachment":[{"href":"https:\/\/museopaloautoyhdistys.fi\/index.php?rest_route=%2Fwp%2Fv2%2Fmedia&parent=29"}],"curies":[{"name":"wp","href":"https:\/\/api.w.org\/{rel}","templated":true}]}}