{"id":27,"date":"2024-10-29T08:06:53","date_gmt":"2024-10-29T08:06:53","guid":{"rendered":"https:\/\/museopaloautoyhdistys.fi\/?page_id=27"},"modified":"2025-10-21T05:26:29","modified_gmt":"2025-10-21T05:26:29","slug":"yhteystiedot","status":"publish","type":"page","link":"https:\/\/museopaloautoyhdistys.fi\/?page_id=27","title":{"rendered":"Yhteystiedot"},"content":{"rendered":"\n<p>Satakunnan museopaloautoyhdistys ry<\/p>\n\n\n\n<p><strong>Kruuti-Jussintie 5, (Ulasoori), Pori.<\/strong><\/p>\n\n\n\n<iframe src=\"https:\/\/www.google.com\/maps\/embed?pb=!1m18!1m12!1m3!1d1903.651110665777!2d21.721926077468524!3d61.50205323525052!2m3!1f0!2f0!3f0!3m2!1i1024!2i768!4f13.1!3m3!1m2!1s0x46890a9253dd8353%3A0x5a7be38e67fdfb8e!2sKruuti-Jussintie%205%2C%2028600%20Pori!5e0!3m2!1sfi!2sfi!4v1730209342203!5m2!1sfi!2sfi\" width=\"600\" height=\"450\" style=\"border:0;\" allowfullscreen=\"\" loading=\"lazy\" referrerpolicy=\"no-referrer-when-downgrade\"><\/iframe>\n\n\n\n<p>info@museopaloautoyhdistys.fi<br><\/p>\n\n\n\n<div class=\"wp-block-group is-vertical is-layout-flex wp-container-core-group-is-layout-fe9cc265 wp-block-group-is-layout-flex\">\n<div class=\"wp-block-group is-vertical is-layout-flex wp-container-core-group-is-layout-fe9cc265 wp-block-group-is-layout-flex\">\n<h2 class=\"wp-block-heading\">Hallituksen j\u00e4senet<\/h2>\n\n\n\n<div class=\"wp-block-group is-vertical is-layout-flex wp-container-core-group-is-layout-fe9cc265 wp-block-group-is-layout-flex\" style=\"line-height:0.1\">\n<div class=\"wp-block-columns is-layout-flex wp-container-core-columns-is-layout-28f84493 wp-block-columns-is-layout-flex\">\n<div class=\"wp-block-column is-layout-flow wp-block-column-is-layout-flow\" style=\"flex-basis:100%\">\n<div class=\"wp-block-group is-layout-constrained wp-block-group-is-layout-constrained\">\n<div class=\"wp-block-group is-vertical is-layout-flex wp-container-core-group-is-layout-fe9cc265 wp-block-group-is-layout-flex\">\n<div class=\"wp-block-group is-layout-constrained wp-block-group-is-layout-constrained\">\n<p><br><br>Risto Rajala 044 572 3112 risto.r.rajala@gmail.com<\/p>\n\n\n\n<p style=\"line-height:1\">Kari Kivim\u00e4ki 0500 331 900 kari.kivimaki3@gmail.com<\/p>\n\n\n\n<p style=\"line-height:1\">Ilkka Koski 0400 110 291 ilkka.koski53@gmail.com <\/p>\n\n\n\n<p style=\"line-height:1\">Veli-Matti Laur\u00e9n 040 550 7712 veli-matti.lauren@ssab.com <\/p>\n\n\n\n<p style=\"line-height:1\">Henri Lindfors 040 550 4515 lindforshenri2@gmail.com <\/p>\n\n\n\n<p style=\"line-height:1\">Tuomo Marttila 0500 725 730 tuomoj.marttila@gmail.com <\/p>\n\n\n\n<p style=\"line-height:1\">Markku Papunen 040 540 9056 markku.papunen@gmail.com <\/p>\n<\/div>\n<\/div>\n<\/div>\n<\/div>\n<\/div>\n<\/div>\n<\/div>\n<\/div>\n","protected":false},"excerpt":{"rendered":"<p>Satakunnan museopaloautoyhdistys ry Kruuti-Jussintie 5, (Ulasoori), Pori. info@museopaloautoyhdistys.fi Hallituksen j\u00e4senet Risto Rajala 044 572 3112 risto.r.rajala@gmail.com Kari Kivim\u00e4ki 0500 331 900 kari.kivimaki3@gmail.com Ilkka Koski 0400 110 291 ilkka.koski53@gmail.com Veli-Matti Laur\u00e9n 040 550 7712 veli-matti.lauren@ssab.com Henri Lindfors 040 550 4515 lindforshenri2@gmail.com Tuomo Marttila 0500 725 730 tuomoj.marttila@gmail.com Markku Papunen 040 540 9056 markku.papunen@gmail.com<\/p>\n","protected":false},"author":1,"featured_media":0,"parent":0,"menu_order":0,"comment_status":"closed","ping_status":"closed","template":"","meta":{"_monsterinsights_skip_tracking":false,"_monsterinsights_sitenote_active":false,"_monsterinsights_sitenote_note":"","_monsterinsights_sitenote_category":0,"footnotes":""},"class_list":["post-27","page","type-page","status-publish","hentry"],"yoast_head":"<!-- This site is optimized with the Yoast SEO plugin v27.4 - https:\/\/yoast.com\/product\/yoast-seo-wordpress\/ -->\n<title>Yhteystiedot - Satakunnan Museopaloautoyhdistys<\/title>\n<meta name=\"robots\" content=\"index, follow, max-snippet:-1, max-image-preview:large, max-video-preview:-1\" \/>\n<link rel=\"canonical\" href=\"https:\/\/museopaloautoyhdistys.fi\/?page_id=27\" \/>\n<meta property=\"og:locale\" content=\"fi_FI\" \/>\n<meta property=\"og:type\" content=\"article\" \/>\n<meta property=\"og:title\" content=\"Yhteystiedot - Satakunnan Museopaloautoyhdistys\" \/>\n<meta property=\"og:description\" content=\"Satakunnan museopaloautoyhdistys ry Kruuti-Jussintie 5, (Ulasoori), Pori. info@museopaloautoyhdistys.fi Hallituksen j\u00e4senet Risto Rajala 044 572 3112 risto.r.rajala@gmail.com Kari Kivim\u00e4ki 0500 331 900 kari.kivimaki3@gmail.com Ilkka Koski 0400 110 291 ilkka.koski53@gmail.com Veli-Matti Laur\u00e9n 040 550 7712 veli-matti.lauren@ssab.com Henri Lindfors 040 550 4515 lindforshenri2@gmail.com Tuomo Marttila 0500 725 730 tuomoj.marttila@gmail.com Markku Papunen 040 540 9056 markku.papunen@gmail.com\" \/>\n<meta property=\"og:url\" content=\"https:\/\/museopaloautoyhdistys.fi\/?page_id=27\" \/>\n<meta property=\"og:site_name\" content=\"Satakunnan Museopaloautoyhdistys\" \/>\n<meta property=\"article:modified_time\" content=\"2025-10-21T05:26:29+00:00\" \/>\n<meta name=\"twitter:card\" content=\"summary_large_image\" \/>\n<meta name=\"twitter:label1\" content=\"Arvioitu lukuaika\" \/>\n\t<meta name=\"twitter:data1\" content=\"1 minuutti\" \/>\n<script type=\"application\/ld+json\" class=\"yoast-schema-graph\">{\"@context\":\"https:\\\/\\\/schema.org\",\"@graph\":[{\"@type\":\"WebPage\",\"@id\":\"https:\\\/\\\/museopaloautoyhdistys.fi\\\/?page_id=27\",\"url\":\"https:\\\/\\\/museopaloautoyhdistys.fi\\\/?page_id=27\",\"name\":\"Yhteystiedot - Satakunnan Museopaloautoyhdistys\",\"isPartOf\":{\"@id\":\"https:\\\/\\\/museopaloautoyhdistys.fi\\\/#website\"},\"datePublished\":\"2024-10-29T08:06:53+00:00\",\"dateModified\":\"2025-10-21T05:26:29+00:00\",\"breadcrumb\":{\"@id\":\"https:\\\/\\\/museopaloautoyhdistys.fi\\\/?page_id=27#breadcrumb\"},\"inLanguage\":\"fi\",\"potentialAction\":[{\"@type\":\"ReadAction\",\"target\":[\"https:\\\/\\\/museopaloautoyhdistys.fi\\\/?page_id=27\"]}]},{\"@type\":\"BreadcrumbList\",\"@id\":\"https:\\\/\\\/museopaloautoyhdistys.fi\\\/?page_id=27#breadcrumb\",\"itemListElement\":[{\"@type\":\"ListItem\",\"position\":1,\"name\":\"Home\",\"item\":\"https:\\\/\\\/museopaloautoyhdistys.fi\\\/\"},{\"@type\":\"ListItem\",\"position\":2,\"name\":\"Yhteystiedot\"}]},{\"@type\":\"WebSite\",\"@id\":\"https:\\\/\\\/museopaloautoyhdistys.fi\\\/#website\",\"url\":\"https:\\\/\\\/museopaloautoyhdistys.fi\\\/\",\"name\":\"Satakunnan Museopaloautoyhdistys\",\"description\":\"\",\"potentialAction\":[{\"@type\":\"SearchAction\",\"target\":{\"@type\":\"EntryPoint\",\"urlTemplate\":\"https:\\\/\\\/museopaloautoyhdistys.fi\\\/?s={search_term_string}\"},\"query-input\":{\"@type\":\"PropertyValueSpecification\",\"valueRequired\":true,\"valueName\":\"search_term_string\"}}],\"inLanguage\":\"fi\"}]}<\/script>\n<!-- \/ Yoast SEO plugin. -->","yoast_head_json":{"title":"Yhteystiedot - Satakunnan Museopaloautoyhdistys","robots":{"index":"index","follow":"follow","max-snippet":"max-snippet:-1","max-image-preview":"max-image-preview:large","max-video-preview":"max-video-preview:-1"},"canonical":"https:\/\/museopaloautoyhdistys.fi\/?page_id=27","og_locale":"fi_FI","og_type":"article","og_title":"Yhteystiedot - Satakunnan Museopaloautoyhdistys","og_description":"Satakunnan museopaloautoyhdistys ry Kruuti-Jussintie 5, (Ulasoori), Pori. info@museopaloautoyhdistys.fi Hallituksen j\u00e4senet Risto Rajala 044 572 3112 risto.r.rajala@gmail.com Kari Kivim\u00e4ki 0500 331 900 kari.kivimaki3@gmail.com Ilkka Koski 0400 110 291 ilkka.koski53@gmail.com Veli-Matti Laur\u00e9n 040 550 7712 veli-matti.lauren@ssab.com Henri Lindfors 040 550 4515 lindforshenri2@gmail.com Tuomo Marttila 0500 725 730 tuomoj.marttila@gmail.com Markku Papunen 040 540 9056 markku.papunen@gmail.com","og_url":"https:\/\/museopaloautoyhdistys.fi\/?page_id=27","og_site_name":"Satakunnan Museopaloautoyhdistys","article_modified_time":"2025-10-21T05:26:29+00:00","twitter_card":"summary_large_image","twitter_misc":{"Arvioitu lukuaika":"1 minuutti"},"schema":{"@context":"https:\/\/schema.org","@graph":[{"@type":"WebPage","@id":"https:\/\/museopaloautoyhdistys.fi\/?page_id=27","url":"https:\/\/museopaloautoyhdistys.fi\/?page_id=27","name":"Yhteystiedot - Satakunnan Museopaloautoyhdistys","isPartOf":{"@id":"https:\/\/museopaloautoyhdistys.fi\/#website"},"datePublished":"2024-10-29T08:06:53+00:00","dateModified":"2025-10-21T05:26:29+00:00","breadcrumb":{"@id":"https:\/\/museopaloautoyhdistys.fi\/?page_id=27#breadcrumb"},"inLanguage":"fi","potentialAction":[{"@type":"ReadAction","target":["https:\/\/museopaloautoyhdistys.fi\/?page_id=27"]}]},{"@type":"BreadcrumbList","@id":"https:\/\/museopaloautoyhdistys.fi\/?page_id=27#breadcrumb","itemListElement":[{"@type":"ListItem","position":1,"name":"Home","item":"https:\/\/museopaloautoyhdistys.fi\/"},{"@type":"ListItem","position":2,"name":"Yhteystiedot"}]},{"@type":"WebSite","@id":"https:\/\/museopaloautoyhdistys.fi\/#website","url":"https:\/\/museopaloautoyhdistys.fi\/","name":"Satakunnan Museopaloautoyhdistys","description":"","potentialAction":[{"@type":"SearchAction","target":{"@type":"EntryPoint","urlTemplate":"https:\/\/museopaloautoyhdistys.fi\/?s={search_term_string}"},"query-input":{"@type":"PropertyValueSpecification","valueRequired":true,"valueName":"search_term_string"}}],"inLanguage":"fi"}]}},"_links":{"self":[{"href":"https:\/\/museopaloautoyhdistys.fi\/index.php?rest_route=\/wp\/v2\/pages\/27","targetHints":{"allow":["GET"]}}],"collection":[{"href":"https:\/\/museopaloautoyhdistys.fi\/index.php?rest_route=\/wp\/v2\/pages"}],"about":[{"href":"https:\/\/museopaloautoyhdistys.fi\/index.php?rest_route=\/wp\/v2\/types\/page"}],"author":[{"embeddable":true,"href":"https:\/\/museopaloautoyhdistys.fi\/index.php?rest_route=\/wp\/v2\/users\/1"}],"replies":[{"embeddable":true,"href":"https:\/\/museopaloautoyhdistys.fi\/index.php?rest_route=%2Fwp%2Fv2%2Fcomments&post=27"}],"version-history":[{"count":4,"href":"https:\/\/museopaloautoyhdistys.fi\/index.php?rest_route=\/wp\/v2\/pages\/27\/revisions"}],"predecessor-version":[{"id":195,"href":"https:\/\/museopaloautoyhdistys.fi\/index.php?rest_route=\/wp\/v2\/pages\/27\/revisions\/195"}],"wp:attachment":[{"href":"https:\/\/museopaloautoyhdistys.fi\/index.php?rest_route=%2Fwp%2Fv2%2Fmedia&parent=27"}],"curies":[{"name":"wp","href":"https:\/\/api.w.org\/{rel}","templated":true}]}}