{"id":258,"date":"2025-08-21T05:59:19","date_gmt":"2025-08-21T05:59:19","guid":{"rendered":"https:\/\/museopaloautoyhdistys.fi\/?page_id=258"},"modified":"2026-01-08T19:37:01","modified_gmt":"2026-01-08T19:37:01","slug":"ford-f-600-vm-1967","status":"publish","type":"page","link":"https:\/\/museopaloautoyhdistys.fi\/?page_id=258","title":{"rendered":"Ford F 600 vm 1967"},"content":{"rendered":"\n<p>Kovia kokenut Ford F 600 vm 1967<\/p>\n\n\n\n<div class=\"wp-block-media-text is-stacked-on-mobile\"><figure class=\"wp-block-media-text__media\"><img loading=\"lazy\" decoding=\"async\" width=\"1024\" height=\"768\" src=\"https:\/\/museopaloautoyhdistys.fi\/wp-content\/uploads\/2025\/08\/1967-Ford-F-600-Rauman-mobilistit_20240324-2-1024x768.jpg\" alt=\"\" class=\"wp-image-259 size-full\" srcset=\"https:\/\/museopaloautoyhdistys.fi\/wp-content\/uploads\/2025\/08\/1967-Ford-F-600-Rauman-mobilistit_20240324-2-1024x768.jpg 1024w, https:\/\/museopaloautoyhdistys.fi\/wp-content\/uploads\/2025\/08\/1967-Ford-F-600-Rauman-mobilistit_20240324-2-300x225.jpg 300w, https:\/\/museopaloautoyhdistys.fi\/wp-content\/uploads\/2025\/08\/1967-Ford-F-600-Rauman-mobilistit_20240324-2-768x576.jpg 768w, https:\/\/museopaloautoyhdistys.fi\/wp-content\/uploads\/2025\/08\/1967-Ford-F-600-Rauman-mobilistit_20240324-2-1536x1152.jpg 1536w, https:\/\/museopaloautoyhdistys.fi\/wp-content\/uploads\/2025\/08\/1967-Ford-F-600-Rauman-mobilistit_20240324-2-2048x1536.jpg 2048w\" sizes=\"auto, (max-width: 1024px) 100vw, 1024px\" \/><\/figure><div class=\"wp-block-media-text__content\">\n<p class=\"has-roboto-font-family\"><strong>MERKKI, MALLI, VUOSIMALLI<\/strong><br>Ford F 600 vm 1967<br><strong>REKISTERINUMERO<\/strong><br>EUF-83<br><strong>VALMISTAJA<\/strong><br>Ford Motor Company, USA<br><strong>KORITY\u00d6T<\/strong><br>K. Nummela Oy, Turku<br><strong>KUNTO<\/strong><br>Hyv\u00e4, museorekisteriss\u00e4<br><strong>OMISTAJA<\/strong><br>Rauman Seudun Mobilistit ry<\/p>\n<\/div><\/div>\n\n\n\n<p class=\"has-roboto-font-family has-small-font-size\">Rauman kaupunki hankki vuonna 1967 tuliter\u00e4n Ford F600-paloauton, joka toimi pitk\u00e4\u00e4n palokunnan ykk\u00f6sautona. Bensiinik\u00e4ytt\u00f6inen Ford oli tuolloin paloautojen eliitti\u00e4.<\/p>\n\n\n\n<p class=\"has-roboto-font-family has-small-font-size\">Tarina kahden Fordin per\u00e4\u00e4najosta h\u00e4lytysteht\u00e4v\u00e4ss\u00e4 Paroalhon kaupunginosassa on s\u00e4ilynyt sukupolvelta toiselle.<br>Koudinojankadulla uudehko h\u00f6\u00f6ki-Ford pys\u00e4htyi yll\u00e4tt\u00e4en. Per\u00e4ss\u00e4 tulleen s\u00e4ili\u00f6-Fordin kuski oli k\u00e4sitt\u00e4nyt kohteen olevan pidemm\u00e4ll\u00e4 kadun varressa. \u201dVitonen\u201d (s\u00e4ili\u00f6) t\u00e4r\u00e4ytti \u201dKakkosen\u201d (h\u00f6\u00f6ki) per\u00e4\u00e4n oikein kunnolla.<br>Palop\u00e4\u00e4llikk\u00f6 Keijo Hyrsky oli poistumassa h\u00f6\u00f6kist\u00e4, mutta palomies Leo Virtanen sai Keijon vy\u00f6st\u00e4 kiinni. Ilman Virtasen toimintaa Hyrsky olisi voinut pudota r\u00e4hm\u00e4lleen maahan ja joutua h\u00f6\u00f6kin takapy\u00f6rien alle.<br>Kakkosen kori siirtyi v\u00e4h\u00e4n eteenp\u00e4in ja Vitosen keulakin k\u00e4rsi. Kahta korjattavaksi l\u00e4hetetty\u00e4 paloautoa korvasi useiden viikkojen ajan vanha kakkosl\u00e4hd\u00f6n h\u00f6\u00f6ki \u201dYkk\u00f6nen\u201d(kolmiakselinen Fordson 917T 3 ton 6&#215;4 Balloon Winch) sek\u00e4 Rauman VPK:n kaksi sammutusautoa.<\/p>\n\n\n\n<p class=\"has-roboto-font-family has-small-font-size\">Kun Fordin k\u00e4ytt\u00f6 sammutusteht\u00e4viss\u00e4 loppui, auto siirtyi palokunnan sukeltajien k\u00e4ytt\u00f6\u00f6n. T\u00e4ll\u00f6in siit\u00e4 poistettiin 2000 litran vesis\u00e4ili\u00f6 sukelluskaluston tielt\u00e4.<\/p>\n\n\n\n<p class=\"has-roboto-font-family has-small-font-size\">Vuonna 1997 palokunnalla ei ollut en\u00e4\u00e4 tiloja s\u00e4ilytt\u00e4\u00e4 autoa, joka kuitenkin haluttiin j\u00e4tt\u00e4\u00e4 Raumalle oman aikakautensa edustajana. Rauman Seudun Mobilistit ry tarttui tarjoukseen saada auto lahjoituksena yhdistykselle. Rauman kaupungin tekninen lautakunta p\u00e4\u00e4tti luovuttaa auton mobilisteille toukokuussa 1997.<\/p>\n\n\n\n<p class=\"has-roboto-font-family has-small-font-size\">Kunnostus aloitettiin verkkaisesti. Vuosien j\u00e4lkeen ty\u00f6 saatettiin p\u00e4\u00e4t\u00f6kseen, ja Fordille tehtiin museokatsastus 8.4.2010. Auto on t\u00e4ll\u00e4 hetkell\u00e4 alkuper\u00e4isess\u00e4 asussaan lukuun ottamatta vesis\u00e4ili\u00f6t\u00e4 ja palokalustoa. S\u00e4ili\u00f6n poiston yhteydess\u00e4 Paltor -nokkapumppu kuitenkin s\u00e4ilytettiin paikallaan, joten ulkoisesti Ford on aikakautensa kuosissa.<br>Autoa on esitelty vuosien varrella Rauman Vappuparaatissa ja l\u00e4hiseudun ajoneuvotapahtumissa. Sill\u00e4 on my\u00f6s kuljetettu useampi palokuntalainen el\u00e4kep\u00e4iville.<br><\/p>\n","protected":false},"excerpt":{"rendered":"<p>Kovia kokenut Ford F 600 vm 1967 MERKKI, MALLI, VUOSIMALLIFord F 600 vm 1967REKISTERINUMEROEUF-83VALMISTAJAFord Motor Company, USAKORITY\u00d6TK. Nummela Oy, TurkuKUNTOHyv\u00e4, museorekisteriss\u00e4OMISTAJARauman Seudun Mobilistit ry Rauman kaupunki hankki vuonna 1967 tuliter\u00e4n Ford F600-paloauton, joka toimi pitk\u00e4\u00e4n palokunnan ykk\u00f6sautona. Bensiinik\u00e4ytt\u00f6inen Ford oli tuolloin paloautojen eliitti\u00e4. Tarina kahden Fordin per\u00e4\u00e4najosta h\u00e4lytysteht\u00e4v\u00e4ss\u00e4 Paroalhon kaupunginosassa on s\u00e4ilynyt sukupolvelta toiselle.Koudinojankadulla uudehko [&hellip;]<\/p>\n","protected":false},"author":1,"featured_media":0,"parent":37,"menu_order":0,"comment_status":"closed","ping_status":"closed","template":"","meta":{"_monsterinsights_skip_tracking":false,"_monsterinsights_sitenote_active":false,"_monsterinsights_sitenote_note":"","_monsterinsights_sitenote_category":0,"footnotes":""},"class_list":["post-258","page","type-page","status-publish","hentry"],"yoast_head":"<!-- This site is optimized with the Yoast SEO plugin v27.4 - https:\/\/yoast.com\/product\/yoast-seo-wordpress\/ -->\n<title>Ford F 600 vm 1967 - Satakunnan Museopaloautoyhdistys<\/title>\n<meta name=\"robots\" content=\"index, follow, max-snippet:-1, max-image-preview:large, max-video-preview:-1\" \/>\n<link rel=\"canonical\" href=\"https:\/\/museopaloautoyhdistys.fi\/?page_id=258\" \/>\n<meta property=\"og:locale\" content=\"fi_FI\" \/>\n<meta property=\"og:type\" content=\"article\" \/>\n<meta property=\"og:title\" content=\"Ford F 600 vm 1967 - Satakunnan Museopaloautoyhdistys\" \/>\n<meta property=\"og:description\" content=\"Kovia kokenut Ford F 600 vm 1967 MERKKI, MALLI, VUOSIMALLIFord F 600 vm 1967REKISTERINUMEROEUF-83VALMISTAJAFord Motor Company, USAKORITY\u00d6TK. Nummela Oy, TurkuKUNTOHyv\u00e4, museorekisteriss\u00e4OMISTAJARauman Seudun Mobilistit ry Rauman kaupunki hankki vuonna 1967 tuliter\u00e4n Ford F600-paloauton, joka toimi pitk\u00e4\u00e4n palokunnan ykk\u00f6sautona. Bensiinik\u00e4ytt\u00f6inen Ford oli tuolloin paloautojen eliitti\u00e4. Tarina kahden Fordin per\u00e4\u00e4najosta h\u00e4lytysteht\u00e4v\u00e4ss\u00e4 Paroalhon kaupunginosassa on s\u00e4ilynyt sukupolvelta toiselle.Koudinojankadulla uudehko [&hellip;]\" \/>\n<meta property=\"og:url\" content=\"https:\/\/museopaloautoyhdistys.fi\/?page_id=258\" \/>\n<meta property=\"og:site_name\" content=\"Satakunnan Museopaloautoyhdistys\" \/>\n<meta property=\"article:modified_time\" content=\"2026-01-08T19:37:01+00:00\" \/>\n<meta property=\"og:image\" content=\"https:\/\/museopaloautoyhdistys.fi\/wp-content\/uploads\/2025\/08\/1967-Ford-F-600-Rauman-mobilistit_20240324-2-scaled.jpg\" \/>\n\t<meta property=\"og:image:width\" content=\"2560\" \/>\n\t<meta property=\"og:image:height\" content=\"1920\" \/>\n\t<meta property=\"og:image:type\" content=\"image\/jpeg\" \/>\n<meta name=\"twitter:card\" content=\"summary_large_image\" \/>\n<meta name=\"twitter:label1\" content=\"Arvioitu lukuaika\" \/>\n\t<meta name=\"twitter:data1\" content=\"2 minuuttia\" \/>\n<script type=\"application\/ld+json\" class=\"yoast-schema-graph\">{\"@context\":\"https:\\\/\\\/schema.org\",\"@graph\":[{\"@type\":\"WebPage\",\"@id\":\"https:\\\/\\\/museopaloautoyhdistys.fi\\\/?page_id=258\",\"url\":\"https:\\\/\\\/museopaloautoyhdistys.fi\\\/?page_id=258\",\"name\":\"Ford F 600 vm 1967 - Satakunnan Museopaloautoyhdistys\",\"isPartOf\":{\"@id\":\"https:\\\/\\\/museopaloautoyhdistys.fi\\\/#website\"},\"primaryImageOfPage\":{\"@id\":\"https:\\\/\\\/museopaloautoyhdistys.fi\\\/?page_id=258#primaryimage\"},\"image\":{\"@id\":\"https:\\\/\\\/museopaloautoyhdistys.fi\\\/?page_id=258#primaryimage\"},\"thumbnailUrl\":\"https:\\\/\\\/museopaloautoyhdistys.fi\\\/wp-content\\\/uploads\\\/2025\\\/08\\\/1967-Ford-F-600-Rauman-mobilistit_20240324-2-1024x768.jpg\",\"datePublished\":\"2025-08-21T05:59:19+00:00\",\"dateModified\":\"2026-01-08T19:37:01+00:00\",\"breadcrumb\":{\"@id\":\"https:\\\/\\\/museopaloautoyhdistys.fi\\\/?page_id=258#breadcrumb\"},\"inLanguage\":\"fi\",\"potentialAction\":[{\"@type\":\"ReadAction\",\"target\":[\"https:\\\/\\\/museopaloautoyhdistys.fi\\\/?page_id=258\"]}]},{\"@type\":\"ImageObject\",\"inLanguage\":\"fi\",\"@id\":\"https:\\\/\\\/museopaloautoyhdistys.fi\\\/?page_id=258#primaryimage\",\"url\":\"https:\\\/\\\/museopaloautoyhdistys.fi\\\/wp-content\\\/uploads\\\/2025\\\/08\\\/1967-Ford-F-600-Rauman-mobilistit_20240324-2-scaled.jpg\",\"contentUrl\":\"https:\\\/\\\/museopaloautoyhdistys.fi\\\/wp-content\\\/uploads\\\/2025\\\/08\\\/1967-Ford-F-600-Rauman-mobilistit_20240324-2-scaled.jpg\",\"width\":2560,\"height\":1920},{\"@type\":\"BreadcrumbList\",\"@id\":\"https:\\\/\\\/museopaloautoyhdistys.fi\\\/?page_id=258#breadcrumb\",\"itemListElement\":[{\"@type\":\"ListItem\",\"position\":1,\"name\":\"Home\",\"item\":\"https:\\\/\\\/museopaloautoyhdistys.fi\\\/\"},{\"@type\":\"ListItem\",\"position\":2,\"name\":\"Museopaloautot\",\"item\":\"https:\\\/\\\/museopaloautoyhdistys.fi\\\/?page_id=37\"},{\"@type\":\"ListItem\",\"position\":3,\"name\":\"Ford F 600 vm 1967\"}]},{\"@type\":\"WebSite\",\"@id\":\"https:\\\/\\\/museopaloautoyhdistys.fi\\\/#website\",\"url\":\"https:\\\/\\\/museopaloautoyhdistys.fi\\\/\",\"name\":\"Satakunnan Museopaloautoyhdistys\",\"description\":\"\",\"potentialAction\":[{\"@type\":\"SearchAction\",\"target\":{\"@type\":\"EntryPoint\",\"urlTemplate\":\"https:\\\/\\\/museopaloautoyhdistys.fi\\\/?s={search_term_string}\"},\"query-input\":{\"@type\":\"PropertyValueSpecification\",\"valueRequired\":true,\"valueName\":\"search_term_string\"}}],\"inLanguage\":\"fi\"}]}<\/script>\n<!-- \/ Yoast SEO plugin. -->","yoast_head_json":{"title":"Ford F 600 vm 1967 - Satakunnan Museopaloautoyhdistys","robots":{"index":"index","follow":"follow","max-snippet":"max-snippet:-1","max-image-preview":"max-image-preview:large","max-video-preview":"max-video-preview:-1"},"canonical":"https:\/\/museopaloautoyhdistys.fi\/?page_id=258","og_locale":"fi_FI","og_type":"article","og_title":"Ford F 600 vm 1967 - Satakunnan Museopaloautoyhdistys","og_description":"Kovia kokenut Ford F 600 vm 1967 MERKKI, MALLI, VUOSIMALLIFord F 600 vm 1967REKISTERINUMEROEUF-83VALMISTAJAFord Motor Company, USAKORITY\u00d6TK. Nummela Oy, TurkuKUNTOHyv\u00e4, museorekisteriss\u00e4OMISTAJARauman Seudun Mobilistit ry Rauman kaupunki hankki vuonna 1967 tuliter\u00e4n Ford F600-paloauton, joka toimi pitk\u00e4\u00e4n palokunnan ykk\u00f6sautona. Bensiinik\u00e4ytt\u00f6inen Ford oli tuolloin paloautojen eliitti\u00e4. Tarina kahden Fordin per\u00e4\u00e4najosta h\u00e4lytysteht\u00e4v\u00e4ss\u00e4 Paroalhon kaupunginosassa on s\u00e4ilynyt sukupolvelta toiselle.Koudinojankadulla uudehko [&hellip;]","og_url":"https:\/\/museopaloautoyhdistys.fi\/?page_id=258","og_site_name":"Satakunnan Museopaloautoyhdistys","article_modified_time":"2026-01-08T19:37:01+00:00","og_image":[{"width":2560,"height":1920,"url":"https:\/\/museopaloautoyhdistys.fi\/wp-content\/uploads\/2025\/08\/1967-Ford-F-600-Rauman-mobilistit_20240324-2-scaled.jpg","type":"image\/jpeg"}],"twitter_card":"summary_large_image","twitter_misc":{"Arvioitu lukuaika":"2 minuuttia"},"schema":{"@context":"https:\/\/schema.org","@graph":[{"@type":"WebPage","@id":"https:\/\/museopaloautoyhdistys.fi\/?page_id=258","url":"https:\/\/museopaloautoyhdistys.fi\/?page_id=258","name":"Ford F 600 vm 1967 - Satakunnan Museopaloautoyhdistys","isPartOf":{"@id":"https:\/\/museopaloautoyhdistys.fi\/#website"},"primaryImageOfPage":{"@id":"https:\/\/museopaloautoyhdistys.fi\/?page_id=258#primaryimage"},"image":{"@id":"https:\/\/museopaloautoyhdistys.fi\/?page_id=258#primaryimage"},"thumbnailUrl":"https:\/\/museopaloautoyhdistys.fi\/wp-content\/uploads\/2025\/08\/1967-Ford-F-600-Rauman-mobilistit_20240324-2-1024x768.jpg","datePublished":"2025-08-21T05:59:19+00:00","dateModified":"2026-01-08T19:37:01+00:00","breadcrumb":{"@id":"https:\/\/museopaloautoyhdistys.fi\/?page_id=258#breadcrumb"},"inLanguage":"fi","potentialAction":[{"@type":"ReadAction","target":["https:\/\/museopaloautoyhdistys.fi\/?page_id=258"]}]},{"@type":"ImageObject","inLanguage":"fi","@id":"https:\/\/museopaloautoyhdistys.fi\/?page_id=258#primaryimage","url":"https:\/\/museopaloautoyhdistys.fi\/wp-content\/uploads\/2025\/08\/1967-Ford-F-600-Rauman-mobilistit_20240324-2-scaled.jpg","contentUrl":"https:\/\/museopaloautoyhdistys.fi\/wp-content\/uploads\/2025\/08\/1967-Ford-F-600-Rauman-mobilistit_20240324-2-scaled.jpg","width":2560,"height":1920},{"@type":"BreadcrumbList","@id":"https:\/\/museopaloautoyhdistys.fi\/?page_id=258#breadcrumb","itemListElement":[{"@type":"ListItem","position":1,"name":"Home","item":"https:\/\/museopaloautoyhdistys.fi\/"},{"@type":"ListItem","position":2,"name":"Museopaloautot","item":"https:\/\/museopaloautoyhdistys.fi\/?page_id=37"},{"@type":"ListItem","position":3,"name":"Ford F 600 vm 1967"}]},{"@type":"WebSite","@id":"https:\/\/museopaloautoyhdistys.fi\/#website","url":"https:\/\/museopaloautoyhdistys.fi\/","name":"Satakunnan Museopaloautoyhdistys","description":"","potentialAction":[{"@type":"SearchAction","target":{"@type":"EntryPoint","urlTemplate":"https:\/\/museopaloautoyhdistys.fi\/?s={search_term_string}"},"query-input":{"@type":"PropertyValueSpecification","valueRequired":true,"valueName":"search_term_string"}}],"inLanguage":"fi"}]}},"_links":{"self":[{"href":"https:\/\/museopaloautoyhdistys.fi\/index.php?rest_route=\/wp\/v2\/pages\/258","targetHints":{"allow":["GET"]}}],"collection":[{"href":"https:\/\/museopaloautoyhdistys.fi\/index.php?rest_route=\/wp\/v2\/pages"}],"about":[{"href":"https:\/\/museopaloautoyhdistys.fi\/index.php?rest_route=\/wp\/v2\/types\/page"}],"author":[{"embeddable":true,"href":"https:\/\/museopaloautoyhdistys.fi\/index.php?rest_route=\/wp\/v2\/users\/1"}],"replies":[{"embeddable":true,"href":"https:\/\/museopaloautoyhdistys.fi\/index.php?rest_route=%2Fwp%2Fv2%2Fcomments&post=258"}],"version-history":[{"count":1,"href":"https:\/\/museopaloautoyhdistys.fi\/index.php?rest_route=\/wp\/v2\/pages\/258\/revisions"}],"predecessor-version":[{"id":260,"href":"https:\/\/museopaloautoyhdistys.fi\/index.php?rest_route=\/wp\/v2\/pages\/258\/revisions\/260"}],"up":[{"embeddable":true,"href":"https:\/\/museopaloautoyhdistys.fi\/index.php?rest_route=\/wp\/v2\/pages\/37"}],"wp:attachment":[{"href":"https:\/\/museopaloautoyhdistys.fi\/index.php?rest_route=%2Fwp%2Fv2%2Fmedia&parent=258"}],"curies":[{"name":"wp","href":"https:\/\/api.w.org\/{rel}","templated":true}]}}