{"id":207,"date":"2025-06-30T13:46:32","date_gmt":"2025-06-30T13:46:32","guid":{"rendered":"https:\/\/museopaloautoyhdistys.fi\/?page_id=207"},"modified":"2026-01-08T19:36:12","modified_gmt":"2026-01-08T19:36:12","slug":"ambulanssi-volkswagen-transporter-t2-1969","status":"publish","type":"page","link":"https:\/\/museopaloautoyhdistys.fi\/?page_id=207","title":{"rendered":"Ambulanssi Volkswagen Transporter T2, 1969"},"content":{"rendered":"\n<div class=\"wp-block-media-text is-stacked-on-mobile\"><figure class=\"wp-block-media-text__media\"><img loading=\"lazy\" decoding=\"async\" width=\"1024\" height=\"768\" src=\"https:\/\/museopaloautoyhdistys.fi\/wp-content\/uploads\/2025\/06\/Kuva-2-1024x768.jpg\" alt=\"\" class=\"wp-image-208 size-full\" srcset=\"https:\/\/museopaloautoyhdistys.fi\/wp-content\/uploads\/2025\/06\/Kuva-2-1024x768.jpg 1024w, https:\/\/museopaloautoyhdistys.fi\/wp-content\/uploads\/2025\/06\/Kuva-2-300x225.jpg 300w, https:\/\/museopaloautoyhdistys.fi\/wp-content\/uploads\/2025\/06\/Kuva-2-768x576.jpg 768w, https:\/\/museopaloautoyhdistys.fi\/wp-content\/uploads\/2025\/06\/Kuva-2-1536x1152.jpg 1536w, https:\/\/museopaloautoyhdistys.fi\/wp-content\/uploads\/2025\/06\/Kuva-2-2048x1536.jpg 2048w\" sizes=\"auto, (max-width: 1024px) 100vw, 1024px\" \/><\/figure><div class=\"wp-block-media-text__content\">\n<p class=\"has-roboto-font-family has-extra-small-font-size\"><strong>MERKKI, MALLI, VUOSIMALLI<\/strong><br>Volkswagen Transporter T2<br><strong>REKISTERINUMERO<\/strong><br>EO-111<br><strong>VALMISTAJA<\/strong><br>Volkswagen Ag, Saksan Liittotasavalta<br><strong>KUNTO<\/strong><br>Erinomainen, museorekisteriss\u00e4<br><strong>OMISTAJA<\/strong><br>Rauman Seudun Mobilistit ry<br><strong>LIS\u00c4TIEDOT<\/strong><br>Kalle Savolainen<br>0400 797&nbsp;922<br>kalsavo59@gmail.com<\/p>\n<\/div><\/div>\n\n\n\n<p class=\"has-roboto-font-family has-extra-small-font-size\">Eurajoen VPK hankki tehdasvalmiin Volkswagen-ambulanssin ker\u00e4ysvaroin vuonna 1969. Rahat auton hankintaan saatiin j\u00e4rjest\u00e4m\u00e4ll\u00e4 myyj\u00e4isi\u00e4, iltamia ja muita tapahtumia. Potilaita kuljetettiin Eurajoelta Rauman ja Uudenkaupungin sairaaloihin.<\/p>\n\n\n\n<p class=\"has-roboto-font-family has-extra-small-font-size\">VPK-toiminnan luonteesta johtuen kuljettajista oli ajoittain puutetta. Silloin saattoi kuljettajana olla joku muukin kuin palomies.<\/p>\n\n\n\n<p class=\"has-roboto-font-family has-extra-small-font-size\">Vuonna 1972 astui voimaan kansanterveyslaki, joka velvoitti sairaankuljettajat koulutettaviksi teht\u00e4v\u00e4\u00e4ns\u00e4. Palokuntalaisilla ei kuitenkaan ollut halukkuutta t\u00e4h\u00e4n, ja niin sairaankuljetus p\u00e4\u00e4tettiin lopettaa. Ambulanssi varastoitiin Vuojoen kartanoon, joka tuolloin toimi kunnan vanhainkotina.<\/p>\n\n\n\n<p class=\"has-roboto-font-family has-extra-small-font-size\">Rauman kaupunki kuuli asiasta ja osti auton Raumalle. Muutaman vuoden kuluttua kaupunki uudisti autokalustoa ja VW siirrettiin vara-autoksi. T\u00e4t\u00e4 teht\u00e4v\u00e4\u00e4 kesti aina vuoteen 1986.<\/p>\n\n\n\n<p class=\"has-roboto-font-family has-extra-small-font-size\">Seuraava varastointipaikka l\u00f6ytyi Rauman vesilaitoksen tiloista. Varasto todettiin my\u00f6hemmin kosteaksi paikaksi. Vuonna 2005 ambulanssille vuokrattiin varasto Rauman Seudun Mobilistien hallista. Varastointi vei kuitenkin tilaa korjaamohallista ja yhdistyksen hallitus piti auton historian vuoksi t\u00e4rke\u00e4n\u00e4, ett\u00e4 auto kunnostettaisiin ja s\u00e4ilytett\u00e4isiin j\u00e4lkipolville. Keskustelu kaupungin kanssa kannatti, ja toukokuussa 2016 Rauman kaupunki lahjoitti auton Rauman Seudun Mobilistit ry:lle.<\/p>\n\n\n\n<p class=\"has-roboto-font-family has-extra-small-font-size\">Hieman vajaan kahden vuoden kuluttua 2018 tammikuussa remonttiryhm\u00e4 aloitti ty\u00f6ns\u00e4. Eritt\u00e4in nopeasti edennyt kunnostus oli valmis jo kahdeksan kuukauden kuluttua ja ambulanssi museokatsastettiin 4.9.2018.<\/p>\n\n\n\n<p class=\"has-roboto-font-family has-extra-small-font-size\">Bensiinik\u00e4ytt\u00f6inen ja takavetoinen auto on Transporterin toisen sukupolven malli Typ 2, jota valmistettiin vuosina 1968\u20131979. N\u00e4kyvin ero aikaisempaan sukupolveen oli, ett\u00e4 tuulilasi ei ollut en\u00e4\u00e4 jaettu. Mallia valmistettiin Saksassa vuoteen 1979, ja sen j\u00e4lkeen Meksikossa vuoteen 1986.<\/p>\n\n\n\n<figure class=\"wp-block-gallery has-nested-images columns-default is-cropped wp-block-gallery-1 is-layout-flex wp-block-gallery-is-layout-flex\">\n<figure class=\"wp-block-image size-large\"><img loading=\"lazy\" decoding=\"async\" width=\"1024\" height=\"768\" data-id=\"213\" src=\"https:\/\/museopaloautoyhdistys.fi\/wp-content\/uploads\/2025\/06\/Kuva-1-1024x768.jpg\" alt=\"\" class=\"wp-image-213\" srcset=\"https:\/\/museopaloautoyhdistys.fi\/wp-content\/uploads\/2025\/06\/Kuva-1-1024x768.jpg 1024w, https:\/\/museopaloautoyhdistys.fi\/wp-content\/uploads\/2025\/06\/Kuva-1-300x225.jpg 300w, https:\/\/museopaloautoyhdistys.fi\/wp-content\/uploads\/2025\/06\/Kuva-1-768x576.jpg 768w, https:\/\/museopaloautoyhdistys.fi\/wp-content\/uploads\/2025\/06\/Kuva-1-1536x1152.jpg 1536w, https:\/\/museopaloautoyhdistys.fi\/wp-content\/uploads\/2025\/06\/Kuva-1-2048x1536.jpg 2048w\" sizes=\"auto, (max-width: 1024px) 100vw, 1024px\" \/><\/figure>\n<\/figure>\n","protected":false},"excerpt":{"rendered":"<p>MERKKI, MALLI, VUOSIMALLIVolkswagen Transporter T2REKISTERINUMEROEO-111VALMISTAJAVolkswagen Ag, Saksan LiittotasavaltaKUNTOErinomainen, museorekisteriss\u00e4OMISTAJARauman Seudun Mobilistit ryLIS\u00c4TIEDOTKalle Savolainen0400 797&nbsp;922kalsavo59@gmail.com Eurajoen VPK hankki tehdasvalmiin Volkswagen-ambulanssin ker\u00e4ysvaroin vuonna 1969. Rahat auton hankintaan saatiin j\u00e4rjest\u00e4m\u00e4ll\u00e4 myyj\u00e4isi\u00e4, iltamia ja muita tapahtumia. Potilaita kuljetettiin Eurajoelta Rauman ja Uudenkaupungin sairaaloihin. VPK-toiminnan luonteesta johtuen kuljettajista oli ajoittain puutetta. Silloin saattoi kuljettajana olla joku muukin kuin palomies. Vuonna [&hellip;]<\/p>\n","protected":false},"author":1,"featured_media":0,"parent":37,"menu_order":0,"comment_status":"closed","ping_status":"closed","template":"","meta":{"_monsterinsights_skip_tracking":false,"_monsterinsights_sitenote_active":false,"_monsterinsights_sitenote_note":"","_monsterinsights_sitenote_category":0,"footnotes":""},"class_list":["post-207","page","type-page","status-publish","hentry"],"yoast_head":"<!-- This site is optimized with the Yoast SEO plugin v27.4 - https:\/\/yoast.com\/product\/yoast-seo-wordpress\/ -->\n<title>Ambulanssi Volkswagen Transporter T2, 1969 - Satakunnan Museopaloautoyhdistys<\/title>\n<meta name=\"robots\" content=\"index, follow, max-snippet:-1, max-image-preview:large, max-video-preview:-1\" \/>\n<link rel=\"canonical\" href=\"https:\/\/museopaloautoyhdistys.fi\/?page_id=207\" \/>\n<meta property=\"og:locale\" content=\"fi_FI\" \/>\n<meta property=\"og:type\" content=\"article\" \/>\n<meta property=\"og:title\" content=\"Ambulanssi Volkswagen Transporter T2, 1969 - Satakunnan Museopaloautoyhdistys\" \/>\n<meta property=\"og:description\" content=\"MERKKI, MALLI, VUOSIMALLIVolkswagen Transporter T2REKISTERINUMEROEO-111VALMISTAJAVolkswagen Ag, Saksan LiittotasavaltaKUNTOErinomainen, museorekisteriss\u00e4OMISTAJARauman Seudun Mobilistit ryLIS\u00c4TIEDOTKalle Savolainen0400 797&nbsp;922kalsavo59@gmail.com Eurajoen VPK hankki tehdasvalmiin Volkswagen-ambulanssin ker\u00e4ysvaroin vuonna 1969. Rahat auton hankintaan saatiin j\u00e4rjest\u00e4m\u00e4ll\u00e4 myyj\u00e4isi\u00e4, iltamia ja muita tapahtumia. Potilaita kuljetettiin Eurajoelta Rauman ja Uudenkaupungin sairaaloihin. VPK-toiminnan luonteesta johtuen kuljettajista oli ajoittain puutetta. Silloin saattoi kuljettajana olla joku muukin kuin palomies. Vuonna [&hellip;]\" \/>\n<meta property=\"og:url\" content=\"https:\/\/museopaloautoyhdistys.fi\/?page_id=207\" \/>\n<meta property=\"og:site_name\" content=\"Satakunnan Museopaloautoyhdistys\" \/>\n<meta property=\"article:modified_time\" content=\"2026-01-08T19:36:12+00:00\" \/>\n<meta property=\"og:image\" content=\"https:\/\/museopaloautoyhdistys.fi\/wp-content\/uploads\/2025\/06\/Kuva-2-scaled.jpg\" \/>\n\t<meta property=\"og:image:width\" content=\"2560\" \/>\n\t<meta property=\"og:image:height\" content=\"1920\" \/>\n\t<meta property=\"og:image:type\" content=\"image\/jpeg\" \/>\n<meta name=\"twitter:card\" content=\"summary_large_image\" \/>\n<meta name=\"twitter:label1\" content=\"Arvioitu lukuaika\" \/>\n\t<meta name=\"twitter:data1\" content=\"2 minuuttia\" \/>\n<script type=\"application\/ld+json\" class=\"yoast-schema-graph\">{\"@context\":\"https:\\\/\\\/schema.org\",\"@graph\":[{\"@type\":\"WebPage\",\"@id\":\"https:\\\/\\\/museopaloautoyhdistys.fi\\\/?page_id=207\",\"url\":\"https:\\\/\\\/museopaloautoyhdistys.fi\\\/?page_id=207\",\"name\":\"Ambulanssi Volkswagen Transporter T2, 1969 - Satakunnan Museopaloautoyhdistys\",\"isPartOf\":{\"@id\":\"https:\\\/\\\/museopaloautoyhdistys.fi\\\/#website\"},\"primaryImageOfPage\":{\"@id\":\"https:\\\/\\\/museopaloautoyhdistys.fi\\\/?page_id=207#primaryimage\"},\"image\":{\"@id\":\"https:\\\/\\\/museopaloautoyhdistys.fi\\\/?page_id=207#primaryimage\"},\"thumbnailUrl\":\"https:\\\/\\\/museopaloautoyhdistys.fi\\\/wp-content\\\/uploads\\\/2025\\\/06\\\/Kuva-2-1024x768.jpg\",\"datePublished\":\"2025-06-30T13:46:32+00:00\",\"dateModified\":\"2026-01-08T19:36:12+00:00\",\"breadcrumb\":{\"@id\":\"https:\\\/\\\/museopaloautoyhdistys.fi\\\/?page_id=207#breadcrumb\"},\"inLanguage\":\"fi\",\"potentialAction\":[{\"@type\":\"ReadAction\",\"target\":[\"https:\\\/\\\/museopaloautoyhdistys.fi\\\/?page_id=207\"]}]},{\"@type\":\"ImageObject\",\"inLanguage\":\"fi\",\"@id\":\"https:\\\/\\\/museopaloautoyhdistys.fi\\\/?page_id=207#primaryimage\",\"url\":\"https:\\\/\\\/museopaloautoyhdistys.fi\\\/wp-content\\\/uploads\\\/2025\\\/06\\\/Kuva-2-scaled.jpg\",\"contentUrl\":\"https:\\\/\\\/museopaloautoyhdistys.fi\\\/wp-content\\\/uploads\\\/2025\\\/06\\\/Kuva-2-scaled.jpg\",\"width\":2560,\"height\":1920},{\"@type\":\"BreadcrumbList\",\"@id\":\"https:\\\/\\\/museopaloautoyhdistys.fi\\\/?page_id=207#breadcrumb\",\"itemListElement\":[{\"@type\":\"ListItem\",\"position\":1,\"name\":\"Home\",\"item\":\"https:\\\/\\\/museopaloautoyhdistys.fi\\\/\"},{\"@type\":\"ListItem\",\"position\":2,\"name\":\"Museopaloautot\",\"item\":\"https:\\\/\\\/museopaloautoyhdistys.fi\\\/?page_id=37\"},{\"@type\":\"ListItem\",\"position\":3,\"name\":\"Ambulanssi Volkswagen Transporter T2, 1969\"}]},{\"@type\":\"WebSite\",\"@id\":\"https:\\\/\\\/museopaloautoyhdistys.fi\\\/#website\",\"url\":\"https:\\\/\\\/museopaloautoyhdistys.fi\\\/\",\"name\":\"Satakunnan Museopaloautoyhdistys\",\"description\":\"\",\"potentialAction\":[{\"@type\":\"SearchAction\",\"target\":{\"@type\":\"EntryPoint\",\"urlTemplate\":\"https:\\\/\\\/museopaloautoyhdistys.fi\\\/?s={search_term_string}\"},\"query-input\":{\"@type\":\"PropertyValueSpecification\",\"valueRequired\":true,\"valueName\":\"search_term_string\"}}],\"inLanguage\":\"fi\"}]}<\/script>\n<!-- \/ Yoast SEO plugin. -->","yoast_head_json":{"title":"Ambulanssi Volkswagen Transporter T2, 1969 - Satakunnan Museopaloautoyhdistys","robots":{"index":"index","follow":"follow","max-snippet":"max-snippet:-1","max-image-preview":"max-image-preview:large","max-video-preview":"max-video-preview:-1"},"canonical":"https:\/\/museopaloautoyhdistys.fi\/?page_id=207","og_locale":"fi_FI","og_type":"article","og_title":"Ambulanssi Volkswagen Transporter T2, 1969 - Satakunnan Museopaloautoyhdistys","og_description":"MERKKI, MALLI, VUOSIMALLIVolkswagen Transporter T2REKISTERINUMEROEO-111VALMISTAJAVolkswagen Ag, Saksan LiittotasavaltaKUNTOErinomainen, museorekisteriss\u00e4OMISTAJARauman Seudun Mobilistit ryLIS\u00c4TIEDOTKalle Savolainen0400 797&nbsp;922kalsavo59@gmail.com Eurajoen VPK hankki tehdasvalmiin Volkswagen-ambulanssin ker\u00e4ysvaroin vuonna 1969. Rahat auton hankintaan saatiin j\u00e4rjest\u00e4m\u00e4ll\u00e4 myyj\u00e4isi\u00e4, iltamia ja muita tapahtumia. Potilaita kuljetettiin Eurajoelta Rauman ja Uudenkaupungin sairaaloihin. VPK-toiminnan luonteesta johtuen kuljettajista oli ajoittain puutetta. Silloin saattoi kuljettajana olla joku muukin kuin palomies. Vuonna [&hellip;]","og_url":"https:\/\/museopaloautoyhdistys.fi\/?page_id=207","og_site_name":"Satakunnan Museopaloautoyhdistys","article_modified_time":"2026-01-08T19:36:12+00:00","og_image":[{"width":2560,"height":1920,"url":"https:\/\/museopaloautoyhdistys.fi\/wp-content\/uploads\/2025\/06\/Kuva-2-scaled.jpg","type":"image\/jpeg"}],"twitter_card":"summary_large_image","twitter_misc":{"Arvioitu lukuaika":"2 minuuttia"},"schema":{"@context":"https:\/\/schema.org","@graph":[{"@type":"WebPage","@id":"https:\/\/museopaloautoyhdistys.fi\/?page_id=207","url":"https:\/\/museopaloautoyhdistys.fi\/?page_id=207","name":"Ambulanssi Volkswagen Transporter T2, 1969 - Satakunnan Museopaloautoyhdistys","isPartOf":{"@id":"https:\/\/museopaloautoyhdistys.fi\/#website"},"primaryImageOfPage":{"@id":"https:\/\/museopaloautoyhdistys.fi\/?page_id=207#primaryimage"},"image":{"@id":"https:\/\/museopaloautoyhdistys.fi\/?page_id=207#primaryimage"},"thumbnailUrl":"https:\/\/museopaloautoyhdistys.fi\/wp-content\/uploads\/2025\/06\/Kuva-2-1024x768.jpg","datePublished":"2025-06-30T13:46:32+00:00","dateModified":"2026-01-08T19:36:12+00:00","breadcrumb":{"@id":"https:\/\/museopaloautoyhdistys.fi\/?page_id=207#breadcrumb"},"inLanguage":"fi","potentialAction":[{"@type":"ReadAction","target":["https:\/\/museopaloautoyhdistys.fi\/?page_id=207"]}]},{"@type":"ImageObject","inLanguage":"fi","@id":"https:\/\/museopaloautoyhdistys.fi\/?page_id=207#primaryimage","url":"https:\/\/museopaloautoyhdistys.fi\/wp-content\/uploads\/2025\/06\/Kuva-2-scaled.jpg","contentUrl":"https:\/\/museopaloautoyhdistys.fi\/wp-content\/uploads\/2025\/06\/Kuva-2-scaled.jpg","width":2560,"height":1920},{"@type":"BreadcrumbList","@id":"https:\/\/museopaloautoyhdistys.fi\/?page_id=207#breadcrumb","itemListElement":[{"@type":"ListItem","position":1,"name":"Home","item":"https:\/\/museopaloautoyhdistys.fi\/"},{"@type":"ListItem","position":2,"name":"Museopaloautot","item":"https:\/\/museopaloautoyhdistys.fi\/?page_id=37"},{"@type":"ListItem","position":3,"name":"Ambulanssi Volkswagen Transporter T2, 1969"}]},{"@type":"WebSite","@id":"https:\/\/museopaloautoyhdistys.fi\/#website","url":"https:\/\/museopaloautoyhdistys.fi\/","name":"Satakunnan Museopaloautoyhdistys","description":"","potentialAction":[{"@type":"SearchAction","target":{"@type":"EntryPoint","urlTemplate":"https:\/\/museopaloautoyhdistys.fi\/?s={search_term_string}"},"query-input":{"@type":"PropertyValueSpecification","valueRequired":true,"valueName":"search_term_string"}}],"inLanguage":"fi"}]}},"_links":{"self":[{"href":"https:\/\/museopaloautoyhdistys.fi\/index.php?rest_route=\/wp\/v2\/pages\/207","targetHints":{"allow":["GET"]}}],"collection":[{"href":"https:\/\/museopaloautoyhdistys.fi\/index.php?rest_route=\/wp\/v2\/pages"}],"about":[{"href":"https:\/\/museopaloautoyhdistys.fi\/index.php?rest_route=\/wp\/v2\/types\/page"}],"author":[{"embeddable":true,"href":"https:\/\/museopaloautoyhdistys.fi\/index.php?rest_route=\/wp\/v2\/users\/1"}],"replies":[{"embeddable":true,"href":"https:\/\/museopaloautoyhdistys.fi\/index.php?rest_route=%2Fwp%2Fv2%2Fcomments&post=207"}],"version-history":[{"count":4,"href":"https:\/\/museopaloautoyhdistys.fi\/index.php?rest_route=\/wp\/v2\/pages\/207\/revisions"}],"predecessor-version":[{"id":326,"href":"https:\/\/museopaloautoyhdistys.fi\/index.php?rest_route=\/wp\/v2\/pages\/207\/revisions\/326"}],"up":[{"embeddable":true,"href":"https:\/\/museopaloautoyhdistys.fi\/index.php?rest_route=\/wp\/v2\/pages\/37"}],"wp:attachment":[{"href":"https:\/\/museopaloautoyhdistys.fi\/index.php?rest_route=%2Fwp%2Fv2%2Fmedia&parent=207"}],"curies":[{"name":"wp","href":"https:\/\/api.w.org\/{rel}","templated":true}]}}