{"id":204,"date":"2025-06-30T13:44:57","date_gmt":"2025-06-30T13:44:57","guid":{"rendered":"https:\/\/museopaloautoyhdistys.fi\/?page_id=204"},"modified":"2026-01-08T19:37:02","modified_gmt":"2026-01-08T19:37:02","slug":"mercedes-benz-l408-kasten-1967","status":"publish","type":"page","link":"https:\/\/museopaloautoyhdistys.fi\/?page_id=204","title":{"rendered":"Mercedes-Benz L408 Kasten, 1967"},"content":{"rendered":"\n<div class=\"wp-block-media-text is-stacked-on-mobile\"><figure class=\"wp-block-media-text__media\"><img loading=\"lazy\" decoding=\"async\" width=\"1024\" height=\"768\" src=\"https:\/\/museopaloautoyhdistys.fi\/wp-content\/uploads\/2025\/06\/1967-Mercedes-Benz-Suttilan-VPK_2025-1-1024x768.jpg\" alt=\"\" class=\"wp-image-205 size-full\" srcset=\"https:\/\/museopaloautoyhdistys.fi\/wp-content\/uploads\/2025\/06\/1967-Mercedes-Benz-Suttilan-VPK_2025-1-1024x768.jpg 1024w, https:\/\/museopaloautoyhdistys.fi\/wp-content\/uploads\/2025\/06\/1967-Mercedes-Benz-Suttilan-VPK_2025-1-300x225.jpg 300w, https:\/\/museopaloautoyhdistys.fi\/wp-content\/uploads\/2025\/06\/1967-Mercedes-Benz-Suttilan-VPK_2025-1-768x576.jpg 768w, https:\/\/museopaloautoyhdistys.fi\/wp-content\/uploads\/2025\/06\/1967-Mercedes-Benz-Suttilan-VPK_2025-1-1536x1152.jpg 1536w, https:\/\/museopaloautoyhdistys.fi\/wp-content\/uploads\/2025\/06\/1967-Mercedes-Benz-Suttilan-VPK_2025-1.jpg 1600w\" sizes=\"auto, (max-width: 1024px) 100vw, 1024px\" \/><\/figure><div class=\"wp-block-media-text__content\">\n<p class=\"has-roboto-font-family has-extra-small-font-size\"><strong>MERKKI, MALLI, VUOSIMALLI<\/strong><br>Mercedes Benz, L408 Kasten, 1967<br><strong>REKISTERINUMERO<\/strong><br>ETE-61<br><strong>ALUSTAN VALMISTAJA<\/strong><br>Daimler-Benz Ag, L\u00e4nsi-Saksa<br><strong>KORITY\u00d6T<\/strong><br>K. Nummela Oy, Turku<br><strong>KUNTO<\/strong><br>Hyv\u00e4<br><strong>OMISTAJA<\/strong><br>Suttilan Vapaaehtoinen Palokunta ry<br><strong>LIS\u00c4TIEDOT<\/strong><br>Kimmo Vaihekoski 040 546 5461<\/p>\n<\/div><\/div>\n\n\n\n<p class=\"has-roboto-font-family has-extra-small-font-size\">Huittislainen Suttilan VPK p\u00e4\u00e4tti huhtikuussa 1967 hankkia uuden paloauton, joka olisi j\u00e4rjestyksess\u00e4 yhdistyksen nelj\u00e4s auto. Se kolmas, ven\u00e4l\u00e4isvalmisteinen GAZ, oli tullut tiens\u00e4 p\u00e4\u00e4h\u00e4n.<\/p>\n\n\n\n<p class=\"has-roboto-font-family has-extra-small-font-size\">Yhdistyksen kokous p\u00e4\u00e4tti hankkia l\u00e4nsimaisen auton ja p\u00e4\u00e4tyi Mercedes-Benziin. Kyseess\u00e4 oli uunituore malli Mercedes-Benz L408 Kasten, joka kuului niin sanottuun \u201dT2\u201d-sarjaan, jonka valmistus aloitettiin vuonna 1967. Viimeiset 408:t valmistuivat yhdeks\u00e4ntoista vuotta my\u00f6hemmin.<\/p>\n\n\n\n<p class=\"has-roboto-font-family has-extra-small-font-size\">Nimi \u201dKasten\u201d viittaa siihen, ett\u00e4 kyseess\u00e4 on umpikori eli paketti- tai matkailuauton runko \u2013 saksaksi Kastenwagen.<br>Edelleen ajokunnossa olevan auton voimanl\u00e4hteen\u00e4 on 1,9 litrainen, 90 hevosvoimainen bensiinimoottori. Siin\u00e4 on istuimet 1+6:lle hengelle. Nokalla on Rosenbauerin pumppu ja s\u00e4ili\u00f6ss\u00e4 800 litraa vett\u00e4.<\/p>\n\n\n\n<p class=\"has-roboto-font-family has-extra-small-font-size\">1960-lukulaisen auton toiminnalliset resurssit olivat rajalliset palokuntatoimintaan. Kaksi penkkirivi\u00e4 ja 800 litran vesis\u00e4ili\u00f6 veiv\u00e4t suuren osan kalustotilasta. My\u00f6s kokonaismassa, 4000 kg, toi rajansa kaluston m\u00e4\u00e4r\u00e4\u00e4n. Mukana kulkivat sent\u00e4\u00e4n perustarvikkeet letkuista moottoriruiskuun ja palokirveest\u00e4 rautakankeen ja katuharjaan.<\/p>\n\n\n\n<p class=\"has-roboto-font-family has-extra-small-font-size\">Suomen vanhimman kyl\u00e4palokunnan autolle kertyi pitk\u00e4 toimintahistoria, 40 vuotta. Vuoteen 2007 saakka Mersu oli riviss\u00e4. Sen korvasi Satakunnan pelastuslaitoksen palokunnan k\u00e4ytt\u00f6\u00f6n luovuttama Dodge Power Ram.<\/p>\n\n\n\n<p class=\"has-roboto-font-family has-extra-small-font-size\">Aktiivivuosien j\u00e4lkeen Mersu toimi palokunnan \u201dvirkistysautona\u201d vuoteen 2013. Seuraavat 11 vuotta se oli seisontavakuutettuna, kunnes kev\u00e4\u00e4ll\u00e4 2024 auto p\u00e4\u00e4tettiin ottaa j\u00e4lleen liikenteeseen. Se katsastettiin ja tehtiin t\u00e4ydellinen 60-vuotishuolto. T\u00e4ll\u00e4 hetkell\u00e4 liikennekelpoisen auton mittarissa on lukema 18270 km.<\/p>\n\n\n\n<p class=\"has-roboto-font-family has-extra-small-font-size\">Suttilalaiset muistelevat, ett\u00e4 kuljettajan kiihtyvyys ja huippunopeus taisivat ylt\u00e4\u00e4 isommiksi kuin auton, mutta perille aina p\u00e4\u00e4stiin.<\/p>\n","protected":false},"excerpt":{"rendered":"<p>MERKKI, MALLI, VUOSIMALLIMercedes Benz, L408 Kasten, 1967REKISTERINUMEROETE-61ALUSTAN VALMISTAJADaimler-Benz Ag, L\u00e4nsi-SaksaKORITY\u00d6TK. Nummela Oy, TurkuKUNTOHyv\u00e4OMISTAJASuttilan Vapaaehtoinen Palokunta ryLIS\u00c4TIEDOTKimmo Vaihekoski 040 546 5461 Huittislainen Suttilan VPK p\u00e4\u00e4tti huhtikuussa 1967 hankkia uuden paloauton, joka olisi j\u00e4rjestyksess\u00e4 yhdistyksen nelj\u00e4s auto. Se kolmas, ven\u00e4l\u00e4isvalmisteinen GAZ, oli tullut tiens\u00e4 p\u00e4\u00e4h\u00e4n. Yhdistyksen kokous p\u00e4\u00e4tti hankkia l\u00e4nsimaisen auton ja p\u00e4\u00e4tyi Mercedes-Benziin. Kyseess\u00e4 oli uunituore [&hellip;]<\/p>\n","protected":false},"author":1,"featured_media":0,"parent":37,"menu_order":0,"comment_status":"closed","ping_status":"closed","template":"","meta":{"_monsterinsights_skip_tracking":false,"_monsterinsights_sitenote_active":false,"_monsterinsights_sitenote_note":"","_monsterinsights_sitenote_category":0,"footnotes":""},"class_list":["post-204","page","type-page","status-publish","hentry"],"yoast_head":"<!-- This site is optimized with the Yoast SEO plugin v27.4 - https:\/\/yoast.com\/product\/yoast-seo-wordpress\/ -->\n<title>Mercedes-Benz L408 Kasten, 1967 - Satakunnan Museopaloautoyhdistys<\/title>\n<meta name=\"robots\" content=\"index, follow, max-snippet:-1, max-image-preview:large, max-video-preview:-1\" \/>\n<link rel=\"canonical\" href=\"https:\/\/museopaloautoyhdistys.fi\/?page_id=204\" \/>\n<meta property=\"og:locale\" content=\"fi_FI\" \/>\n<meta property=\"og:type\" content=\"article\" \/>\n<meta property=\"og:title\" content=\"Mercedes-Benz L408 Kasten, 1967 - Satakunnan Museopaloautoyhdistys\" \/>\n<meta property=\"og:description\" content=\"MERKKI, MALLI, VUOSIMALLIMercedes Benz, L408 Kasten, 1967REKISTERINUMEROETE-61ALUSTAN VALMISTAJADaimler-Benz Ag, L\u00e4nsi-SaksaKORITY\u00d6TK. Nummela Oy, TurkuKUNTOHyv\u00e4OMISTAJASuttilan Vapaaehtoinen Palokunta ryLIS\u00c4TIEDOTKimmo Vaihekoski 040 546 5461 Huittislainen Suttilan VPK p\u00e4\u00e4tti huhtikuussa 1967 hankkia uuden paloauton, joka olisi j\u00e4rjestyksess\u00e4 yhdistyksen nelj\u00e4s auto. Se kolmas, ven\u00e4l\u00e4isvalmisteinen GAZ, oli tullut tiens\u00e4 p\u00e4\u00e4h\u00e4n. Yhdistyksen kokous p\u00e4\u00e4tti hankkia l\u00e4nsimaisen auton ja p\u00e4\u00e4tyi Mercedes-Benziin. Kyseess\u00e4 oli uunituore [&hellip;]\" \/>\n<meta property=\"og:url\" content=\"https:\/\/museopaloautoyhdistys.fi\/?page_id=204\" \/>\n<meta property=\"og:site_name\" content=\"Satakunnan Museopaloautoyhdistys\" \/>\n<meta property=\"article:modified_time\" content=\"2026-01-08T19:37:02+00:00\" \/>\n<meta property=\"og:image\" content=\"https:\/\/museopaloautoyhdistys.fi\/wp-content\/uploads\/2025\/06\/1967-Mercedes-Benz-Suttilan-VPK_2025-1.jpg\" \/>\n\t<meta property=\"og:image:width\" content=\"1600\" \/>\n\t<meta property=\"og:image:height\" content=\"1200\" \/>\n\t<meta property=\"og:image:type\" content=\"image\/jpeg\" \/>\n<meta name=\"twitter:card\" content=\"summary_large_image\" \/>\n<meta name=\"twitter:label1\" content=\"Arvioitu lukuaika\" \/>\n\t<meta name=\"twitter:data1\" content=\"2 minuuttia\" \/>\n<script type=\"application\/ld+json\" class=\"yoast-schema-graph\">{\"@context\":\"https:\\\/\\\/schema.org\",\"@graph\":[{\"@type\":\"WebPage\",\"@id\":\"https:\\\/\\\/museopaloautoyhdistys.fi\\\/?page_id=204\",\"url\":\"https:\\\/\\\/museopaloautoyhdistys.fi\\\/?page_id=204\",\"name\":\"Mercedes-Benz L408 Kasten, 1967 - Satakunnan Museopaloautoyhdistys\",\"isPartOf\":{\"@id\":\"https:\\\/\\\/museopaloautoyhdistys.fi\\\/#website\"},\"primaryImageOfPage\":{\"@id\":\"https:\\\/\\\/museopaloautoyhdistys.fi\\\/?page_id=204#primaryimage\"},\"image\":{\"@id\":\"https:\\\/\\\/museopaloautoyhdistys.fi\\\/?page_id=204#primaryimage\"},\"thumbnailUrl\":\"https:\\\/\\\/museopaloautoyhdistys.fi\\\/wp-content\\\/uploads\\\/2025\\\/06\\\/1967-Mercedes-Benz-Suttilan-VPK_2025-1-1024x768.jpg\",\"datePublished\":\"2025-06-30T13:44:57+00:00\",\"dateModified\":\"2026-01-08T19:37:02+00:00\",\"breadcrumb\":{\"@id\":\"https:\\\/\\\/museopaloautoyhdistys.fi\\\/?page_id=204#breadcrumb\"},\"inLanguage\":\"fi\",\"potentialAction\":[{\"@type\":\"ReadAction\",\"target\":[\"https:\\\/\\\/museopaloautoyhdistys.fi\\\/?page_id=204\"]}]},{\"@type\":\"ImageObject\",\"inLanguage\":\"fi\",\"@id\":\"https:\\\/\\\/museopaloautoyhdistys.fi\\\/?page_id=204#primaryimage\",\"url\":\"https:\\\/\\\/museopaloautoyhdistys.fi\\\/wp-content\\\/uploads\\\/2025\\\/06\\\/1967-Mercedes-Benz-Suttilan-VPK_2025-1.jpg\",\"contentUrl\":\"https:\\\/\\\/museopaloautoyhdistys.fi\\\/wp-content\\\/uploads\\\/2025\\\/06\\\/1967-Mercedes-Benz-Suttilan-VPK_2025-1.jpg\",\"width\":1600,\"height\":1200},{\"@type\":\"BreadcrumbList\",\"@id\":\"https:\\\/\\\/museopaloautoyhdistys.fi\\\/?page_id=204#breadcrumb\",\"itemListElement\":[{\"@type\":\"ListItem\",\"position\":1,\"name\":\"Home\",\"item\":\"https:\\\/\\\/museopaloautoyhdistys.fi\\\/\"},{\"@type\":\"ListItem\",\"position\":2,\"name\":\"Museopaloautot\",\"item\":\"https:\\\/\\\/museopaloautoyhdistys.fi\\\/?page_id=37\"},{\"@type\":\"ListItem\",\"position\":3,\"name\":\"Mercedes-Benz L408 Kasten, 1967\"}]},{\"@type\":\"WebSite\",\"@id\":\"https:\\\/\\\/museopaloautoyhdistys.fi\\\/#website\",\"url\":\"https:\\\/\\\/museopaloautoyhdistys.fi\\\/\",\"name\":\"Satakunnan Museopaloautoyhdistys\",\"description\":\"\",\"potentialAction\":[{\"@type\":\"SearchAction\",\"target\":{\"@type\":\"EntryPoint\",\"urlTemplate\":\"https:\\\/\\\/museopaloautoyhdistys.fi\\\/?s={search_term_string}\"},\"query-input\":{\"@type\":\"PropertyValueSpecification\",\"valueRequired\":true,\"valueName\":\"search_term_string\"}}],\"inLanguage\":\"fi\"}]}<\/script>\n<!-- \/ Yoast SEO plugin. -->","yoast_head_json":{"title":"Mercedes-Benz L408 Kasten, 1967 - Satakunnan Museopaloautoyhdistys","robots":{"index":"index","follow":"follow","max-snippet":"max-snippet:-1","max-image-preview":"max-image-preview:large","max-video-preview":"max-video-preview:-1"},"canonical":"https:\/\/museopaloautoyhdistys.fi\/?page_id=204","og_locale":"fi_FI","og_type":"article","og_title":"Mercedes-Benz L408 Kasten, 1967 - Satakunnan Museopaloautoyhdistys","og_description":"MERKKI, MALLI, VUOSIMALLIMercedes Benz, L408 Kasten, 1967REKISTERINUMEROETE-61ALUSTAN VALMISTAJADaimler-Benz Ag, L\u00e4nsi-SaksaKORITY\u00d6TK. Nummela Oy, TurkuKUNTOHyv\u00e4OMISTAJASuttilan Vapaaehtoinen Palokunta ryLIS\u00c4TIEDOTKimmo Vaihekoski 040 546 5461 Huittislainen Suttilan VPK p\u00e4\u00e4tti huhtikuussa 1967 hankkia uuden paloauton, joka olisi j\u00e4rjestyksess\u00e4 yhdistyksen nelj\u00e4s auto. Se kolmas, ven\u00e4l\u00e4isvalmisteinen GAZ, oli tullut tiens\u00e4 p\u00e4\u00e4h\u00e4n. Yhdistyksen kokous p\u00e4\u00e4tti hankkia l\u00e4nsimaisen auton ja p\u00e4\u00e4tyi Mercedes-Benziin. Kyseess\u00e4 oli uunituore [&hellip;]","og_url":"https:\/\/museopaloautoyhdistys.fi\/?page_id=204","og_site_name":"Satakunnan Museopaloautoyhdistys","article_modified_time":"2026-01-08T19:37:02+00:00","og_image":[{"width":1600,"height":1200,"url":"https:\/\/museopaloautoyhdistys.fi\/wp-content\/uploads\/2025\/06\/1967-Mercedes-Benz-Suttilan-VPK_2025-1.jpg","type":"image\/jpeg"}],"twitter_card":"summary_large_image","twitter_misc":{"Arvioitu lukuaika":"2 minuuttia"},"schema":{"@context":"https:\/\/schema.org","@graph":[{"@type":"WebPage","@id":"https:\/\/museopaloautoyhdistys.fi\/?page_id=204","url":"https:\/\/museopaloautoyhdistys.fi\/?page_id=204","name":"Mercedes-Benz L408 Kasten, 1967 - Satakunnan Museopaloautoyhdistys","isPartOf":{"@id":"https:\/\/museopaloautoyhdistys.fi\/#website"},"primaryImageOfPage":{"@id":"https:\/\/museopaloautoyhdistys.fi\/?page_id=204#primaryimage"},"image":{"@id":"https:\/\/museopaloautoyhdistys.fi\/?page_id=204#primaryimage"},"thumbnailUrl":"https:\/\/museopaloautoyhdistys.fi\/wp-content\/uploads\/2025\/06\/1967-Mercedes-Benz-Suttilan-VPK_2025-1-1024x768.jpg","datePublished":"2025-06-30T13:44:57+00:00","dateModified":"2026-01-08T19:37:02+00:00","breadcrumb":{"@id":"https:\/\/museopaloautoyhdistys.fi\/?page_id=204#breadcrumb"},"inLanguage":"fi","potentialAction":[{"@type":"ReadAction","target":["https:\/\/museopaloautoyhdistys.fi\/?page_id=204"]}]},{"@type":"ImageObject","inLanguage":"fi","@id":"https:\/\/museopaloautoyhdistys.fi\/?page_id=204#primaryimage","url":"https:\/\/museopaloautoyhdistys.fi\/wp-content\/uploads\/2025\/06\/1967-Mercedes-Benz-Suttilan-VPK_2025-1.jpg","contentUrl":"https:\/\/museopaloautoyhdistys.fi\/wp-content\/uploads\/2025\/06\/1967-Mercedes-Benz-Suttilan-VPK_2025-1.jpg","width":1600,"height":1200},{"@type":"BreadcrumbList","@id":"https:\/\/museopaloautoyhdistys.fi\/?page_id=204#breadcrumb","itemListElement":[{"@type":"ListItem","position":1,"name":"Home","item":"https:\/\/museopaloautoyhdistys.fi\/"},{"@type":"ListItem","position":2,"name":"Museopaloautot","item":"https:\/\/museopaloautoyhdistys.fi\/?page_id=37"},{"@type":"ListItem","position":3,"name":"Mercedes-Benz L408 Kasten, 1967"}]},{"@type":"WebSite","@id":"https:\/\/museopaloautoyhdistys.fi\/#website","url":"https:\/\/museopaloautoyhdistys.fi\/","name":"Satakunnan Museopaloautoyhdistys","description":"","potentialAction":[{"@type":"SearchAction","target":{"@type":"EntryPoint","urlTemplate":"https:\/\/museopaloautoyhdistys.fi\/?s={search_term_string}"},"query-input":{"@type":"PropertyValueSpecification","valueRequired":true,"valueName":"search_term_string"}}],"inLanguage":"fi"}]}},"_links":{"self":[{"href":"https:\/\/museopaloautoyhdistys.fi\/index.php?rest_route=\/wp\/v2\/pages\/204","targetHints":{"allow":["GET"]}}],"collection":[{"href":"https:\/\/museopaloautoyhdistys.fi\/index.php?rest_route=\/wp\/v2\/pages"}],"about":[{"href":"https:\/\/museopaloautoyhdistys.fi\/index.php?rest_route=\/wp\/v2\/types\/page"}],"author":[{"embeddable":true,"href":"https:\/\/museopaloautoyhdistys.fi\/index.php?rest_route=\/wp\/v2\/users\/1"}],"replies":[{"embeddable":true,"href":"https:\/\/museopaloautoyhdistys.fi\/index.php?rest_route=%2Fwp%2Fv2%2Fcomments&post=204"}],"version-history":[{"count":2,"href":"https:\/\/museopaloautoyhdistys.fi\/index.php?rest_route=\/wp\/v2\/pages\/204\/revisions"}],"predecessor-version":[{"id":210,"href":"https:\/\/museopaloautoyhdistys.fi\/index.php?rest_route=\/wp\/v2\/pages\/204\/revisions\/210"}],"up":[{"embeddable":true,"href":"https:\/\/museopaloautoyhdistys.fi\/index.php?rest_route=\/wp\/v2\/pages\/37"}],"wp:attachment":[{"href":"https:\/\/museopaloautoyhdistys.fi\/index.php?rest_route=%2Fwp%2Fv2%2Fmedia&parent=204"}],"curies":[{"name":"wp","href":"https:\/\/api.w.org\/{rel}","templated":true}]}}