{"id":180,"date":"2025-02-24T08:09:01","date_gmt":"2025-02-24T08:09:01","guid":{"rendered":"https:\/\/museopaloautoyhdistys.fi\/?page_id=180"},"modified":"2026-01-08T19:37:01","modified_gmt":"2026-01-08T19:37:01","slug":"ford-f-600-m-1966-alusta-vm-1964","status":"publish","type":"page","link":"https:\/\/museopaloautoyhdistys.fi\/?page_id=180","title":{"rendered":"Ford F 600 m. 1966 (alusta vm. 1964)"},"content":{"rendered":"\n<div class=\"wp-block-media-text is-stacked-on-mobile\"><figure class=\"wp-block-media-text__media\"><img loading=\"lazy\" decoding=\"async\" width=\"1024\" height=\"681\" src=\"https:\/\/museopaloautoyhdistys.fi\/wp-content\/uploads\/2025\/02\/FordF600Karvia1-1024x681.jpg\" alt=\"\" class=\"wp-image-181 size-full\" srcset=\"https:\/\/museopaloautoyhdistys.fi\/wp-content\/uploads\/2025\/02\/FordF600Karvia1-1024x681.jpg 1024w, https:\/\/museopaloautoyhdistys.fi\/wp-content\/uploads\/2025\/02\/FordF600Karvia1-300x199.jpg 300w, https:\/\/museopaloautoyhdistys.fi\/wp-content\/uploads\/2025\/02\/FordF600Karvia1-768x511.jpg 768w, https:\/\/museopaloautoyhdistys.fi\/wp-content\/uploads\/2025\/02\/FordF600Karvia1-1536x1021.jpg 1536w, https:\/\/museopaloautoyhdistys.fi\/wp-content\/uploads\/2025\/02\/FordF600Karvia1-2048x1362.jpg 2048w\" sizes=\"auto, (max-width: 1024px) 100vw, 1024px\" \/><\/figure><div class=\"wp-block-media-text__content\">\n<p class=\"has-roboto-font-family has-extra-small-font-size\"><strong>MERKKI, MALLI, VUOSIMALLI<\/strong><br>Ford F 600, vm. 1966<br><strong>REKISTERINUMERO<\/strong><br>EGZ-28<br><strong>ALUSTAN VALMISTAJA<\/strong><br>Ford Motor Company, USA, (kokoonpano Iso-Britanniassa)<br><strong>KORITY\u00d6T<\/strong><br>K. Nummela Oy, Turku<br><strong>PUMPPU<\/strong><br>Veljekset Kulmala Oy, Helsinki<br><strong>KUNTO<\/strong><br>Hyv\u00e4<br><strong>OMISTAJA<\/strong><br>Karvian VPK ry<\/p>\n<\/div><\/div>\n\n\n\n<p class=\"has-roboto-font-family has-extra-small-font-size\">Vakuutusyhti\u00f6n sinnikk\u00e4\u00e4n ja pitk\u00e4aikaisen Vuoden 1966 Ford F 600-mallit kuuluivat nelj\u00e4nnen sukupolven F-sarjalaisiin, joita valmistettiin 1961-1966. N\u00e4m\u00e4 ja viidennen sukupolven F-sarjalaiset (1967-1979) olivat Suomessa suosittuja paloautojen alustoja.<\/p>\n\n\n\n<p class=\"has-roboto-font-family has-extra-small-font-size\">Karvian kunta hankki auton vuonna 1966. Nyky\u00e4\u00e4n museopaloautona olevan Fordin keulalla on 160-hevosvoimainen (SAE) ja 5,7-litrainen V-8-bensiinimoottori. 1960-luvun tyyliin autossa on istuimet 1+7 henkil\u00f6lle.<br>Kority\u00f6t teetettiin K. Nummela Oy:ss\u00e4 Turussa, jossa siihen asennettiin 2000 litran vetoinen vesis\u00e4ili\u00f6 ja Veljekset Kulmala Oy:n valmistama nokkapumppu (2500 l\/min).<\/p>\n\n\n\n<p class=\"has-roboto-font-family has-extra-small-font-size\">Karvian kunta varusti Fordin ajanmukaisella armatuuri-, raivaus- ja letkukalustolla. Irtoruiskuina on auton historian aikana ollut sek\u00e4 K\u00e4\u00e4pi\u00f6-Esa ett\u00e4 Esa 20.<\/p>\n\n\n\n<p class=\"has-roboto-font-family has-extra-small-font-size\">1970-luvun taitteessa auton varustukseen hankittiin VHF-radio sek\u00e4 kaksi paineilmalaitetta, ja muutama vuosi my\u00f6hemmin toiset kaksi. Auton vesis\u00e4ili\u00f6n ja runsaan kaluston vuoksi kokonaismassaksi tuli 9000 kg.<br>Menovett\u00e4 Ford kulutti nykymittapuun mukaan reippaasti, yli 20 litraa sadalla. Tehostamaton ohjaus ja Esa 20 kalustotilassa taka-akselin takana tekiv\u00e4t Fordista vaativan ajettavan. Vuonna 1982 harjoituksiin menness\u00e4 auto suistui ojaan ja k\u00e4rsi merkitt\u00e4v\u00e4t vauriot. T\u00e4n\u00e4\u00e4n Ford on erinomaisessa kunnossa.<\/p>\n\n\n\n<p class=\"has-roboto-font-family has-extra-small-font-size\">Ford F 600 siirtyi Karvian VPK:n omistukseen 1990-luvun alussa. Tuolloin mittarissa oli vajaat 27000 mailia.<\/p>\n","protected":false},"excerpt":{"rendered":"<p>MERKKI, MALLI, VUOSIMALLIFord F 600, vm. 1966REKISTERINUMEROEGZ-28ALUSTAN VALMISTAJAFord Motor Company, USA, (kokoonpano Iso-Britanniassa)KORITY\u00d6TK. Nummela Oy, TurkuPUMPPUVeljekset Kulmala Oy, HelsinkiKUNTOHyv\u00e4OMISTAJAKarvian VPK ry Vakuutusyhti\u00f6n sinnikk\u00e4\u00e4n ja pitk\u00e4aikaisen Vuoden 1966 Ford F 600-mallit kuuluivat nelj\u00e4nnen sukupolven F-sarjalaisiin, joita valmistettiin 1961-1966. N\u00e4m\u00e4 ja viidennen sukupolven F-sarjalaiset (1967-1979) olivat Suomessa suosittuja paloautojen alustoja. Karvian kunta hankki auton vuonna 1966. Nyky\u00e4\u00e4n [&hellip;]<\/p>\n","protected":false},"author":1,"featured_media":0,"parent":37,"menu_order":0,"comment_status":"closed","ping_status":"closed","template":"","meta":{"_monsterinsights_skip_tracking":false,"_monsterinsights_sitenote_active":false,"_monsterinsights_sitenote_note":"","_monsterinsights_sitenote_category":0,"footnotes":""},"class_list":["post-180","page","type-page","status-publish","hentry"],"yoast_head":"<!-- This site is optimized with the Yoast SEO plugin v27.4 - https:\/\/yoast.com\/product\/yoast-seo-wordpress\/ -->\n<title>Ford F 600 m. 1966 (alusta vm. 1964) - Satakunnan Museopaloautoyhdistys<\/title>\n<meta name=\"robots\" content=\"index, follow, max-snippet:-1, max-image-preview:large, max-video-preview:-1\" \/>\n<link rel=\"canonical\" href=\"https:\/\/museopaloautoyhdistys.fi\/?page_id=180\" \/>\n<meta property=\"og:locale\" content=\"fi_FI\" \/>\n<meta property=\"og:type\" content=\"article\" \/>\n<meta property=\"og:title\" content=\"Ford F 600 m. 1966 (alusta vm. 1964) - Satakunnan Museopaloautoyhdistys\" \/>\n<meta property=\"og:description\" content=\"MERKKI, MALLI, VUOSIMALLIFord F 600, vm. 1966REKISTERINUMEROEGZ-28ALUSTAN VALMISTAJAFord Motor Company, USA, (kokoonpano Iso-Britanniassa)KORITY\u00d6TK. Nummela Oy, TurkuPUMPPUVeljekset Kulmala Oy, HelsinkiKUNTOHyv\u00e4OMISTAJAKarvian VPK ry Vakuutusyhti\u00f6n sinnikk\u00e4\u00e4n ja pitk\u00e4aikaisen Vuoden 1966 Ford F 600-mallit kuuluivat nelj\u00e4nnen sukupolven F-sarjalaisiin, joita valmistettiin 1961-1966. N\u00e4m\u00e4 ja viidennen sukupolven F-sarjalaiset (1967-1979) olivat Suomessa suosittuja paloautojen alustoja. Karvian kunta hankki auton vuonna 1966. Nyky\u00e4\u00e4n [&hellip;]\" \/>\n<meta property=\"og:url\" content=\"https:\/\/museopaloautoyhdistys.fi\/?page_id=180\" \/>\n<meta property=\"og:site_name\" content=\"Satakunnan Museopaloautoyhdistys\" \/>\n<meta property=\"article:modified_time\" content=\"2026-01-08T19:37:01+00:00\" \/>\n<meta property=\"og:image\" content=\"https:\/\/museopaloautoyhdistys.fi\/wp-content\/uploads\/2025\/02\/FordF600Karvia1-scaled.jpg\" \/>\n\t<meta property=\"og:image:width\" content=\"2560\" \/>\n\t<meta property=\"og:image:height\" content=\"1702\" \/>\n\t<meta property=\"og:image:type\" content=\"image\/jpeg\" \/>\n<meta name=\"twitter:card\" content=\"summary_large_image\" \/>\n<meta name=\"twitter:label1\" content=\"Arvioitu lukuaika\" \/>\n\t<meta name=\"twitter:data1\" content=\"2 minuuttia\" \/>\n<script type=\"application\/ld+json\" class=\"yoast-schema-graph\">{\"@context\":\"https:\\\/\\\/schema.org\",\"@graph\":[{\"@type\":\"WebPage\",\"@id\":\"https:\\\/\\\/museopaloautoyhdistys.fi\\\/?page_id=180\",\"url\":\"https:\\\/\\\/museopaloautoyhdistys.fi\\\/?page_id=180\",\"name\":\"Ford F 600 m. 1966 (alusta vm. 1964) - Satakunnan Museopaloautoyhdistys\",\"isPartOf\":{\"@id\":\"https:\\\/\\\/museopaloautoyhdistys.fi\\\/#website\"},\"primaryImageOfPage\":{\"@id\":\"https:\\\/\\\/museopaloautoyhdistys.fi\\\/?page_id=180#primaryimage\"},\"image\":{\"@id\":\"https:\\\/\\\/museopaloautoyhdistys.fi\\\/?page_id=180#primaryimage\"},\"thumbnailUrl\":\"https:\\\/\\\/museopaloautoyhdistys.fi\\\/wp-content\\\/uploads\\\/2025\\\/02\\\/FordF600Karvia1-1024x681.jpg\",\"datePublished\":\"2025-02-24T08:09:01+00:00\",\"dateModified\":\"2026-01-08T19:37:01+00:00\",\"breadcrumb\":{\"@id\":\"https:\\\/\\\/museopaloautoyhdistys.fi\\\/?page_id=180#breadcrumb\"},\"inLanguage\":\"fi\",\"potentialAction\":[{\"@type\":\"ReadAction\",\"target\":[\"https:\\\/\\\/museopaloautoyhdistys.fi\\\/?page_id=180\"]}]},{\"@type\":\"ImageObject\",\"inLanguage\":\"fi\",\"@id\":\"https:\\\/\\\/museopaloautoyhdistys.fi\\\/?page_id=180#primaryimage\",\"url\":\"https:\\\/\\\/museopaloautoyhdistys.fi\\\/wp-content\\\/uploads\\\/2025\\\/02\\\/FordF600Karvia1-scaled.jpg\",\"contentUrl\":\"https:\\\/\\\/museopaloautoyhdistys.fi\\\/wp-content\\\/uploads\\\/2025\\\/02\\\/FordF600Karvia1-scaled.jpg\",\"width\":2560,\"height\":1702},{\"@type\":\"BreadcrumbList\",\"@id\":\"https:\\\/\\\/museopaloautoyhdistys.fi\\\/?page_id=180#breadcrumb\",\"itemListElement\":[{\"@type\":\"ListItem\",\"position\":1,\"name\":\"Home\",\"item\":\"https:\\\/\\\/museopaloautoyhdistys.fi\\\/\"},{\"@type\":\"ListItem\",\"position\":2,\"name\":\"Museopaloautot\",\"item\":\"https:\\\/\\\/museopaloautoyhdistys.fi\\\/?page_id=37\"},{\"@type\":\"ListItem\",\"position\":3,\"name\":\"Ford F 600 m. 1966 (alusta vm. 1964)\"}]},{\"@type\":\"WebSite\",\"@id\":\"https:\\\/\\\/museopaloautoyhdistys.fi\\\/#website\",\"url\":\"https:\\\/\\\/museopaloautoyhdistys.fi\\\/\",\"name\":\"Satakunnan Museopaloautoyhdistys\",\"description\":\"\",\"potentialAction\":[{\"@type\":\"SearchAction\",\"target\":{\"@type\":\"EntryPoint\",\"urlTemplate\":\"https:\\\/\\\/museopaloautoyhdistys.fi\\\/?s={search_term_string}\"},\"query-input\":{\"@type\":\"PropertyValueSpecification\",\"valueRequired\":true,\"valueName\":\"search_term_string\"}}],\"inLanguage\":\"fi\"}]}<\/script>\n<!-- \/ Yoast SEO plugin. -->","yoast_head_json":{"title":"Ford F 600 m. 1966 (alusta vm. 1964) - Satakunnan Museopaloautoyhdistys","robots":{"index":"index","follow":"follow","max-snippet":"max-snippet:-1","max-image-preview":"max-image-preview:large","max-video-preview":"max-video-preview:-1"},"canonical":"https:\/\/museopaloautoyhdistys.fi\/?page_id=180","og_locale":"fi_FI","og_type":"article","og_title":"Ford F 600 m. 1966 (alusta vm. 1964) - Satakunnan Museopaloautoyhdistys","og_description":"MERKKI, MALLI, VUOSIMALLIFord F 600, vm. 1966REKISTERINUMEROEGZ-28ALUSTAN VALMISTAJAFord Motor Company, USA, (kokoonpano Iso-Britanniassa)KORITY\u00d6TK. Nummela Oy, TurkuPUMPPUVeljekset Kulmala Oy, HelsinkiKUNTOHyv\u00e4OMISTAJAKarvian VPK ry Vakuutusyhti\u00f6n sinnikk\u00e4\u00e4n ja pitk\u00e4aikaisen Vuoden 1966 Ford F 600-mallit kuuluivat nelj\u00e4nnen sukupolven F-sarjalaisiin, joita valmistettiin 1961-1966. N\u00e4m\u00e4 ja viidennen sukupolven F-sarjalaiset (1967-1979) olivat Suomessa suosittuja paloautojen alustoja. Karvian kunta hankki auton vuonna 1966. Nyky\u00e4\u00e4n [&hellip;]","og_url":"https:\/\/museopaloautoyhdistys.fi\/?page_id=180","og_site_name":"Satakunnan Museopaloautoyhdistys","article_modified_time":"2026-01-08T19:37:01+00:00","og_image":[{"width":2560,"height":1702,"url":"https:\/\/museopaloautoyhdistys.fi\/wp-content\/uploads\/2025\/02\/FordF600Karvia1-scaled.jpg","type":"image\/jpeg"}],"twitter_card":"summary_large_image","twitter_misc":{"Arvioitu lukuaika":"2 minuuttia"},"schema":{"@context":"https:\/\/schema.org","@graph":[{"@type":"WebPage","@id":"https:\/\/museopaloautoyhdistys.fi\/?page_id=180","url":"https:\/\/museopaloautoyhdistys.fi\/?page_id=180","name":"Ford F 600 m. 1966 (alusta vm. 1964) - Satakunnan Museopaloautoyhdistys","isPartOf":{"@id":"https:\/\/museopaloautoyhdistys.fi\/#website"},"primaryImageOfPage":{"@id":"https:\/\/museopaloautoyhdistys.fi\/?page_id=180#primaryimage"},"image":{"@id":"https:\/\/museopaloautoyhdistys.fi\/?page_id=180#primaryimage"},"thumbnailUrl":"https:\/\/museopaloautoyhdistys.fi\/wp-content\/uploads\/2025\/02\/FordF600Karvia1-1024x681.jpg","datePublished":"2025-02-24T08:09:01+00:00","dateModified":"2026-01-08T19:37:01+00:00","breadcrumb":{"@id":"https:\/\/museopaloautoyhdistys.fi\/?page_id=180#breadcrumb"},"inLanguage":"fi","potentialAction":[{"@type":"ReadAction","target":["https:\/\/museopaloautoyhdistys.fi\/?page_id=180"]}]},{"@type":"ImageObject","inLanguage":"fi","@id":"https:\/\/museopaloautoyhdistys.fi\/?page_id=180#primaryimage","url":"https:\/\/museopaloautoyhdistys.fi\/wp-content\/uploads\/2025\/02\/FordF600Karvia1-scaled.jpg","contentUrl":"https:\/\/museopaloautoyhdistys.fi\/wp-content\/uploads\/2025\/02\/FordF600Karvia1-scaled.jpg","width":2560,"height":1702},{"@type":"BreadcrumbList","@id":"https:\/\/museopaloautoyhdistys.fi\/?page_id=180#breadcrumb","itemListElement":[{"@type":"ListItem","position":1,"name":"Home","item":"https:\/\/museopaloautoyhdistys.fi\/"},{"@type":"ListItem","position":2,"name":"Museopaloautot","item":"https:\/\/museopaloautoyhdistys.fi\/?page_id=37"},{"@type":"ListItem","position":3,"name":"Ford F 600 m. 1966 (alusta vm. 1964)"}]},{"@type":"WebSite","@id":"https:\/\/museopaloautoyhdistys.fi\/#website","url":"https:\/\/museopaloautoyhdistys.fi\/","name":"Satakunnan Museopaloautoyhdistys","description":"","potentialAction":[{"@type":"SearchAction","target":{"@type":"EntryPoint","urlTemplate":"https:\/\/museopaloautoyhdistys.fi\/?s={search_term_string}"},"query-input":{"@type":"PropertyValueSpecification","valueRequired":true,"valueName":"search_term_string"}}],"inLanguage":"fi"}]}},"_links":{"self":[{"href":"https:\/\/museopaloautoyhdistys.fi\/index.php?rest_route=\/wp\/v2\/pages\/180","targetHints":{"allow":["GET"]}}],"collection":[{"href":"https:\/\/museopaloautoyhdistys.fi\/index.php?rest_route=\/wp\/v2\/pages"}],"about":[{"href":"https:\/\/museopaloautoyhdistys.fi\/index.php?rest_route=\/wp\/v2\/types\/page"}],"author":[{"embeddable":true,"href":"https:\/\/museopaloautoyhdistys.fi\/index.php?rest_route=\/wp\/v2\/users\/1"}],"replies":[{"embeddable":true,"href":"https:\/\/museopaloautoyhdistys.fi\/index.php?rest_route=%2Fwp%2Fv2%2Fcomments&post=180"}],"version-history":[{"count":2,"href":"https:\/\/museopaloautoyhdistys.fi\/index.php?rest_route=\/wp\/v2\/pages\/180\/revisions"}],"predecessor-version":[{"id":254,"href":"https:\/\/museopaloautoyhdistys.fi\/index.php?rest_route=\/wp\/v2\/pages\/180\/revisions\/254"}],"up":[{"embeddable":true,"href":"https:\/\/museopaloautoyhdistys.fi\/index.php?rest_route=\/wp\/v2\/pages\/37"}],"wp:attachment":[{"href":"https:\/\/museopaloautoyhdistys.fi\/index.php?rest_route=%2Fwp%2Fv2%2Fmedia&parent=180"}],"curies":[{"name":"wp","href":"https:\/\/api.w.org\/{rel}","templated":true}]}}