{"id":146,"date":"2024-12-17T07:47:28","date_gmt":"2024-12-17T07:47:28","guid":{"rendered":"https:\/\/museopaloautoyhdistys.fi\/?page_id=146"},"modified":"2026-01-08T19:37:01","modified_gmt":"2026-01-08T19:37:01","slug":"ford-f-600-ev-503","status":"publish","type":"page","link":"https:\/\/museopaloautoyhdistys.fi\/?page_id=146","title":{"rendered":"FORD F-600 EV-503"},"content":{"rendered":"\n<div class=\"wp-block-media-text is-stacked-on-mobile\"><figure class=\"wp-block-media-text__media\"><img loading=\"lazy\" decoding=\"async\" width=\"1024\" height=\"731\" src=\"https:\/\/museopaloautoyhdistys.fi\/wp-content\/uploads\/2024\/12\/1959-Ford-F-600-Lavia-Lauren-Pekka_Esittely-1024x731.jpg\" alt=\"\" class=\"wp-image-147 size-full\" srcset=\"https:\/\/museopaloautoyhdistys.fi\/wp-content\/uploads\/2024\/12\/1959-Ford-F-600-Lavia-Lauren-Pekka_Esittely-1024x731.jpg 1024w, https:\/\/museopaloautoyhdistys.fi\/wp-content\/uploads\/2024\/12\/1959-Ford-F-600-Lavia-Lauren-Pekka_Esittely-300x214.jpg 300w, https:\/\/museopaloautoyhdistys.fi\/wp-content\/uploads\/2024\/12\/1959-Ford-F-600-Lavia-Lauren-Pekka_Esittely-768x549.jpg 768w, https:\/\/museopaloautoyhdistys.fi\/wp-content\/uploads\/2024\/12\/1959-Ford-F-600-Lavia-Lauren-Pekka_Esittely-1536x1097.jpg 1536w, https:\/\/museopaloautoyhdistys.fi\/wp-content\/uploads\/2024\/12\/1959-Ford-F-600-Lavia-Lauren-Pekka_Esittely-2048x1463.jpg 2048w\" sizes=\"auto, (max-width: 1024px) 100vw, 1024px\" \/><\/figure><div class=\"wp-block-media-text__content\">\n<p class=\"has-roboto-font-family has-extra-small-font-size\"><strong><strong>MERKKI, MALLI, VUOSIMALLI<\/strong><\/strong><br>Ford F-600, 1959<br><strong>REKISTERINUMERO<\/strong><br>EV-503<br><strong>VALMISTAJA<\/strong><br>Ford, USA<br><strong>KORITY\u00d6T<\/strong><br>Autokori- ja Palokalustotehdas K. Nummela Oy, Kaarina<br><strong>KUNTO<\/strong><br>Hyv\u00e4, k\u00e4yt\u00f6n j\u00e4ljet n\u00e4kyviss\u00e4<br><strong>OMISTAJA<\/strong><br>Pekka Laur\u00e9n, 0500260685<br>pekkaajlauren@gmail.com<\/p>\n<\/div><\/div>\n\n\n\n<p class=\"has-roboto-font-family has-extra-small-font-size\">Lavian palotoimessa elettiin 1950-luvun lopulla voimakkaan kehityksen aikaa. VPK esitti kunnalle sek\u00e4 uuden paloaseman ett\u00e4 uuden modernin s\u00e4ili\u00f6paloauton hankkimista. Molemmat vaatimukset tehokkaan palotoimen hoitamiseksi otettiin kunnassa pienen k\u00e4denv\u00e4\u00e4nn\u00f6n j\u00e4lkeen tosissaan.<\/p>\n\n\n\n<p class=\"has-roboto-font-family has-extra-small-font-size\">Uusi paloasema ja uusi s\u00e4ili\u00f6sammutusauto otettiin k\u00e4ytt\u00f6\u00f6n vuonna 1959.<\/p>\n\n\n\n<p class=\"has-roboto-font-family has-extra-small-font-size\">Auton alustaksi valikoitui amerikkalainen Ford F-600. Kority\u00f6t teki K. Nummela Oy:n koritehdas Kaarinassa. Autonhankintatoimikunnan reissuista ovat aikalaiset kertoneet vauhdikkaita kertomuksia.<br>Auto on rekister\u00f6ity 1+9 hengelle. Siin\u00e4 on matalapainepumppu tuotoltaan 2500 litraa minuutissa sek\u00e4 80 barin korkeapainepumppu letkukelalla. Moottorina on j\u00e4lkiasennettu bensapihi 3,9 litrainen V8. Vesis\u00e4ili\u00f6 on 1500 litraa. Auto oli hankittaessa kaksiv\u00e4rinen; yl\u00e4osa valkoinen ja ikkunalinjan alapuolelta punainen.<br>Ford oli ykk\u00f6ssammutusautona vuodet 1959\u20131974 ja kakkosena 1974\u20131990. Sen j\u00e4lkeen se oli muun muassa nuoriso-osaston harjoitusk\u00e4yt\u00f6ss\u00e4 vuoteen 1999.<\/p>\n\n\n\n<p class=\"has-roboto-font-family has-extra-small-font-size\">Vuonna 1999 Lavian VPK oli pakotettu luopumaan autosta paloaseman tilapuutteen vuoksi, ja uudeksi omistajaksi tuli yhdistyksen j\u00e4sen Pekka Laur\u00e9n.<\/p>\n\n\n\n<p class=\"has-roboto-font-family has-extra-small-font-size\">Auto on nyky\u00e4\u00e4n p\u00e4\u00e4s\u00e4\u00e4nt\u00f6isesti alkuper\u00e4isess\u00e4 kunnossa muutamia vuosien varrella tehtyj\u00e4 muutost\u00f6it\u00e4 lukuun ottamatta. Auton museokatsastuksesta on suunnitelmat olemassa ja ehk\u00e4 ne toteutuvatkin l\u00e4hiaikoina. T\u00e4ll\u00e4 hetkell\u00e4 tavallinen katsastus on voimassa elokuulle 2025.<br>Ajokuntoinen Ford on s\u00e4ilytyksess\u00e4 kuivassa ja l\u00e4mpim\u00e4ss\u00e4 tilassa Laviassa.<br><\/p>\n","protected":false},"excerpt":{"rendered":"<p>MERKKI, MALLI, VUOSIMALLIFord F-600, 1959REKISTERINUMEROEV-503VALMISTAJAFord, USAKORITY\u00d6TAutokori- ja Palokalustotehdas K. Nummela Oy, KaarinaKUNTOHyv\u00e4, k\u00e4yt\u00f6n j\u00e4ljet n\u00e4kyviss\u00e4OMISTAJAPekka Laur\u00e9n, 0500260685pekkaajlauren@gmail.com Lavian palotoimessa elettiin 1950-luvun lopulla voimakkaan kehityksen aikaa. VPK esitti kunnalle sek\u00e4 uuden paloaseman ett\u00e4 uuden modernin s\u00e4ili\u00f6paloauton hankkimista. Molemmat vaatimukset tehokkaan palotoimen hoitamiseksi otettiin kunnassa pienen k\u00e4denv\u00e4\u00e4nn\u00f6n j\u00e4lkeen tosissaan. Uusi paloasema ja uusi s\u00e4ili\u00f6sammutusauto otettiin k\u00e4ytt\u00f6\u00f6n vuonna [&hellip;]<\/p>\n","protected":false},"author":1,"featured_media":0,"parent":37,"menu_order":0,"comment_status":"closed","ping_status":"closed","template":"","meta":{"_monsterinsights_skip_tracking":false,"_monsterinsights_sitenote_active":false,"_monsterinsights_sitenote_note":"","_monsterinsights_sitenote_category":0,"footnotes":""},"class_list":["post-146","page","type-page","status-publish","hentry"],"yoast_head":"<!-- This site is optimized with the Yoast SEO plugin v27.4 - https:\/\/yoast.com\/product\/yoast-seo-wordpress\/ -->\n<title>FORD F-600 EV-503 - Satakunnan Museopaloautoyhdistys<\/title>\n<meta name=\"robots\" content=\"index, follow, max-snippet:-1, max-image-preview:large, max-video-preview:-1\" \/>\n<link rel=\"canonical\" href=\"https:\/\/museopaloautoyhdistys.fi\/?page_id=146\" \/>\n<meta property=\"og:locale\" content=\"fi_FI\" \/>\n<meta property=\"og:type\" content=\"article\" \/>\n<meta property=\"og:title\" content=\"FORD F-600 EV-503 - Satakunnan Museopaloautoyhdistys\" \/>\n<meta property=\"og:description\" content=\"MERKKI, MALLI, VUOSIMALLIFord F-600, 1959REKISTERINUMEROEV-503VALMISTAJAFord, USAKORITY\u00d6TAutokori- ja Palokalustotehdas K. Nummela Oy, KaarinaKUNTOHyv\u00e4, k\u00e4yt\u00f6n j\u00e4ljet n\u00e4kyviss\u00e4OMISTAJAPekka Laur\u00e9n, 0500260685pekkaajlauren@gmail.com Lavian palotoimessa elettiin 1950-luvun lopulla voimakkaan kehityksen aikaa. VPK esitti kunnalle sek\u00e4 uuden paloaseman ett\u00e4 uuden modernin s\u00e4ili\u00f6paloauton hankkimista. Molemmat vaatimukset tehokkaan palotoimen hoitamiseksi otettiin kunnassa pienen k\u00e4denv\u00e4\u00e4nn\u00f6n j\u00e4lkeen tosissaan. Uusi paloasema ja uusi s\u00e4ili\u00f6sammutusauto otettiin k\u00e4ytt\u00f6\u00f6n vuonna [&hellip;]\" \/>\n<meta property=\"og:url\" content=\"https:\/\/museopaloautoyhdistys.fi\/?page_id=146\" \/>\n<meta property=\"og:site_name\" content=\"Satakunnan Museopaloautoyhdistys\" \/>\n<meta property=\"article:modified_time\" content=\"2026-01-08T19:37:01+00:00\" \/>\n<meta property=\"og:image\" content=\"https:\/\/museopaloautoyhdistys.fi\/wp-content\/uploads\/2024\/12\/1959-Ford-F-600-Lavia-Lauren-Pekka_Esittely-1024x731.jpg\" \/>\n\t<meta property=\"og:image:width\" content=\"1024\" \/>\n\t<meta property=\"og:image:height\" content=\"731\" \/>\n\t<meta property=\"og:image:type\" content=\"image\/jpeg\" \/>\n<meta name=\"twitter:card\" content=\"summary_large_image\" \/>\n<meta name=\"twitter:label1\" content=\"Arvioitu lukuaika\" \/>\n\t<meta name=\"twitter:data1\" content=\"2 minuuttia\" \/>\n<script type=\"application\/ld+json\" class=\"yoast-schema-graph\">{\"@context\":\"https:\\\/\\\/schema.org\",\"@graph\":[{\"@type\":\"WebPage\",\"@id\":\"https:\\\/\\\/museopaloautoyhdistys.fi\\\/?page_id=146\",\"url\":\"https:\\\/\\\/museopaloautoyhdistys.fi\\\/?page_id=146\",\"name\":\"FORD F-600 EV-503 - Satakunnan Museopaloautoyhdistys\",\"isPartOf\":{\"@id\":\"https:\\\/\\\/museopaloautoyhdistys.fi\\\/#website\"},\"primaryImageOfPage\":{\"@id\":\"https:\\\/\\\/museopaloautoyhdistys.fi\\\/?page_id=146#primaryimage\"},\"image\":{\"@id\":\"https:\\\/\\\/museopaloautoyhdistys.fi\\\/?page_id=146#primaryimage\"},\"thumbnailUrl\":\"https:\\\/\\\/museopaloautoyhdistys.fi\\\/wp-content\\\/uploads\\\/2024\\\/12\\\/1959-Ford-F-600-Lavia-Lauren-Pekka_Esittely-1024x731.jpg\",\"datePublished\":\"2024-12-17T07:47:28+00:00\",\"dateModified\":\"2026-01-08T19:37:01+00:00\",\"breadcrumb\":{\"@id\":\"https:\\\/\\\/museopaloautoyhdistys.fi\\\/?page_id=146#breadcrumb\"},\"inLanguage\":\"fi\",\"potentialAction\":[{\"@type\":\"ReadAction\",\"target\":[\"https:\\\/\\\/museopaloautoyhdistys.fi\\\/?page_id=146\"]}]},{\"@type\":\"ImageObject\",\"inLanguage\":\"fi\",\"@id\":\"https:\\\/\\\/museopaloautoyhdistys.fi\\\/?page_id=146#primaryimage\",\"url\":\"https:\\\/\\\/museopaloautoyhdistys.fi\\\/wp-content\\\/uploads\\\/2024\\\/12\\\/1959-Ford-F-600-Lavia-Lauren-Pekka_Esittely.jpg\",\"contentUrl\":\"https:\\\/\\\/museopaloautoyhdistys.fi\\\/wp-content\\\/uploads\\\/2024\\\/12\\\/1959-Ford-F-600-Lavia-Lauren-Pekka_Esittely.jpg\",\"width\":2481,\"height\":1772},{\"@type\":\"BreadcrumbList\",\"@id\":\"https:\\\/\\\/museopaloautoyhdistys.fi\\\/?page_id=146#breadcrumb\",\"itemListElement\":[{\"@type\":\"ListItem\",\"position\":1,\"name\":\"Home\",\"item\":\"https:\\\/\\\/museopaloautoyhdistys.fi\\\/\"},{\"@type\":\"ListItem\",\"position\":2,\"name\":\"Museopaloautot\",\"item\":\"https:\\\/\\\/museopaloautoyhdistys.fi\\\/?page_id=37\"},{\"@type\":\"ListItem\",\"position\":3,\"name\":\"FORD F-600 EV-503\"}]},{\"@type\":\"WebSite\",\"@id\":\"https:\\\/\\\/museopaloautoyhdistys.fi\\\/#website\",\"url\":\"https:\\\/\\\/museopaloautoyhdistys.fi\\\/\",\"name\":\"Satakunnan Museopaloautoyhdistys\",\"description\":\"\",\"potentialAction\":[{\"@type\":\"SearchAction\",\"target\":{\"@type\":\"EntryPoint\",\"urlTemplate\":\"https:\\\/\\\/museopaloautoyhdistys.fi\\\/?s={search_term_string}\"},\"query-input\":{\"@type\":\"PropertyValueSpecification\",\"valueRequired\":true,\"valueName\":\"search_term_string\"}}],\"inLanguage\":\"fi\"}]}<\/script>\n<!-- \/ Yoast SEO plugin. -->","yoast_head_json":{"title":"FORD F-600 EV-503 - Satakunnan Museopaloautoyhdistys","robots":{"index":"index","follow":"follow","max-snippet":"max-snippet:-1","max-image-preview":"max-image-preview:large","max-video-preview":"max-video-preview:-1"},"canonical":"https:\/\/museopaloautoyhdistys.fi\/?page_id=146","og_locale":"fi_FI","og_type":"article","og_title":"FORD F-600 EV-503 - Satakunnan Museopaloautoyhdistys","og_description":"MERKKI, MALLI, VUOSIMALLIFord F-600, 1959REKISTERINUMEROEV-503VALMISTAJAFord, USAKORITY\u00d6TAutokori- ja Palokalustotehdas K. Nummela Oy, KaarinaKUNTOHyv\u00e4, k\u00e4yt\u00f6n j\u00e4ljet n\u00e4kyviss\u00e4OMISTAJAPekka Laur\u00e9n, 0500260685pekkaajlauren@gmail.com Lavian palotoimessa elettiin 1950-luvun lopulla voimakkaan kehityksen aikaa. VPK esitti kunnalle sek\u00e4 uuden paloaseman ett\u00e4 uuden modernin s\u00e4ili\u00f6paloauton hankkimista. Molemmat vaatimukset tehokkaan palotoimen hoitamiseksi otettiin kunnassa pienen k\u00e4denv\u00e4\u00e4nn\u00f6n j\u00e4lkeen tosissaan. Uusi paloasema ja uusi s\u00e4ili\u00f6sammutusauto otettiin k\u00e4ytt\u00f6\u00f6n vuonna [&hellip;]","og_url":"https:\/\/museopaloautoyhdistys.fi\/?page_id=146","og_site_name":"Satakunnan Museopaloautoyhdistys","article_modified_time":"2026-01-08T19:37:01+00:00","og_image":[{"width":1024,"height":731,"url":"https:\/\/museopaloautoyhdistys.fi\/wp-content\/uploads\/2024\/12\/1959-Ford-F-600-Lavia-Lauren-Pekka_Esittely-1024x731.jpg","type":"image\/jpeg"}],"twitter_card":"summary_large_image","twitter_misc":{"Arvioitu lukuaika":"2 minuuttia"},"schema":{"@context":"https:\/\/schema.org","@graph":[{"@type":"WebPage","@id":"https:\/\/museopaloautoyhdistys.fi\/?page_id=146","url":"https:\/\/museopaloautoyhdistys.fi\/?page_id=146","name":"FORD F-600 EV-503 - Satakunnan Museopaloautoyhdistys","isPartOf":{"@id":"https:\/\/museopaloautoyhdistys.fi\/#website"},"primaryImageOfPage":{"@id":"https:\/\/museopaloautoyhdistys.fi\/?page_id=146#primaryimage"},"image":{"@id":"https:\/\/museopaloautoyhdistys.fi\/?page_id=146#primaryimage"},"thumbnailUrl":"https:\/\/museopaloautoyhdistys.fi\/wp-content\/uploads\/2024\/12\/1959-Ford-F-600-Lavia-Lauren-Pekka_Esittely-1024x731.jpg","datePublished":"2024-12-17T07:47:28+00:00","dateModified":"2026-01-08T19:37:01+00:00","breadcrumb":{"@id":"https:\/\/museopaloautoyhdistys.fi\/?page_id=146#breadcrumb"},"inLanguage":"fi","potentialAction":[{"@type":"ReadAction","target":["https:\/\/museopaloautoyhdistys.fi\/?page_id=146"]}]},{"@type":"ImageObject","inLanguage":"fi","@id":"https:\/\/museopaloautoyhdistys.fi\/?page_id=146#primaryimage","url":"https:\/\/museopaloautoyhdistys.fi\/wp-content\/uploads\/2024\/12\/1959-Ford-F-600-Lavia-Lauren-Pekka_Esittely.jpg","contentUrl":"https:\/\/museopaloautoyhdistys.fi\/wp-content\/uploads\/2024\/12\/1959-Ford-F-600-Lavia-Lauren-Pekka_Esittely.jpg","width":2481,"height":1772},{"@type":"BreadcrumbList","@id":"https:\/\/museopaloautoyhdistys.fi\/?page_id=146#breadcrumb","itemListElement":[{"@type":"ListItem","position":1,"name":"Home","item":"https:\/\/museopaloautoyhdistys.fi\/"},{"@type":"ListItem","position":2,"name":"Museopaloautot","item":"https:\/\/museopaloautoyhdistys.fi\/?page_id=37"},{"@type":"ListItem","position":3,"name":"FORD F-600 EV-503"}]},{"@type":"WebSite","@id":"https:\/\/museopaloautoyhdistys.fi\/#website","url":"https:\/\/museopaloautoyhdistys.fi\/","name":"Satakunnan Museopaloautoyhdistys","description":"","potentialAction":[{"@type":"SearchAction","target":{"@type":"EntryPoint","urlTemplate":"https:\/\/museopaloautoyhdistys.fi\/?s={search_term_string}"},"query-input":{"@type":"PropertyValueSpecification","valueRequired":true,"valueName":"search_term_string"}}],"inLanguage":"fi"}]}},"_links":{"self":[{"href":"https:\/\/museopaloautoyhdistys.fi\/index.php?rest_route=\/wp\/v2\/pages\/146","targetHints":{"allow":["GET"]}}],"collection":[{"href":"https:\/\/museopaloautoyhdistys.fi\/index.php?rest_route=\/wp\/v2\/pages"}],"about":[{"href":"https:\/\/museopaloautoyhdistys.fi\/index.php?rest_route=\/wp\/v2\/types\/page"}],"author":[{"embeddable":true,"href":"https:\/\/museopaloautoyhdistys.fi\/index.php?rest_route=\/wp\/v2\/users\/1"}],"replies":[{"embeddable":true,"href":"https:\/\/museopaloautoyhdistys.fi\/index.php?rest_route=%2Fwp%2Fv2%2Fcomments&post=146"}],"version-history":[{"count":2,"href":"https:\/\/museopaloautoyhdistys.fi\/index.php?rest_route=\/wp\/v2\/pages\/146\/revisions"}],"predecessor-version":[{"id":150,"href":"https:\/\/museopaloautoyhdistys.fi\/index.php?rest_route=\/wp\/v2\/pages\/146\/revisions\/150"}],"up":[{"embeddable":true,"href":"https:\/\/museopaloautoyhdistys.fi\/index.php?rest_route=\/wp\/v2\/pages\/37"}],"wp:attachment":[{"href":"https:\/\/museopaloautoyhdistys.fi\/index.php?rest_route=%2Fwp%2Fv2%2Fmedia&parent=146"}],"curies":[{"name":"wp","href":"https:\/\/api.w.org\/{rel}","templated":true}]}}